{"id":4756,"date":"2024-02-14T10:38:14","date_gmt":"2024-02-14T08:38:14","guid":{"rendered":"https:\/\/speedrecovery.fi\/4756-2\/"},"modified":"2026-03-01T12:36:17","modified_gmt":"2026-03-01T10:36:17","slug":"speed-recovery-studio","status":"publish","type":"page","link":"https:\/\/speedrecovery.fi\/sv\/","title":{"rendered":"Speed Recovery Studio"},"content":{"rendered":"<p>[et_pb_section fb_built=&#8221;1&#8243; _builder_version=&#8221;4.27.4&#8243; _module_preset=&#8221;default&#8221; use_background_color_gradient=&#8221;on&#8221; background_color_gradient_stops=&#8221;#002289 0%|#2aa6c2 25%|#ffffff 50%&#8221; min_height=&#8221;1013.1px&#8221; height=&#8221;2200px&#8221; custom_padding=&#8221;35px||374px|||&#8221; global_colors_info=&#8221;{}&#8221;][et_pb_row _builder_version=&#8221;4.24.0&#8243; _module_preset=&#8221;default&#8221; custom_padding=&#8221;5px||2px|||&#8221; global_colors_info=&#8221;{}&#8221;][et_pb_column type=&#8221;4_4&#8243; _builder_version=&#8221;4.24.0&#8243; _module_preset=&#8221;default&#8221; global_colors_info=&#8221;{}&#8221;][et_pb_image src=&#8221;https:\/\/speedrecovery.fi\/wp-content\/uploads\/2023\/10\/iso_logo_nettisivu.png&#8221; title_text=&#8221;iso_logo_webbsida&#8221; _builder_version=&#8221;4.24.2&#8243; _module_preset=&#8221;default&#8221; transform_scale=&#8221;80%|80%&#8221; global_colors_info=&#8221;{}&#8221;][\/et_pb_image][\/et_pb_column][\/et_pb_row][et_pb_row _builder_version=&#8221;4.24.0&#8243; _module_preset=&#8221;default&#8221; global_colors_info=&#8221;{}&#8221;][et_pb_column type=&#8221;4_4&#8243; _builder_version=&#8221;4.24.0&#8243; _module_preset=&#8221;default&#8221; global_colors_info=&#8221;{}&#8221;][et_pb_text _builder_version=&#8221;4.27.4&#8243; _module_preset=&#8221;default&#8221; text_font=&#8221;ABeeZee||||||||&#8221; text_text_color=&#8221;#FFFFFF&#8221; text_font_size=&#8221;20px&#8221; text_text_shadow_style=&#8221;preset5&#8243; global_colors_info=&#8221;{}&#8221;]<\/p>\n<p style=\"text-align: left;\">V\u00e4lkommen till v\u00e5rt kontor i Helsingfors! Du hittar apparatbehandlingarna e\u00b0CABIN\u2122, OxyPro\u2122, LedPro\u2122, X-TONE\u2122 och X\u00b0CRYO\u2122.  <strong><\/strong><\/p>\n<p style=\"text-align: left;\">Vi erbjuder \u00e4ven tj\u00e4nster utan tidsbokning. Alla tj\u00e4nster finns tillg\u00e4ngliga med ett billigare seriekort f\u00f6r fem, tio eller fler bes\u00f6k &#8211; be om en offert. Det \u00e4r m\u00f6jligt att boka studion f\u00f6r privat bruk.<\/p>\n<p>[\/et_pb_text][\/et_pb_column][\/et_pb_row][et_pb_row column_structure=&#8221;1_2,1_2&#8243; _builder_version=&#8221;4.24.0&#8243; _module_preset=&#8221;default&#8221; global_colors_info=&#8221;{}&#8221;][et_pb_column type=&#8221;1_2&#8243; _builder_version=&#8221;4.24.0&#8243; _module_preset=&#8221;default&#8221; global_colors_info=&#8221;{}&#8221;][et_pb_image src=&#8221;https:\/\/speedrecovery.fi\/wp-content\/uploads\/2024\/10\/ecabin_10_93_square_cropped.jpg&#8221; title_text=&#8221;ecabin_10_93_square_cropped&#8221; url=&#8221;@ET-DC@eyJkeW5hbWljIjp0cnVlLCJjb250ZW50IjoicG9zdF9saW5rX3VybF9wYWdlIiwic2V0dGluZ3MiOnsicG9zdF9pZCI6IjQ5MTMiLCJlbmFibGVfaHRtbCI6Im9mZiJ9fQ==@&#8221; _builder_version=&#8221;4.27.2&#8243; _dynamic_attributes=&#8221;url&#8221; _module_preset=&#8221;default&#8221; transform_scale=&#8221;95%|95%&#8221; border_width_all=&#8221;2px&#8221; border_color_all=&#8221;#FFFFFF&#8221; border_width_left=&#8221;2px&#8221; box_shadow_style=&#8221;preset4&#8243; box_shadow_blur=&#8221;25px&#8221; global_colors_info=&#8221;{}&#8221;][\/et_pb_image][et_pb_text _builder_version=&#8221;4.27.4&#8243; _module_preset=&#8221;default&#8221; text_font=&#8221;ABeeZee||||||||&#8221; text_text_color=&#8221;#000000&#8243; text_font_size=&#8221;19px&#8221; header_font=&#8221;ABeeZee||||||||&#8221; header_2_text_color=&#8221;#000000&#8243; header_2_font_size=&#8221;23px&#8221; header_3_font=&#8221;ABeeZee||||||||&#8221; header_3_text_color=&#8221;#000000&#8243; header_3_font_size=&#8221;21px&#8221; hover_enabled=&#8221;0&#8243; header_text_shadow_style=&#8221;preset5&#8243; header_text_shadow_color=&#8221;rgba(0,0,0,0.5)&#8221; global_colors_info=&#8221;{}&#8221; sticky_enabled=&#8221;0&#8243;]<\/p>\n<h2>e\u00b0CABIN\u2122 kryoterapi<\/h2>\n<h3>Fr\u00e5n 27 \u20ac \/ tid<\/h3>\n<p>En kryoterapi f\u00f6r hela kroppen som representerar den senaste tekniken inom \u00e5terh\u00e4mtning och v\u00e4lbefinnande. Bara ett bes\u00f6k \u00e4r uppfriskande, men upprepad kryoterapi har visat sig ha m\u00e5nga positiva effekter p\u00e5 en persons h\u00e4lsa och v\u00e4lbefinnande.<\/p>\n<p>[\/et_pb_text][\/et_pb_column][et_pb_column type=&#8221;1_2&#8243; _builder_version=&#8221;4.24.0&#8243; _module_preset=&#8221;default&#8221; global_colors_info=&#8221;{}&#8221;][et_pb_image src=&#8221;https:\/\/speedrecovery.fi\/wp-content\/uploads\/2024\/10\/ledpro_10_39_square_cropped.jpg&#8221; title_text=&#8221;ledpro_10_39_square_cropped&#8221; url=&#8221;@ET-DC@eyJkeW5hbWljIjp0cnVlLCJjb250ZW50IjoicG9zdF9saW5rX3VybF9wYWdlIiwic2V0dGluZ3MiOnsicG9zdF9pZCI6IjUwMzQiLCJlbmFibGVfaHRtbCI6Im9mZiJ9fQ==@&#8221; _builder_version=&#8221;4.27.2&#8243; _dynamic_attributes=&#8221;url&#8221; _module_preset=&#8221;default&#8221; transform_scale=&#8221;95%|95%&#8221; border_width_all=&#8221;2px&#8221; border_color_all=&#8221;#FFFFFF&#8221; box_shadow_style=&#8221;preset4&#8243; box_shadow_blur=&#8221;25px&#8221; global_colors_info=&#8221;{}&#8221;][\/et_pb_image][et_pb_text _builder_version=&#8221;4.27.4&#8243; _module_preset=&#8221;default&#8221; text_font=&#8221;ABeeZee||||||||&#8221; text_text_color=&#8221;#000000&#8243; text_font_size=&#8221;19px&#8221; header_text_color=&#8221;#FFFFFF&#8221; header_2_text_color=&#8221;#000000&#8243; header_2_font_size=&#8221;23px&#8221; header_3_text_color=&#8221;#000000&#8243; header_3_font_size=&#8221;21px&#8221; global_colors_info=&#8221;{}&#8221;]<\/p>\n<h2>LedPro\u2122 terapi med r\u00f6tt ljus<\/h2>\n<h3>Fr\u00e5n 25 \u20ac \/ tid<\/h3>\n<p>R\u00f6dljusterapi \u00e4r en form av ljusterapi som anv\u00e4nder r\u00f6tt och\/eller n\u00e4ra infrar\u00f6tt ljus f\u00f6r att stimulera energiproduktionen i cellerna. LedPro\u2122 \u00e4r en kombination av dessa ljusbehandlingar, som applicerar r\u00f6da ljus- och NIR-ljusfrekvenser p\u00e5 hela kroppen.<\/p>\n<p>[\/et_pb_text][\/et_pb_column][\/et_pb_row][et_pb_row column_structure=&#8221;1_3,1_3,1_3&#8243; _builder_version=&#8221;4.24.0&#8243; _module_preset=&#8221;default&#8221; global_colors_info=&#8221;{}&#8221;][et_pb_column type=&#8221;1_3&#8243; _builder_version=&#8221;4.24.0&#8243; _module_preset=&#8221;default&#8221; global_colors_info=&#8221;{}&#8221;][et_pb_image src=&#8221;https:\/\/speedrecovery.fi\/wp-content\/uploads\/2024\/10\/xtone_10_59_square_cropped.jpg&#8221; title_text=&#8221;xtone_10_59_square_cropped&#8221; url=&#8221;@ET-DC@eyJkeW5hbWljIjp0cnVlLCJjb250ZW50IjoicG9zdF9saW5rX3VybF9wYWdlIiwic2V0dGluZ3MiOnsicG9zdF9pZCI6IjUwOTIiLCJlbmFibGVfaHRtbCI6Im9mZiJ9fQ==@&#8221; _builder_version=&#8221;4.27.2&#8243; _dynamic_attributes=&#8221;url&#8221; _module_preset=&#8221;default&#8221; transform_scale=&#8221;95%|95%&#8221; border_width_all=&#8221;2px&#8221; border_color_all=&#8221;#FFFFFF&#8221; border_width_left=&#8221;2px&#8221; box_shadow_style=&#8221;preset4&#8243; box_shadow_blur=&#8221;25px&#8221; global_colors_info=&#8221;{}&#8221;][\/et_pb_image][et_pb_text _builder_version=&#8221;4.27.4&#8243; _module_preset=&#8221;default&#8221; text_font=&#8221;ABeeZee||||||||&#8221; text_text_color=&#8221;#000000&#8243; text_font_size=&#8221;19px&#8221; header_font=&#8221;ABeeZee||||||||&#8221; header_text_color=&#8221;#000000&#8243; header_2_font=&#8221;ABeeZee||||||||&#8221; header_2_text_color=&#8221;#000000&#8243; header_2_font_size=&#8221;23px&#8221; header_3_font=&#8221;ABeeZee||||||||&#8221; header_3_text_color=&#8221;#000000&#8243; header_3_font_size=&#8221;21px&#8221; header_text_shadow_style=&#8221;preset5&#8243; global_colors_info=&#8221;{}&#8221;]<\/p>\n<h2>X-TONE\u2122 elektromagnetisk muskeltr\u00e4ning och kroppsformning<\/h2>\n<h3>Fr\u00e5n 40 \u20ac \/ 30 min<\/h3>\n<p>Elektromagnetisk tr\u00e4ning erbjuder ett effektivt och innovativt s\u00e4tt att f\u00f6rb\u00e4ttra muskelkonditionen och utveckla kroppens totala prestanda. X-TONE\u2122 aktiverar dina muskelceller p\u00e5 ett s\u00e4tt som traditionell tr\u00e4ning inte kan, vilket maximerar effekterna av din tr\u00e4ning p\u00e5 kort tid. X-TONE\u2122 m\u00f6jligg\u00f6r ocks\u00e5 en mycket effektiv tr\u00e4ning av b\u00e4ckenbottenmuskulaturen med hj\u00e4lp av en specialdesignad sits.<\/p>\n<p>[\/et_pb_text][\/et_pb_column][et_pb_column type=&#8221;1_3&#8243; _builder_version=&#8221;4.24.0&#8243; _module_preset=&#8221;default&#8221; global_colors_info=&#8221;{}&#8221;][et_pb_image src=&#8221;https:\/\/speedrecovery.fi\/wp-content\/uploads\/2024\/10\/xcryo_10_79_square_cropped.jpg&#8221; title_text=&#8221;xcryo_10_79_square_cropped&#8221; url=&#8221;@ET-DC@eyJkeW5hbWljIjp0cnVlLCJjb250ZW50IjoicG9zdF9saW5rX3VybF9wYWdlIiwic2V0dGluZ3MiOnsicG9zdF9pZCI6IjUxMzYiLCJlbmFibGVfaHRtbCI6Im9mZiJ9fQ==@&#8221; _builder_version=&#8221;4.27.2&#8243; _dynamic_attributes=&#8221;url&#8221; _module_preset=&#8221;default&#8221; transform_scale=&#8221;95%|95%&#8221; border_width_all=&#8221;2px&#8221; border_color_all=&#8221;#FFFFFF&#8221; box_shadow_style=&#8221;preset4&#8243; box_shadow_blur=&#8221;25px&#8221; global_colors_info=&#8221;{}&#8221;][\/et_pb_image][et_pb_text _builder_version=&#8221;4.27.4&#8243; _module_preset=&#8221;default&#8221; text_font=&#8221;ABeeZee||||||||&#8221; text_text_color=&#8221;#000000&#8243; text_font_size=&#8221;19px&#8221; header_text_color=&#8221;#FFFFFF&#8221; header_2_text_color=&#8221;#000000&#8243; header_2_font_size=&#8221;23px&#8221; header_3_text_color=&#8221;#000000&#8243; header_3_font_size=&#8221;21px&#8221; global_colors_info=&#8221;{}&#8221;]<\/p>\n<h2>X\u00b0CRYO\u2122 lokaliserad kryoterapi<\/h2>\n<h3>Fr\u00e5n 20 \u20ac \/ 10 minuter<\/h3>\n<p>Lokaliserad lokal kryoterapi riktad mot specifika delar av kroppen f\u00f6r maximal terapeutisk effekt. X\u00b0CRYO\u2122 \u00e4r s\u00e4rskilt l\u00e4mplig f\u00f6r att behandla sm\u00e4rta, \u00f6ka r\u00f6rligheten och lindra inflammation och svullnad i omr\u00e5den som kn\u00e4n, vrister, handleder och armb\u00e5gar.<\/p>\n<p>[\/et_pb_text][\/et_pb_column][et_pb_column type=&#8221;1_3&#8243; _builder_version=&#8221;4.24.0&#8243; _module_preset=&#8221;default&#8221; global_colors_info=&#8221;{}&#8221;][et_pb_image src=&#8221;https:\/\/speedrecovery.fi\/wp-content\/uploads\/2024\/10\/oxypro_10_11_square_cropped.jpg&#8221; title_text=&#8221;oxypro_10_11_square_cropped&#8221; url=&#8221;@ET-DC@eyJkeW5hbWljIjp0cnVlLCJjb250ZW50IjoicG9zdF9saW5rX3VybF9wYWdlIiwic2V0dGluZ3MiOnsicG9zdF9pZCI6IjUyMDQiLCJlbmFibGVfaHRtbCI6Im9mZiJ9fQ==@&#8221; _builder_version=&#8221;4.27.2&#8243; _dynamic_attributes=&#8221;url&#8221; _module_preset=&#8221;default&#8221; transform_scale=&#8221;95%|95%&#8221; border_width_all=&#8221;2px&#8221; border_color_all=&#8221;#FFFFFF&#8221; box_shadow_style=&#8221;preset4&#8243; box_shadow_blur=&#8221;25px&#8221; global_colors_info=&#8221;{}&#8221;][\/et_pb_image][et_pb_text _builder_version=&#8221;4.27.4&#8243; _module_preset=&#8221;default&#8221; text_font=&#8221;ABeeZee||||||||&#8221; text_text_color=&#8221;#000000&#8243; text_font_size=&#8221;19px&#8221; header_text_color=&#8221;#FFFFFF&#8221; header_2_text_color=&#8221;#000000&#8243; header_2_font_size=&#8221;23px&#8221; header_3_text_color=&#8221;#000000&#8243; header_3_font_size=&#8221;21px&#8221; global_colors_info=&#8221;{}&#8221;]<\/p>\n<h2>OxyPro\u2122 behandling med hyperbar syra<\/h2>\n<h3>Fr\u00e5n 80 \u20ac \/ 60 minuter<\/h3>\n<p>Icke-medicinsk mild hyperbar syrgasbehandling (mHBOT), d\u00e4r syreniv\u00e5n i kammaren h\u00f6js med cirka 50 procent (fr\u00e5n 21 % till 31 %) samtidigt som trycket \u00f6kas till 53 kilopascal (1,53 ATA). Vid f\u00f6rh\u00f6jt tryck uts\u00e4tts alla celler i kroppen f\u00f6r en l\u00e4tt kompression, vilket tillsammans med \u00f6kat syre \u00f6kar deras f\u00f6rm\u00e5ga att avl\u00e4gsna gifter och andra skadliga \u00e4mnen. Denna metod har visat sig fr\u00e4mja l\u00e4kning och f\u00f6rnyelse av celler, v\u00e4vnader och organ.<\/p>\n<p>&nbsp;<\/p>\n<p>&nbsp;<\/p>\n<p>[\/et_pb_text][\/et_pb_column][\/et_pb_row][\/et_pb_section][et_pb_section fb_built=&#8221;1&#8243; _builder_version=&#8221;4.24.0&#8243; _module_preset=&#8221;default&#8221; custom_padding=&#8221;40px|||||&#8221; global_colors_info=&#8221;{}&#8221;][et_pb_row column_structure=&#8221;1_4,1_4,1_4,1_4&#8243; _builder_version=&#8221;4.24.2&#8243; _module_preset=&#8221;default&#8221; custom_padding=&#8221;40px||||false|false&#8221; border_width_top=&#8221;1px&#8221; border_color_top=&#8221;#000000&#8243; global_colors_info=&#8221;{}&#8221;][et_pb_column type=&#8221;1_4&#8243; _builder_version=&#8221;4.24.0&#8243; _module_preset=&#8221;default&#8221; global_colors_info=&#8221;{}&#8221;][\/et_pb_column][et_pb_column type=&#8221;1_4&#8243; _builder_version=&#8221;4.24.0&#8243; _module_preset=&#8221;default&#8221; global_colors_info=&#8221;{}&#8221;][et_pb_text _builder_version=&#8221;4.25.1&#8243; _module_preset=&#8221;default&#8221; text_font=&#8221;ABeeZee||||||||&#8221; text_text_color=&#8221;#000000&#8243; text_font_size=&#8221;18px&#8221; global_colors_info=&#8221;{}&#8221;]<\/p>\n<p>Speed Recovery Studio<\/p>\n<p>Hotel Haaga Central Park<br \/>Nuijamiestentie 10<br \/>00320 Helsingfors<\/p>\n<p>+358 400 90 3033<br \/>info@speedrecovery.fi<\/p>\n<p>[\/et_pb_text][\/et_pb_column][et_pb_column type=&#8221;1_4&#8243; _builder_version=&#8221;4.24.0&#8243; _module_preset=&#8221;default&#8221; global_colors_info=&#8221;{}&#8221;][et_pb_text _builder_version=&#8221;4.27.4&#8243; _module_preset=&#8221;default&#8221; text_font=&#8221;ABeeZee||||||||&#8221; text_text_color=&#8221;#000000&#8243; text_font_size=&#8221;18px&#8221; global_colors_info=&#8221;{}&#8221;]<\/p>\n<p>M\u00e5n &#8211; Fre 10:00 &#8211; 18:00<br \/>L\u00f6r 10:00 &#8211; 16:00<\/p>\n<p>Speed Promotion Finland SPF Oy 1048072-2<\/p>\n<p>[\/et_pb_text][et_pb_social_media_follow _builder_version=&#8221;4.27.4&#8243; _module_preset=&#8221;default&#8221; background_color=&#8221;RGBA(255,255,255,0)&#8221; transform_scale=&#8221;105%|105%&#8221; global_colors_info=&#8221;{}&#8221;][et_pb_social_media_follow_network social_network=&#8221;instagram&#8221; url=&#8221;https:\/\/www.instagram.com\/speedrecoverystudio\/&#8221; icon_color=&#8221;#000000&#8243; _builder_version=&#8221;4.25.2&#8243; _module_preset=&#8221;default&#8221; background_color=&#8221;RGBA(255,255,255,0)&#8221; background_enable_color=&#8221;on&#8221; global_colors_info=&#8221;{}&#8221; follow_button=&#8221;off&#8221; url_new_window=&#8221;on&#8221;]instagram[\/et_pb_social_media_follow_network][et_pb_social_media_follow_network social_network=&#8221;facebook&#8221; url=&#8221;https:\/\/www.facebook.com\/profile.php?id=61553820249195&#8243; icon_color=&#8221;#000000&#8243; _builder_version=&#8221;4.25.2&#8243; _module_preset=&#8221;default&#8221; background_color=&#8221;RGBA(255,255,255,0)&#8221; background_enable_color=&#8221;on&#8221; global_colors_info=&#8221;{}&#8221; follow_button=&#8221;off&#8221; url_new_window=&#8221;on&#8221;]facebook[\/et_pb_social_media_follow_network][et_pb_social_media_follow_network social_network=&#8221;youtube&#8221; url=&#8221;https:\/\/www.youtube.com\/@SpeedRecoveryStudio&#8221; icon_color=&#8221;#000000&#8243; _builder_version=&#8221;4.27.0&#8243; _module_preset=&#8221;default&#8221; background_color=&#8221;RGBA(255,255,255,0)&#8221; background_enable_color=&#8221;on&#8221; global_colors_info=&#8221;{}&#8221; follow_button=&#8221;off&#8221; url_new_window=&#8221;on&#8221;]youtube[\/et_pb_social_media_follow_network][et_pb_social_media_follow_network social_network=&#8221;tiktok&#8221; url=&#8221;https:\/\/www.tiktok.com\/@speedrecoveryfin?_t=ZN-8vnwhEsFFnK&#038;_r=1&#8243; icon_color=&#8221;#000000&#8243; _builder_version=&#8221;4.27.4&#8243; _module_preset=&#8221;default&#8221; background_color=&#8221;RGBA(255,255,255,0)&#8221; background_enable_color=&#8221;on&#8221; global_colors_info=&#8221;{}&#8221; follow_button=&#8221;off&#8221; url_new_window=&#8221;on&#8221;]tiktok[\/et_pb_social_media_follow_network][\/et_pb_social_media_follow][\/et_pb_column][et_pb_column type=&#8221;1_4&#8243; _builder_version=&#8221;4.24.0&#8243; _module_preset=&#8221;default&#8221; global_colors_info=&#8221;{}&#8221;][\/et_pb_column][\/et_pb_row][\/et_pb_section]<\/p>\n","protected":false},"excerpt":{"rendered":"<p>F\u00f6r \u00e5terh\u00e4mtning och \u00e5terh\u00e4mtning &#8211; e\u00b0CABIN\u2122 och X\u00b0CRYO\u2122 ultrakall terapi, LedPro\u2122 r\u00f6dljusterapi, OxyPro\u2122 hyperbar syreterapi och X-TONE\u2122 elektromagnetisk muskeltr\u00e4ning och kroppskonturering.<\/p>\n","protected":false},"author":1,"featured_media":8336,"parent":0,"menu_order":0,"comment_status":"closed","ping_status":"closed","template":"","meta":{"_et_pb_use_builder":"on","_et_pb_old_content":"","_et_gb_content_width":"","footnotes":""},"class_list":["post-4756","page","type-page","status-publish","has-post-thumbnail","hentry"],"yoast_head":"<!-- This site is optimized with the Yoast SEO Premium plugin v26.0 (Yoast SEO v27.4) - https:\/\/yoast.com\/product\/yoast-seo-premium-wordpress\/ -->\n<title>Speed Recovery Studio<\/title>\n<meta name=\"description\" content=\"F\u00f6r \u00e5terh\u00e4mtning och v\u00e4lbefinnande - e\u00b0CABIN\u2122 och X\u00b0CRYO\u2122 ultra kalla behandlingar, LedPro\u2122 r\u00f6dljusterapi, OxyPro\u2122 hyperbar syreterapi och X-TONE\u2122 elektromagnetisk muskeltr\u00e4ning och kroppskonturering.\" \/>\n<meta name=\"robots\" content=\"index, follow, max-snippet:-1, max-image-preview:large, max-video-preview:-1\" \/>\n<link rel=\"canonical\" href=\"https:\/\/speedrecovery.fi\/sv\/\" \/>\n<meta property=\"og:locale\" content=\"sv_SE\" \/>\n<meta property=\"og:type\" content=\"article\" \/>\n<meta property=\"og:title\" content=\"Speed Recovery Studio\" \/>\n<meta property=\"og:description\" content=\"F\u00f6r \u00e5terh\u00e4mtning och v\u00e4lbefinnande - e\u00b0CABIN\u2122 och X\u00b0CRYO\u2122 ultra kalla behandlingar, LedPro\u2122 r\u00f6dljusterapi, OxyPro\u2122 hyperbar syreterapi och X-TONE\u2122 elektromagnetisk muskeltr\u00e4ning och kroppskonturering.\" \/>\n<meta property=\"og:url\" content=\"https:\/\/speedrecovery.fi\/sv\/\" \/>\n<meta property=\"og:site_name\" content=\"Speed Recovery Studio\" \/>\n<meta property=\"article:modified_time\" content=\"2026-03-01T10:36:17+00:00\" \/>\n<meta property=\"og:image\" content=\"https:\/\/speedrecovery.fi\/wp-content\/uploads\/2024\/10\/ecabin_10_95_cropped.jpg\" \/>\n\t<meta property=\"og:image:width\" content=\"2001\" \/>\n\t<meta property=\"og:image:height\" content=\"2501\" \/>\n\t<meta property=\"og:image:type\" content=\"image\/jpeg\" \/>\n<meta name=\"twitter:card\" content=\"summary_large_image\" \/>\n<meta name=\"twitter:label1\" content=\"Ber\u00e4knad l\u00e4stid\" \/>\n\t<meta name=\"twitter:data1\" content=\"3 minuter\" \/>\n<script type=\"application\/ld+json\" class=\"yoast-schema-graph\">{\"@context\":\"https:\\\/\\\/schema.org\",\"@graph\":[{\"@type\":\"WebPage\",\"@id\":\"https:\\\/\\\/speedrecovery.fi\\\/sv\\\/\",\"url\":\"https:\\\/\\\/speedrecovery.fi\\\/sv\\\/\",\"name\":\"Speed Recovery Studio\",\"isPartOf\":{\"@id\":\"https:\\\/\\\/speedrecovery.fi\\\/sv\\\/#website\"},\"primaryImageOfPage\":{\"@id\":\"https:\\\/\\\/speedrecovery.fi\\\/sv\\\/#primaryimage\"},\"image\":{\"@id\":\"https:\\\/\\\/speedrecovery.fi\\\/sv\\\/#primaryimage\"},\"thumbnailUrl\":\"https:\\\/\\\/speedrecovery.fi\\\/wp-content\\\/uploads\\\/2024\\\/10\\\/ecabin_10_95_cropped.jpg\",\"datePublished\":\"2024-02-14T08:38:14+00:00\",\"dateModified\":\"2026-03-01T10:36:17+00:00\",\"description\":\"F\u00f6r \u00e5terh\u00e4mtning och v\u00e4lbefinnande - e\u00b0CABIN\u2122 och X\u00b0CRYO\u2122 ultra kalla behandlingar, LedPro\u2122 r\u00f6dljusterapi, OxyPro\u2122 hyperbar syreterapi och X-TONE\u2122 elektromagnetisk muskeltr\u00e4ning och kroppskonturering.\",\"breadcrumb\":{\"@id\":\"https:\\\/\\\/speedrecovery.fi\\\/sv\\\/#breadcrumb\"},\"inLanguage\":\"sv-SE\",\"potentialAction\":[{\"@type\":\"ReadAction\",\"target\":[\"https:\\\/\\\/speedrecovery.fi\\\/sv\\\/\"]}]},{\"@type\":\"ImageObject\",\"inLanguage\":\"sv-SE\",\"@id\":\"https:\\\/\\\/speedrecovery.fi\\\/sv\\\/#primaryimage\",\"url\":\"https:\\\/\\\/speedrecovery.fi\\\/wp-content\\\/uploads\\\/2024\\\/10\\\/ecabin_10_95_cropped.jpg\",\"contentUrl\":\"https:\\\/\\\/speedrecovery.fi\\\/wp-content\\\/uploads\\\/2024\\\/10\\\/ecabin_10_95_cropped.jpg\",\"width\":2001,\"height\":2501},{\"@type\":\"BreadcrumbList\",\"@id\":\"https:\\\/\\\/speedrecovery.fi\\\/sv\\\/#breadcrumb\",\"itemListElement\":[{\"@type\":\"ListItem\",\"position\":1,\"name\":\"Home\",\"item\":\"https:\\\/\\\/speedrecovery.fi\\\/sv\\\/\"},{\"@type\":\"ListItem\",\"position\":2,\"name\":\"Speed Recovery Studio\"}]},{\"@type\":\"WebSite\",\"@id\":\"https:\\\/\\\/speedrecovery.fi\\\/sv\\\/#website\",\"url\":\"https:\\\/\\\/speedrecovery.fi\\\/sv\\\/\",\"name\":\"Speed Recovery Studio\",\"description\":\"Speed Recovery Studio Haaga \\\/ CTN Technologies e\u00b0CABIN\u2122, LedPro\u2122, OxyPro\u2122, X-TONE\u2122, X\u00b0CRYO\u2122 and X\u00b0GUN\u2122\",\"publisher\":{\"@id\":\"https:\\\/\\\/speedrecovery.fi\\\/sv\\\/#organization\"},\"potentialAction\":[{\"@type\":\"SearchAction\",\"target\":{\"@type\":\"EntryPoint\",\"urlTemplate\":\"https:\\\/\\\/speedrecovery.fi\\\/sv\\\/?s={search_term_string}\"},\"query-input\":{\"@type\":\"PropertyValueSpecification\",\"valueRequired\":true,\"valueName\":\"search_term_string\"}}],\"inLanguage\":\"sv-SE\"},{\"@type\":\"Organization\",\"@id\":\"https:\\\/\\\/speedrecovery.fi\\\/sv\\\/#organization\",\"name\":\"Speed Recovery Studio\",\"url\":\"https:\\\/\\\/speedrecovery.fi\\\/sv\\\/\",\"logo\":{\"@type\":\"ImageObject\",\"inLanguage\":\"sv-SE\",\"@id\":\"https:\\\/\\\/speedrecovery.fi\\\/sv\\\/#\\\/schema\\\/logo\\\/image\\\/\",\"url\":\"https:\\\/\\\/speedrecovery.fi\\\/wp-content\\\/uploads\\\/2023\\\/10\\\/Speed_recovery_logo_black.png\",\"contentUrl\":\"https:\\\/\\\/speedrecovery.fi\\\/wp-content\\\/uploads\\\/2023\\\/10\\\/Speed_recovery_logo_black.png\",\"width\":1182,\"height\":1182,\"caption\":\"Speed Recovery Studio\"},\"image\":{\"@id\":\"https:\\\/\\\/speedrecovery.fi\\\/sv\\\/#\\\/schema\\\/logo\\\/image\\\/\"}}]}<\/script>\n<!-- \/ Yoast SEO Premium plugin. -->","yoast_head_json":{"title":"Speed Recovery Studio","description":"F\u00f6r \u00e5terh\u00e4mtning och v\u00e4lbefinnande - e\u00b0CABIN\u2122 och X\u00b0CRYO\u2122 ultra kalla behandlingar, LedPro\u2122 r\u00f6dljusterapi, OxyPro\u2122 hyperbar syreterapi och X-TONE\u2122 elektromagnetisk muskeltr\u00e4ning och kroppskonturering.","robots":{"index":"index","follow":"follow","max-snippet":"max-snippet:-1","max-image-preview":"max-image-preview:large","max-video-preview":"max-video-preview:-1"},"canonical":"https:\/\/speedrecovery.fi\/sv\/","og_locale":"sv_SE","og_type":"article","og_title":"Speed Recovery Studio","og_description":"F\u00f6r \u00e5terh\u00e4mtning och v\u00e4lbefinnande - e\u00b0CABIN\u2122 och X\u00b0CRYO\u2122 ultra kalla behandlingar, LedPro\u2122 r\u00f6dljusterapi, OxyPro\u2122 hyperbar syreterapi och X-TONE\u2122 elektromagnetisk muskeltr\u00e4ning och kroppskonturering.","og_url":"https:\/\/speedrecovery.fi\/sv\/","og_site_name":"Speed Recovery Studio","article_modified_time":"2026-03-01T10:36:17+00:00","og_image":[{"width":2001,"height":2501,"url":"https:\/\/speedrecovery.fi\/wp-content\/uploads\/2024\/10\/ecabin_10_95_cropped.jpg","type":"image\/jpeg"}],"twitter_card":"summary_large_image","twitter_misc":{"Ber\u00e4knad l\u00e4stid":"3 minuter"},"schema":{"@context":"https:\/\/schema.org","@graph":[{"@type":"WebPage","@id":"https:\/\/speedrecovery.fi\/sv\/","url":"https:\/\/speedrecovery.fi\/sv\/","name":"Speed Recovery Studio","isPartOf":{"@id":"https:\/\/speedrecovery.fi\/sv\/#website"},"primaryImageOfPage":{"@id":"https:\/\/speedrecovery.fi\/sv\/#primaryimage"},"image":{"@id":"https:\/\/speedrecovery.fi\/sv\/#primaryimage"},"thumbnailUrl":"https:\/\/speedrecovery.fi\/wp-content\/uploads\/2024\/10\/ecabin_10_95_cropped.jpg","datePublished":"2024-02-14T08:38:14+00:00","dateModified":"2026-03-01T10:36:17+00:00","description":"F\u00f6r \u00e5terh\u00e4mtning och v\u00e4lbefinnande - e\u00b0CABIN\u2122 och X\u00b0CRYO\u2122 ultra kalla behandlingar, LedPro\u2122 r\u00f6dljusterapi, OxyPro\u2122 hyperbar syreterapi och X-TONE\u2122 elektromagnetisk muskeltr\u00e4ning och kroppskonturering.","breadcrumb":{"@id":"https:\/\/speedrecovery.fi\/sv\/#breadcrumb"},"inLanguage":"sv-SE","potentialAction":[{"@type":"ReadAction","target":["https:\/\/speedrecovery.fi\/sv\/"]}]},{"@type":"ImageObject","inLanguage":"sv-SE","@id":"https:\/\/speedrecovery.fi\/sv\/#primaryimage","url":"https:\/\/speedrecovery.fi\/wp-content\/uploads\/2024\/10\/ecabin_10_95_cropped.jpg","contentUrl":"https:\/\/speedrecovery.fi\/wp-content\/uploads\/2024\/10\/ecabin_10_95_cropped.jpg","width":2001,"height":2501},{"@type":"BreadcrumbList","@id":"https:\/\/speedrecovery.fi\/sv\/#breadcrumb","itemListElement":[{"@type":"ListItem","position":1,"name":"Home","item":"https:\/\/speedrecovery.fi\/sv\/"},{"@type":"ListItem","position":2,"name":"Speed Recovery Studio"}]},{"@type":"WebSite","@id":"https:\/\/speedrecovery.fi\/sv\/#website","url":"https:\/\/speedrecovery.fi\/sv\/","name":"Speed Recovery Studio","description":"Speed Recovery Studio Haaga \/ CTN Technologies e\u00b0CABIN\u2122, LedPro\u2122, OxyPro\u2122, X-TONE\u2122, X\u00b0CRYO\u2122 and X\u00b0GUN\u2122","publisher":{"@id":"https:\/\/speedrecovery.fi\/sv\/#organization"},"potentialAction":[{"@type":"SearchAction","target":{"@type":"EntryPoint","urlTemplate":"https:\/\/speedrecovery.fi\/sv\/?s={search_term_string}"},"query-input":{"@type":"PropertyValueSpecification","valueRequired":true,"valueName":"search_term_string"}}],"inLanguage":"sv-SE"},{"@type":"Organization","@id":"https:\/\/speedrecovery.fi\/sv\/#organization","name":"Speed Recovery Studio","url":"https:\/\/speedrecovery.fi\/sv\/","logo":{"@type":"ImageObject","inLanguage":"sv-SE","@id":"https:\/\/speedrecovery.fi\/sv\/#\/schema\/logo\/image\/","url":"https:\/\/speedrecovery.fi\/wp-content\/uploads\/2023\/10\/Speed_recovery_logo_black.png","contentUrl":"https:\/\/speedrecovery.fi\/wp-content\/uploads\/2023\/10\/Speed_recovery_logo_black.png","width":1182,"height":1182,"caption":"Speed Recovery Studio"},"image":{"@id":"https:\/\/speedrecovery.fi\/sv\/#\/schema\/logo\/image\/"}}]}},"_links":{"self":[{"href":"https:\/\/speedrecovery.fi\/sv\/wp-json\/wp\/v2\/pages\/4756","targetHints":{"allow":["GET"]}}],"collection":[{"href":"https:\/\/speedrecovery.fi\/sv\/wp-json\/wp\/v2\/pages"}],"about":[{"href":"https:\/\/speedrecovery.fi\/sv\/wp-json\/wp\/v2\/types\/page"}],"author":[{"embeddable":true,"href":"https:\/\/speedrecovery.fi\/sv\/wp-json\/wp\/v2\/users\/1"}],"replies":[{"embeddable":true,"href":"https:\/\/speedrecovery.fi\/sv\/wp-json\/wp\/v2\/comments?post=4756"}],"version-history":[{"count":0,"href":"https:\/\/speedrecovery.fi\/sv\/wp-json\/wp\/v2\/pages\/4756\/revisions"}],"wp:featuredmedia":[{"embeddable":true,"href":"https:\/\/speedrecovery.fi\/sv\/wp-json\/wp\/v2\/media\/8336"}],"wp:attachment":[{"href":"https:\/\/speedrecovery.fi\/sv\/wp-json\/wp\/v2\/media?parent=4756"}],"curies":[{"name":"wp","href":"https:\/\/api.w.org\/{rel}","templated":true}]}}