{"id":4967,"date":"2024-02-15T10:14:49","date_gmt":"2024-02-15T08:14:49","guid":{"rendered":"https:\/\/speedrecovery.fi\/ecabin-varmebehandling-av-hela-kroppen\/"},"modified":"2025-12-22T10:33:31","modified_gmt":"2025-12-22T08:33:31","slug":"ecabin","status":"publish","type":"page","link":"https:\/\/speedrecovery.fi\/sv\/ecabin\/","title":{"rendered":"e\u00b0CABIN\u2122 kryoterapi"},"content":{"rendered":"<p>[et_pb_section fb_built=&#8221;1&#8243; _builder_version=&#8221;4.27.4&#8243; _module_preset=&#8221;default&#8221; use_background_color_gradient=&#8221;on&#8221; background_color_gradient_stops=&#8221;#002289 0%|#2aa6c2 25%|#ffffff 50%&#8221; min_height=&#8221;1013.1px&#8221; height=&#8221;2200px&#8221; custom_padding=&#8221;35px||374px|||&#8221; global_colors_info=&#8221;{}&#8221;][et_pb_row _builder_version=&#8221;4.24.2&#8243; _module_preset=&#8221;default&#8221; global_colors_info=&#8221;{}&#8221;][et_pb_column type=&#8221;4_4&#8243; _builder_version=&#8221;4.24.0&#8243; _module_preset=&#8221;default&#8221; global_colors_info=&#8221;{}&#8221;][et_pb_text _builder_version=&#8221;4.27.4&#8243; _module_preset=&#8221;default&#8221; text_font=&#8221;ABeeZee||||||||&#8221; text_text_color=&#8221;#FFFFFF&#8221; text_font_size=&#8221;20px&#8221; header_2_text_color=&#8221;#FFFFFF&#8221; header_2_font_size=&#8221;24px&#8221; header_3_text_align=&#8221;center&#8221; header_3_text_color=&#8221;#FFFFFF&#8221; text_text_shadow_style=&#8221;preset5&#8243; header_2_text_shadow_style=&#8221;preset5&#8243; global_colors_info=&#8221;{}&#8221;]<\/p>\n<h2 style=\"text-align: center;\">e\u00b0CABIN\u2122 kryoterapi<\/h2>\n<p style=\"text-align: center;\">27 \u20ac \/ session | 120 \u20ac \/ 5 sessioner | 215 \u20ac \/ 10 sessioner<\/p>\n<p style=\"text-align: center;\">\n<p style=\"text-align: left;\">e\u00b0CABIN\u2122 \u00e4r en helkroppskryoterapi som representerar den senaste tekniken inom \u00e5terh\u00e4mtning och v\u00e4lbefinnande. Kryoterapi anv\u00e4nder extrem kyla f\u00f6r att aktivera kroppens naturliga l\u00e4kningsprocesser och ge m\u00e5nga h\u00e4lsof\u00f6rdelar.<\/p>\n<p style=\"text-align: left;\">N\u00e4r du uts\u00e4tter dig f\u00f6r kyla i e\u00b0CABIN\u2122 s\u00e4tter kroppen ig\u00e5ng flera biologiska processer. Blodfl\u00f6det \u00f6kar n\u00e4r kroppen arbetar f\u00f6r att bibeh\u00e5lla k\u00e4rntemperaturen, och detta kan bidra till att minska inflammation och fr\u00e4mja l\u00e4kning. Upprepad exponering f\u00f6r kyla f\u00f6rb\u00e4ttrar ocks\u00e5 vagusnervens funktion.<\/p>\n<p>[\/et_pb_text][\/et_pb_column][\/et_pb_row][et_pb_row _builder_version=&#8221;4.27.0&#8243; _module_preset=&#8221;default&#8221; global_colors_info=&#8221;{}&#8221;][et_pb_column type=&#8221;4_4&#8243; _builder_version=&#8221;4.27.0&#8243; _module_preset=&#8221;default&#8221; global_colors_info=&#8221;{}&#8221;][et_pb_video src=&#8221;https:\/\/speedrecovery.fi\/wp-content\/uploads\/2024\/09\/ecabin_fullhd_sub.mp4&#8243; image_src=&#8221;https:\/\/speedrecovery.fi\/wp-content\/uploads\/2024\/09\/ecabin_video_screenshot1.jpg&#8221; _builder_version=&#8221;4.27.0&#8243; _module_preset=&#8221;default&#8221; transform_scale=&#8221;95%|95%&#8221; border_width_all=&#8221;2px&#8221; border_color_all=&#8221;#FFFFFF&#8221; box_shadow_style=&#8221;preset4&#8243; box_shadow_blur=&#8221;25px&#8221; box_shadow_spread=&#8221;4px&#8221; global_colors_info=&#8221;{}&#8221;][\/et_pb_video][\/et_pb_column][\/et_pb_row][et_pb_row column_structure=&#8221;1_2,1_2&#8243; _builder_version=&#8221;4.24.0&#8243; _module_preset=&#8221;default&#8221; global_colors_info=&#8221;{}&#8221;][et_pb_column type=&#8221;1_2&#8243; _builder_version=&#8221;4.24.0&#8243; _module_preset=&#8221;default&#8221; global_colors_info=&#8221;{}&#8221;][et_pb_image src=&#8221;https:\/\/speedrecovery.fi\/wp-content\/uploads\/2024\/10\/ecabin_10_101_cropped.jpg&#8221; title_text=&#8221;ecabin_10_101_cropped&#8221; _builder_version=&#8221;4.27.2&#8243; _module_preset=&#8221;default&#8221; transform_scale=&#8221;95%|95%&#8221; border_width_all=&#8221;2px&#8221; border_color_all=&#8221;#FFFFFF&#8221; border_width_left=&#8221;2px&#8221; box_shadow_style=&#8221;preset4&#8243; box_shadow_blur=&#8221;25px&#8221; global_colors_info=&#8221;{}&#8221;][\/et_pb_image][et_pb_text _builder_version=&#8221;4.27.2&#8243; _module_preset=&#8221;default&#8221; text_font=&#8221;ABeeZee||||||||&#8221; text_text_color=&#8221;#000000&#8243; text_font_size=&#8221;19px&#8221; header_font=&#8221;ABeeZee||||||||&#8221; header_2_text_color=&#8221;#FFFFFF&#8221; header_3_font=&#8221;ABeeZee||||||||&#8221; header_3_text_color=&#8221;#FFFFFF&#8221; header_2_text_shadow_style=&#8221;preset5&#8243; header_3_text_shadow_style=&#8221;preset5&#8243; global_colors_info=&#8221;{}&#8221;]<\/p>\n<p>Kryoterapi \u00e4r ett enkelt och sm\u00e4rtfritt s\u00e4tt att aktivera kroppens egna naturliga l\u00e4kningsprocesser. Grundprincipen f\u00f6r kryoterapi \u00e4r enkel: den bygger p\u00e5 en termisk chock mot hudytan, vilket f\u00e5r hj\u00e4rnan att aktivera kroppens f\u00f6rsvarssystem. Kroppen reagerar omedelbart p\u00e5 den pl\u00f6tsliga temperaturs\u00e4nkningen genom att producera hormoner och enzymer som \u00e4r n\u00f6dv\u00e4ndiga f\u00f6r att kroppen ska klara av den extrema s\u00e4nkningen av hudens yttemperatur. <\/p>\n<p>Vasodilatation (utvidgning av blodk\u00e4rlen) utl\u00f6ses efter behandlingen n\u00e4r kroppen naturligt f\u00f6rs\u00f6ker \u00e5terst\u00e4lla normal kroppstemperatur, vilket \u00f6kar det lokala blodfl\u00f6det och \u00e4mnesoms\u00e4ttningen. Detta bidrar till l\u00e4kning av bl.a. inflammation, skador och kirurgi.  Extrem kyla under korta perioder \u00e4r ett s\u00e4kert s\u00e4tt att framkalla denna reaktion i kroppen, utan risk f\u00f6r v\u00e4vnadsskada.<\/p>\n<p>[\/et_pb_text][\/et_pb_column][et_pb_column type=&#8221;1_2&#8243; _builder_version=&#8221;4.24.0&#8243; _module_preset=&#8221;default&#8221; global_colors_info=&#8221;{}&#8221;][et_pb_image src=&#8221;https:\/\/speedrecovery.fi\/wp-content\/uploads\/2024\/10\/ecabin_10_104_cropped.jpg&#8221; title_text=&#8221;ecabin_10_104_cropped&#8221; _builder_version=&#8221;4.27.2&#8243; _module_preset=&#8221;default&#8221; transform_scale=&#8221;95%|95%&#8221; border_width_all=&#8221;2px&#8221; border_color_all=&#8221;#FFFFFF&#8221; box_shadow_style=&#8221;preset4&#8243; box_shadow_blur=&#8221;25px&#8221; global_colors_info=&#8221;{}&#8221;][\/et_pb_image][et_pb_text _builder_version=&#8221;4.27.2&#8243; _module_preset=&#8221;default&#8221; text_font=&#8221;ABeeZee||||||||&#8221; text_text_color=&#8221;#000000&#8243; text_font_size=&#8221;19px&#8221; header_text_color=&#8221;#FFFFFF&#8221; header_2_text_color=&#8221;#FFFFFF&#8221; header_3_text_color=&#8221;#FFFFFF&#8221; header_2_text_shadow_style=&#8221;preset5&#8243; header_3_text_shadow_style=&#8221;preset5&#8243; global_colors_info=&#8221;{}&#8221;]<\/p>\n<p>F\u00f6r idrottare och fitnessentusiaster erbjuder e\u00b0CABIN\u2122 betydande f\u00f6rdelar genom att p\u00e5skynda muskel\u00e5terh\u00e4mtningen efter tr\u00e4ning. Top cold therapy kan minska muskeltr\u00f6tthet, s\u00e5 att du kan \u00e5terg\u00e5 till tr\u00e4ningen snabbare och f\u00f6rb\u00e4ttra din prestation. Dessutom kan kylbehandling bidra till att minska svullnad och hematom i h\u00e4ndelse av en skada.<\/p>\n<p>e\u00b0CABIN\u2122 kylterapi kan st\u00f6dja immunf\u00f6rsvaret, f\u00f6rb\u00e4ttra hudens tillst\u00e5nd och ge b\u00e4ttre s\u00f6mnkvalitet. Vid regelbunden anv\u00e4ndning kan den ocks\u00e5 bidra till att minska kronisk sm\u00e4rta och till och med sakta ner hudens \u00e5lderstecken.<\/p>\n<p>Behandlingen \u00e4r idealisk p\u00e5 egen hand och i samband med manuell terapi, rehabilitering eller tr\u00e4ning f\u00f6re eller efter behandlingen, beroende p\u00e5 kundens behov och sjukdomar.<\/p>\n<p>&nbsp;<\/p>\n<p>&nbsp;<\/p>\n<p>[\/et_pb_text][\/et_pb_column][\/et_pb_row][\/et_pb_section][et_pb_section fb_built=&#8221;1&#8243; _builder_version=&#8221;4.24.0&#8243; _module_preset=&#8221;default&#8221; custom_padding=&#8221;40px|||||&#8221; global_colors_info=&#8221;{}&#8221;][et_pb_row column_structure=&#8221;1_4,1_4,1_4,1_4&#8243; _builder_version=&#8221;4.24.2&#8243; _module_preset=&#8221;default&#8221; custom_padding=&#8221;40px||||false|false&#8221; border_width_top=&#8221;1px&#8221; border_color_top=&#8221;#000000&#8243; global_colors_info=&#8221;{}&#8221; theme_builder_area=&#8221;post_content&#8221;][et_pb_column type=&#8221;1_4&#8243; _builder_version=&#8221;4.24.0&#8243; _module_preset=&#8221;default&#8221; global_colors_info=&#8221;{}&#8221; theme_builder_area=&#8221;post_content&#8221;][\/et_pb_column][et_pb_column type=&#8221;1_4&#8243; _builder_version=&#8221;4.24.0&#8243; _module_preset=&#8221;default&#8221; global_colors_info=&#8221;{}&#8221; theme_builder_area=&#8221;post_content&#8221;][et_pb_text _builder_version=&#8221;4.25.1&#8243; _module_preset=&#8221;default&#8221; text_font=&#8221;ABeeZee||||||||&#8221; text_text_color=&#8221;#000000&#8243; text_font_size=&#8221;18px&#8221; global_colors_info=&#8221;{}&#8221; theme_builder_area=&#8221;post_content&#8221;]<\/p>\n<p>Speed Recovery Studio<\/p>\n<p>Hotel Haaga Central Park<br \/>Nuijamiestentie 10<br \/>00320 Helsingfors<\/p>\n<p>+358 400 90 3033<br \/>info@speedrecovery.fi<\/p>\n<p>[\/et_pb_text][\/et_pb_column][et_pb_column type=&#8221;1_4&#8243; _builder_version=&#8221;4.24.0&#8243; _module_preset=&#8221;default&#8221; global_colors_info=&#8221;{}&#8221; theme_builder_area=&#8221;post_content&#8221;][et_pb_text _builder_version=&#8221;4.27.4&#8243; _module_preset=&#8221;default&#8221; text_font=&#8221;ABeeZee||||||||&#8221; text_text_color=&#8221;#000000&#8243; text_font_size=&#8221;18px&#8221; global_colors_info=&#8221;{}&#8221; theme_builder_area=&#8221;post_content&#8221;]<\/p>\n<p>M\u00e5n &#8211; Fre 10:00 &#8211; 18:00<br \/>L\u00f6r 10:00 &#8211; 16:00<\/p>\n<p>Speed Promotion Finland SPF Oy 1048072-2<\/p>\n<p>[\/et_pb_text][et_pb_social_media_follow _builder_version=&#8221;4.27.4&#8243; _module_preset=&#8221;default&#8221; background_color=&#8221;RGBA(255,255,255,0)&#8221; transform_scale=&#8221;105%|105%&#8221; global_colors_info=&#8221;{}&#8221; theme_builder_area=&#8221;post_content&#8221;][et_pb_social_media_follow_network social_network=&#8221;instagram&#8221; url=&#8221;https:\/\/www.instagram.com\/speedrecoverystudio\/&#8221; icon_color=&#8221;#000000&#8243; _builder_version=&#8221;4.25.2&#8243; _module_preset=&#8221;default&#8221; background_color=&#8221;RGBA(255,255,255,0)&#8221; background_enable_color=&#8221;on&#8221; global_colors_info=&#8221;{}&#8221; theme_builder_area=&#8221;post_content&#8221; follow_button=&#8221;off&#8221; url_new_window=&#8221;on&#8221;]instagram[\/et_pb_social_media_follow_network][et_pb_social_media_follow_network social_network=&#8221;facebook&#8221; url=&#8221;https:\/\/www.facebook.com\/profile.php?id=61553820249195&#8243; icon_color=&#8221;#000000&#8243; _builder_version=&#8221;4.25.2&#8243; _module_preset=&#8221;default&#8221; background_color=&#8221;RGBA(255,255,255,0)&#8221; background_enable_color=&#8221;on&#8221; global_colors_info=&#8221;{}&#8221; theme_builder_area=&#8221;post_content&#8221; follow_button=&#8221;off&#8221; url_new_window=&#8221;on&#8221;]facebook[\/et_pb_social_media_follow_network][et_pb_social_media_follow_network social_network=&#8221;youtube&#8221; url=&#8221;https:\/\/www.youtube.com\/@SpeedRecoveryStudio&#8221; icon_color=&#8221;#000000&#8243; _builder_version=&#8221;4.27.0&#8243; _module_preset=&#8221;default&#8221; background_color=&#8221;RGBA(255,255,255,0)&#8221; background_enable_color=&#8221;on&#8221; global_colors_info=&#8221;{}&#8221; theme_builder_area=&#8221;post_content&#8221; follow_button=&#8221;off&#8221; url_new_window=&#8221;on&#8221;]youtube[\/et_pb_social_media_follow_network][et_pb_social_media_follow_network social_network=&#8221;tiktok&#8221; url=&#8221;https:\/\/www.tiktok.com\/@speedrecoveryfin?_t=ZN-8vnwhEsFFnK&#038;_r=1&#8243; icon_color=&#8221;#000000&#8243; _builder_version=&#8221;4.27.4&#8243; _module_preset=&#8221;default&#8221; background_color=&#8221;RGBA(255,255,255,0)&#8221; background_enable_color=&#8221;on&#8221; global_colors_info=&#8221;{}&#8221; theme_builder_area=&#8221;post_content&#8221; follow_button=&#8221;off&#8221; url_new_window=&#8221;on&#8221;]tiktok[\/et_pb_social_media_follow_network][\/et_pb_social_media_follow][\/et_pb_column][et_pb_column type=&#8221;1_4&#8243; _builder_version=&#8221;4.24.0&#8243; _module_preset=&#8221;default&#8221; global_colors_info=&#8221;{}&#8221; theme_builder_area=&#8221;post_content&#8221;][\/et_pb_column][\/et_pb_row][\/et_pb_section]<\/p>\n","protected":false},"excerpt":{"rendered":"<p>e\u00b0CABIN\u2122 kryoterapi 27 \u20ac \/ session | 120 \u20ac \/ 5 sessioner | 215 \u20ac \/ 10 sessioner e\u00b0CABIN\u2122 \u00e4r en helkroppskryoterapi som representerar den senaste tekniken inom \u00e5terh\u00e4mtning och v\u00e4lbefinnande. Kryoterapi anv\u00e4nder extrem kyla f\u00f6r att aktivera kroppens naturliga l\u00e4kningsprocesser och ge m\u00e5nga h\u00e4lsof\u00f6rdelar. N\u00e4r du uts\u00e4tter dig f\u00f6r kyla i e\u00b0CABIN\u2122 s\u00e4tter kroppen [&hellip;]<\/p>\n","protected":false},"author":1,"featured_media":6344,"parent":0,"menu_order":0,"comment_status":"closed","ping_status":"closed","template":"","meta":{"_et_pb_use_builder":"on","_et_pb_old_content":"","_et_gb_content_width":"","footnotes":""},"class_list":["post-4967","page","type-page","status-publish","has-post-thumbnail","hentry"],"yoast_head":"<!-- This site is optimized with the Yoast SEO Premium plugin v26.0 (Yoast SEO v27.4) - https:\/\/yoast.com\/product\/yoast-seo-premium-wordpress\/ -->\n<title>e\u00b0CABIN\u2122 kryoterapi - Speed Recovery Studio<\/title>\n<meta name=\"description\" content=\"e\u00b0CABIN\u2122 \u00e4r en helkroppskryoterapi som representerar den senaste tekniken inom \u00e5terh\u00e4mtning och v\u00e4lbefinnande. Kryoterapi \u00e4r ett enkelt och sm\u00e4rtfritt s\u00e4tt att aktivera kroppens egna naturliga l\u00e4kningsprocesser.\" \/>\n<meta name=\"robots\" content=\"index, follow, max-snippet:-1, max-image-preview:large, max-video-preview:-1\" \/>\n<link rel=\"canonical\" href=\"https:\/\/speedrecovery.fi\/sv\/ecabin\/\" \/>\n<meta property=\"og:locale\" content=\"sv_SE\" \/>\n<meta property=\"og:type\" content=\"article\" \/>\n<meta property=\"og:title\" content=\"e\u00b0CABIN\u2122 kryoterapi\" \/>\n<meta property=\"og:description\" content=\"e\u00b0CABIN\u2122 \u00e4r en helkroppskryoterapi som representerar den senaste tekniken inom \u00e5terh\u00e4mtning och v\u00e4lbefinnande. Kryoterapi \u00e4r ett enkelt och sm\u00e4rtfritt s\u00e4tt att aktivera kroppens egna naturliga l\u00e4kningsprocesser.\" \/>\n<meta property=\"og:url\" content=\"https:\/\/speedrecovery.fi\/sv\/ecabin\/\" \/>\n<meta property=\"og:site_name\" content=\"Speed Recovery Studio\" \/>\n<meta property=\"article:modified_time\" content=\"2025-12-22T08:33:31+00:00\" \/>\n<meta property=\"og:image\" content=\"https:\/\/speedrecovery.fi\/wp-content\/uploads\/2024\/04\/ecabin_nelio.jpg\" \/>\n\t<meta property=\"og:image:width\" content=\"1582\" \/>\n\t<meta property=\"og:image:height\" content=\"1582\" \/>\n\t<meta property=\"og:image:type\" content=\"image\/jpeg\" \/>\n<meta name=\"twitter:card\" content=\"summary_large_image\" \/>\n<meta name=\"twitter:label1\" content=\"Ber\u00e4knad l\u00e4stid\" \/>\n\t<meta name=\"twitter:data1\" content=\"3 minuter\" \/>\n<script type=\"application\/ld+json\" class=\"yoast-schema-graph\">{\"@context\":\"https:\\\/\\\/schema.org\",\"@graph\":[{\"@type\":\"WebPage\",\"@id\":\"https:\\\/\\\/speedrecovery.fi\\\/sv\\\/ecabin\\\/\",\"url\":\"https:\\\/\\\/speedrecovery.fi\\\/sv\\\/ecabin\\\/\",\"name\":\"e\u00b0CABIN\u2122 kryoterapi - Speed Recovery Studio\",\"isPartOf\":{\"@id\":\"https:\\\/\\\/speedrecovery.fi\\\/sv\\\/#website\"},\"primaryImageOfPage\":{\"@id\":\"https:\\\/\\\/speedrecovery.fi\\\/sv\\\/ecabin\\\/#primaryimage\"},\"image\":{\"@id\":\"https:\\\/\\\/speedrecovery.fi\\\/sv\\\/ecabin\\\/#primaryimage\"},\"thumbnailUrl\":\"https:\\\/\\\/speedrecovery.fi\\\/wp-content\\\/uploads\\\/2024\\\/04\\\/ecabin_nelio.jpg\",\"datePublished\":\"2024-02-15T08:14:49+00:00\",\"dateModified\":\"2025-12-22T08:33:31+00:00\",\"description\":\"e\u00b0CABIN\u2122 \u00e4r en helkroppskryoterapi som representerar den senaste tekniken inom \u00e5terh\u00e4mtning och v\u00e4lbefinnande. Kryoterapi \u00e4r ett enkelt och sm\u00e4rtfritt s\u00e4tt att aktivera kroppens egna naturliga l\u00e4kningsprocesser.\",\"breadcrumb\":{\"@id\":\"https:\\\/\\\/speedrecovery.fi\\\/sv\\\/ecabin\\\/#breadcrumb\"},\"inLanguage\":\"sv-SE\",\"potentialAction\":[{\"@type\":\"ReadAction\",\"target\":[\"https:\\\/\\\/speedrecovery.fi\\\/sv\\\/ecabin\\\/\"]}]},{\"@type\":\"ImageObject\",\"inLanguage\":\"sv-SE\",\"@id\":\"https:\\\/\\\/speedrecovery.fi\\\/sv\\\/ecabin\\\/#primaryimage\",\"url\":\"https:\\\/\\\/speedrecovery.fi\\\/wp-content\\\/uploads\\\/2024\\\/04\\\/ecabin_nelio.jpg\",\"contentUrl\":\"https:\\\/\\\/speedrecovery.fi\\\/wp-content\\\/uploads\\\/2024\\\/04\\\/ecabin_nelio.jpg\",\"width\":1582,\"height\":1582},{\"@type\":\"BreadcrumbList\",\"@id\":\"https:\\\/\\\/speedrecovery.fi\\\/sv\\\/ecabin\\\/#breadcrumb\",\"itemListElement\":[{\"@type\":\"ListItem\",\"position\":1,\"name\":\"Home\",\"item\":\"https:\\\/\\\/speedrecovery.fi\\\/sv\\\/\"},{\"@type\":\"ListItem\",\"position\":2,\"name\":\"e\u00b0CABIN\u2122 kryoterapi\"}]},{\"@type\":\"WebSite\",\"@id\":\"https:\\\/\\\/speedrecovery.fi\\\/sv\\\/#website\",\"url\":\"https:\\\/\\\/speedrecovery.fi\\\/sv\\\/\",\"name\":\"Speed Recovery Studio\",\"description\":\"Speed Recovery Studio Haaga \\\/ CTN Technologies e\u00b0CABIN\u2122, LedPro\u2122, OxyPro\u2122, X-TONE\u2122, X\u00b0CRYO\u2122 and X\u00b0GUN\u2122\",\"publisher\":{\"@id\":\"https:\\\/\\\/speedrecovery.fi\\\/sv\\\/#organization\"},\"potentialAction\":[{\"@type\":\"SearchAction\",\"target\":{\"@type\":\"EntryPoint\",\"urlTemplate\":\"https:\\\/\\\/speedrecovery.fi\\\/sv\\\/?s={search_term_string}\"},\"query-input\":{\"@type\":\"PropertyValueSpecification\",\"valueRequired\":true,\"valueName\":\"search_term_string\"}}],\"inLanguage\":\"sv-SE\"},{\"@type\":\"Organization\",\"@id\":\"https:\\\/\\\/speedrecovery.fi\\\/sv\\\/#organization\",\"name\":\"Speed Recovery Studio\",\"url\":\"https:\\\/\\\/speedrecovery.fi\\\/sv\\\/\",\"logo\":{\"@type\":\"ImageObject\",\"inLanguage\":\"sv-SE\",\"@id\":\"https:\\\/\\\/speedrecovery.fi\\\/sv\\\/#\\\/schema\\\/logo\\\/image\\\/\",\"url\":\"https:\\\/\\\/speedrecovery.fi\\\/wp-content\\\/uploads\\\/2023\\\/10\\\/Speed_recovery_logo_black.png\",\"contentUrl\":\"https:\\\/\\\/speedrecovery.fi\\\/wp-content\\\/uploads\\\/2023\\\/10\\\/Speed_recovery_logo_black.png\",\"width\":1182,\"height\":1182,\"caption\":\"Speed Recovery Studio\"},\"image\":{\"@id\":\"https:\\\/\\\/speedrecovery.fi\\\/sv\\\/#\\\/schema\\\/logo\\\/image\\\/\"}}]}<\/script>\n<!-- \/ Yoast SEO Premium plugin. -->","yoast_head_json":{"title":"e\u00b0CABIN\u2122 kryoterapi - Speed Recovery Studio","description":"e\u00b0CABIN\u2122 \u00e4r en helkroppskryoterapi som representerar den senaste tekniken inom \u00e5terh\u00e4mtning och v\u00e4lbefinnande. Kryoterapi \u00e4r ett enkelt och sm\u00e4rtfritt s\u00e4tt att aktivera kroppens egna naturliga l\u00e4kningsprocesser.","robots":{"index":"index","follow":"follow","max-snippet":"max-snippet:-1","max-image-preview":"max-image-preview:large","max-video-preview":"max-video-preview:-1"},"canonical":"https:\/\/speedrecovery.fi\/sv\/ecabin\/","og_locale":"sv_SE","og_type":"article","og_title":"e\u00b0CABIN\u2122 kryoterapi","og_description":"e\u00b0CABIN\u2122 \u00e4r en helkroppskryoterapi som representerar den senaste tekniken inom \u00e5terh\u00e4mtning och v\u00e4lbefinnande. Kryoterapi \u00e4r ett enkelt och sm\u00e4rtfritt s\u00e4tt att aktivera kroppens egna naturliga l\u00e4kningsprocesser.","og_url":"https:\/\/speedrecovery.fi\/sv\/ecabin\/","og_site_name":"Speed Recovery Studio","article_modified_time":"2025-12-22T08:33:31+00:00","og_image":[{"width":1582,"height":1582,"url":"https:\/\/speedrecovery.fi\/wp-content\/uploads\/2024\/04\/ecabin_nelio.jpg","type":"image\/jpeg"}],"twitter_card":"summary_large_image","twitter_misc":{"Ber\u00e4knad l\u00e4stid":"3 minuter"},"schema":{"@context":"https:\/\/schema.org","@graph":[{"@type":"WebPage","@id":"https:\/\/speedrecovery.fi\/sv\/ecabin\/","url":"https:\/\/speedrecovery.fi\/sv\/ecabin\/","name":"e\u00b0CABIN\u2122 kryoterapi - Speed Recovery Studio","isPartOf":{"@id":"https:\/\/speedrecovery.fi\/sv\/#website"},"primaryImageOfPage":{"@id":"https:\/\/speedrecovery.fi\/sv\/ecabin\/#primaryimage"},"image":{"@id":"https:\/\/speedrecovery.fi\/sv\/ecabin\/#primaryimage"},"thumbnailUrl":"https:\/\/speedrecovery.fi\/wp-content\/uploads\/2024\/04\/ecabin_nelio.jpg","datePublished":"2024-02-15T08:14:49+00:00","dateModified":"2025-12-22T08:33:31+00:00","description":"e\u00b0CABIN\u2122 \u00e4r en helkroppskryoterapi som representerar den senaste tekniken inom \u00e5terh\u00e4mtning och v\u00e4lbefinnande. Kryoterapi \u00e4r ett enkelt och sm\u00e4rtfritt s\u00e4tt att aktivera kroppens egna naturliga l\u00e4kningsprocesser.","breadcrumb":{"@id":"https:\/\/speedrecovery.fi\/sv\/ecabin\/#breadcrumb"},"inLanguage":"sv-SE","potentialAction":[{"@type":"ReadAction","target":["https:\/\/speedrecovery.fi\/sv\/ecabin\/"]}]},{"@type":"ImageObject","inLanguage":"sv-SE","@id":"https:\/\/speedrecovery.fi\/sv\/ecabin\/#primaryimage","url":"https:\/\/speedrecovery.fi\/wp-content\/uploads\/2024\/04\/ecabin_nelio.jpg","contentUrl":"https:\/\/speedrecovery.fi\/wp-content\/uploads\/2024\/04\/ecabin_nelio.jpg","width":1582,"height":1582},{"@type":"BreadcrumbList","@id":"https:\/\/speedrecovery.fi\/sv\/ecabin\/#breadcrumb","itemListElement":[{"@type":"ListItem","position":1,"name":"Home","item":"https:\/\/speedrecovery.fi\/sv\/"},{"@type":"ListItem","position":2,"name":"e\u00b0CABIN\u2122 kryoterapi"}]},{"@type":"WebSite","@id":"https:\/\/speedrecovery.fi\/sv\/#website","url":"https:\/\/speedrecovery.fi\/sv\/","name":"Speed Recovery Studio","description":"Speed Recovery Studio Haaga \/ CTN Technologies e\u00b0CABIN\u2122, LedPro\u2122, OxyPro\u2122, X-TONE\u2122, X\u00b0CRYO\u2122 and X\u00b0GUN\u2122","publisher":{"@id":"https:\/\/speedrecovery.fi\/sv\/#organization"},"potentialAction":[{"@type":"SearchAction","target":{"@type":"EntryPoint","urlTemplate":"https:\/\/speedrecovery.fi\/sv\/?s={search_term_string}"},"query-input":{"@type":"PropertyValueSpecification","valueRequired":true,"valueName":"search_term_string"}}],"inLanguage":"sv-SE"},{"@type":"Organization","@id":"https:\/\/speedrecovery.fi\/sv\/#organization","name":"Speed Recovery Studio","url":"https:\/\/speedrecovery.fi\/sv\/","logo":{"@type":"ImageObject","inLanguage":"sv-SE","@id":"https:\/\/speedrecovery.fi\/sv\/#\/schema\/logo\/image\/","url":"https:\/\/speedrecovery.fi\/wp-content\/uploads\/2023\/10\/Speed_recovery_logo_black.png","contentUrl":"https:\/\/speedrecovery.fi\/wp-content\/uploads\/2023\/10\/Speed_recovery_logo_black.png","width":1182,"height":1182,"caption":"Speed Recovery Studio"},"image":{"@id":"https:\/\/speedrecovery.fi\/sv\/#\/schema\/logo\/image\/"}}]}},"_links":{"self":[{"href":"https:\/\/speedrecovery.fi\/sv\/wp-json\/wp\/v2\/pages\/4967","targetHints":{"allow":["GET"]}}],"collection":[{"href":"https:\/\/speedrecovery.fi\/sv\/wp-json\/wp\/v2\/pages"}],"about":[{"href":"https:\/\/speedrecovery.fi\/sv\/wp-json\/wp\/v2\/types\/page"}],"author":[{"embeddable":true,"href":"https:\/\/speedrecovery.fi\/sv\/wp-json\/wp\/v2\/users\/1"}],"replies":[{"embeddable":true,"href":"https:\/\/speedrecovery.fi\/sv\/wp-json\/wp\/v2\/comments?post=4967"}],"version-history":[{"count":0,"href":"https:\/\/speedrecovery.fi\/sv\/wp-json\/wp\/v2\/pages\/4967\/revisions"}],"wp:featuredmedia":[{"embeddable":true,"href":"https:\/\/speedrecovery.fi\/sv\/wp-json\/wp\/v2\/media\/6344"}],"wp:attachment":[{"href":"https:\/\/speedrecovery.fi\/sv\/wp-json\/wp\/v2\/media?parent=4967"}],"curies":[{"name":"wp","href":"https:\/\/api.w.org\/{rel}","templated":true}]}}