{"id":5061,"date":"2024-02-16T10:28:53","date_gmt":"2024-02-16T08:28:53","guid":{"rendered":"https:\/\/speedrecovery.fi\/ledpro-terapi-med-rott-ljus\/"},"modified":"2025-12-22T10:32:32","modified_gmt":"2025-12-22T08:32:32","slug":"ledpro","status":"publish","type":"page","link":"https:\/\/speedrecovery.fi\/sv\/ledpro\/","title":{"rendered":"LedPro\u2122 terapi med r\u00f6tt ljus"},"content":{"rendered":"<p>[et_pb_section fb_built=&#8221;1&#8243; _builder_version=&#8221;4.27.4&#8243; _module_preset=&#8221;default&#8221; use_background_color_gradient=&#8221;on&#8221; background_color_gradient_stops=&#8221;#002289 0%|#2aa6c2 25%|#ffffff 50%&#8221; min_height=&#8221;1013.1px&#8221; height=&#8221;2200px&#8221; custom_padding=&#8221;35px||374px|||&#8221; global_colors_info=&#8221;{}&#8221;][et_pb_row _builder_version=&#8221;4.24.0&#8243; _module_preset=&#8221;default&#8221; global_colors_info=&#8221;{}&#8221;][et_pb_column type=&#8221;4_4&#8243; _builder_version=&#8221;4.24.0&#8243; _module_preset=&#8221;default&#8221; global_colors_info=&#8221;{}&#8221;][et_pb_text _builder_version=&#8221;4.27.4&#8243; _module_preset=&#8221;default&#8221; text_font=&#8221;ABeeZee||||||||&#8221; text_text_color=&#8221;#FFFFFF&#8221; text_font_size=&#8221;20px&#8221; header_2_text_color=&#8221;#FFFFFF&#8221; header_2_font_size=&#8221;24px&#8221; text_text_shadow_style=&#8221;preset5&#8243; header_2_text_shadow_style=&#8221;preset5&#8243; global_colors_info=&#8221;{}&#8221;]<\/p>\n<h2 style=\"text-align: center;\">LedPro\u2122 terapi med r\u00f6tt ljus<\/h2>\n<p style=\"text-align: center;\">25 \u20ac \/ session | 110 \u20ac \/ 5 sessioner | 200 \u20ac \/ 10 sessioner<\/p>\n<p style=\"text-align: center;\">\n<p style=\"text-align: left;\">LedPro\u2122 \u00e4r en r\u00f6dljusterapi som erbjuder flera h\u00e4lsof\u00f6rdelar. R\u00f6dljusterapi, eller fotobiomodulation, anv\u00e4nder r\u00f6tt och n\u00e4ra infrar\u00f6tt ljus f\u00f6r att stimulera cellfunktionen och p\u00e5skynda kroppens naturliga l\u00e4kningsprocesser. <\/p>\n<p style=\"text-align: left;\">LedPro\u2122 anv\u00e4nder r\u00f6da ljusv\u00e5gl\u00e4ngder p\u00e5 633 och 660 nm samt n\u00e4ra infrar\u00f6tt ljus p\u00e5 850 och 940 nm, vilket p\u00e5verkar upp till 20 millimeter djupt under huden. Behandlingen f\u00f6rb\u00e4ttrar blodcirkulationen, \u00e4mnesoms\u00e4ttningen och producerar naturliga n\u00e4rings\u00e4mnen f\u00f6r huden. <\/p>\n<p>[\/et_pb_text][\/et_pb_column][\/et_pb_row][et_pb_row _builder_version=&#8221;4.27.0&#8243; _module_preset=&#8221;default&#8221; global_colors_info=&#8221;{}&#8221;][et_pb_column type=&#8221;4_4&#8243; _builder_version=&#8221;4.27.0&#8243; _module_preset=&#8221;default&#8221; global_colors_info=&#8221;{}&#8221;][et_pb_video src=&#8221;https:\/\/speedrecovery.fi\/wp-content\/uploads\/2024\/09\/ledpro_fullhd_sub.mp4&#8243; image_src=&#8221;https:\/\/speedrecovery.fi\/wp-content\/uploads\/2024\/09\/ledpro_video_screenshot1.jpg&#8221; _builder_version=&#8221;4.27.0&#8243; _module_preset=&#8221;default&#8221; transform_scale=&#8221;95%|95%&#8221; border_width_all=&#8221;2px&#8221; border_color_all=&#8221;#FFFFFF&#8221; box_shadow_style=&#8221;preset4&#8243; box_shadow_blur=&#8221;25px&#8221; global_colors_info=&#8221;{}&#8221;][\/et_pb_video][\/et_pb_column][\/et_pb_row][et_pb_row column_structure=&#8221;1_2,1_2&#8243; _builder_version=&#8221;4.24.0&#8243; _module_preset=&#8221;default&#8221; global_colors_info=&#8221;{}&#8221;][et_pb_column type=&#8221;1_2&#8243; _builder_version=&#8221;4.24.0&#8243; _module_preset=&#8221;default&#8221; global_colors_info=&#8221;{}&#8221;][et_pb_image src=&#8221;https:\/\/speedrecovery.fi\/wp-content\/uploads\/2024\/10\/ledpro_10_43_cropped.jpg&#8221; title_text=&#8221;ledpro_10_43_cropped&#8221; _builder_version=&#8221;4.27.2&#8243; _module_preset=&#8221;default&#8221; transform_scale=&#8221;95%|95%&#8221; border_width_all=&#8221;2px&#8221; border_color_all=&#8221;#FFFFFF&#8221; border_width_left=&#8221;2px&#8221; box_shadow_style=&#8221;preset4&#8243; box_shadow_blur=&#8221;25px&#8221; global_colors_info=&#8221;{}&#8221;][\/et_pb_image][et_pb_text _builder_version=&#8221;4.27.2&#8243; _module_preset=&#8221;default&#8221; text_font=&#8221;ABeeZee||||||||&#8221; text_text_color=&#8221;#000000&#8243; text_font_size=&#8221;19px&#8221; header_font=&#8221;ABeeZee||||||||&#8221; header_2_text_color=&#8221;#FFFFFF&#8221; header_3_font=&#8221;ABeeZee||||||||&#8221; header_3_text_color=&#8221;#FFFFFF&#8221; header_2_text_shadow_style=&#8221;preset5&#8243; header_3_text_shadow_style=&#8221;preset5&#8243; global_colors_info=&#8221;{}&#8221;]<\/p>\n<p>N\u00e4r kroppen uts\u00e4tts f\u00f6r det ljus som produceras av LedPro\u2122 absorberar mitokondrierna &#8211; cellernas energiproduktionscentrum &#8211; detta ljus och \u00f6kar produktionen av ATP (adenosintrifosfat). Denna energiaktivering hj\u00e4lper cellerna att l\u00e4ka, f\u00f6rnyas och fungera mer effektivt. Terapi med r\u00f6tt ljus fungerar genom att tr\u00e4nga in i huden och leverera ljusenergi till cellerna.<\/p>\n<p>F\u00f6r idrottare och aktiva personer kan LedPro\u2122 ge betydande f\u00f6rdelar vid muskel\u00e5terh\u00e4mtning. R\u00f6dljusterapi kan minska muskel\u00f6mhet och inflammation efter ett intensivt tr\u00e4ningspass, vilket bidrar till att f\u00f6rb\u00e4ttra prestationen och p\u00e5skynda \u00e5terh\u00e4mtningen.<\/p>\n<p>[\/et_pb_text][\/et_pb_column][et_pb_column type=&#8221;1_2&#8243; _builder_version=&#8221;4.24.0&#8243; _module_preset=&#8221;default&#8221; global_colors_info=&#8221;{}&#8221;][et_pb_image src=&#8221;https:\/\/speedrecovery.fi\/wp-content\/uploads\/2024\/10\/ledpro_10_29_cropped.jpg&#8221; title_text=&#8221;ledpro_10_29_cropped&#8221; _builder_version=&#8221;4.27.2&#8243; _module_preset=&#8221;default&#8221; transform_scale=&#8221;95%|95%&#8221; border_width_all=&#8221;2px&#8221; border_color_all=&#8221;#FFFFFF&#8221; box_shadow_style=&#8221;preset4&#8243; box_shadow_blur=&#8221;25px&#8221; global_colors_info=&#8221;{}&#8221;][\/et_pb_image][et_pb_text _builder_version=&#8221;4.27.4&#8243; _module_preset=&#8221;default&#8221; text_font=&#8221;ABeeZee||||||||&#8221; text_text_color=&#8221;#000000&#8243; text_font_size=&#8221;19px&#8221; header_text_color=&#8221;#FFFFFF&#8221; header_2_text_color=&#8221;#FFFFFF&#8221; header_3_text_color=&#8221;#FFFFFF&#8221; header_2_text_shadow_style=&#8221;preset5&#8243; header_3_text_shadow_style=&#8221;preset5&#8243; global_colors_info=&#8221;{}&#8221;]<\/p>\n<p>Terapi med r\u00f6tt ljus har visat sig vara effektivt vid behandling av \u00e4rr, hudskador och inflammation, vilket g\u00f6r det till ett utm\u00e4rkt val f\u00f6r att f\u00f6rb\u00e4ttra hudens h\u00e4lsa och utseende. Om behandlingen anv\u00e4nds regelbundet kan den f\u00f6rb\u00e4ttra sk\u00f6ldk\u00f6rtelfunktionen och p\u00e5skynda \u00e4mnesoms\u00e4ttningen i hela kroppen.<\/p>\n<p>LedPro\u2122-behandling kan ha m\u00e5nga andra f\u00f6rdelar. Det kan bidra till att f\u00f6rb\u00e4ttra cirkulationen, lindra sm\u00e4rta och inflammation samt fr\u00e4mja psykisk h\u00e4lsa, t.ex. genom att lindra symtom p\u00e5 depression och \u00e5ngest.<\/p>\n<p>&nbsp;<\/p>\n<p>&nbsp;<\/p>\n<p>[\/et_pb_text][\/et_pb_column][\/et_pb_row][\/et_pb_section][et_pb_section fb_built=&#8221;1&#8243; _builder_version=&#8221;4.24.0&#8243; _module_preset=&#8221;default&#8221; custom_padding=&#8221;40px|||||&#8221; global_colors_info=&#8221;{}&#8221;][et_pb_row column_structure=&#8221;1_4,1_4,1_4,1_4&#8243; _builder_version=&#8221;4.24.2&#8243; _module_preset=&#8221;default&#8221; custom_padding=&#8221;40px||||false|false&#8221; border_width_top=&#8221;1px&#8221; border_color_top=&#8221;#000000&#8243; global_colors_info=&#8221;{}&#8221; theme_builder_area=&#8221;post_content&#8221;][et_pb_column type=&#8221;1_4&#8243; _builder_version=&#8221;4.24.0&#8243; _module_preset=&#8221;default&#8221; global_colors_info=&#8221;{}&#8221; theme_builder_area=&#8221;post_content&#8221;][\/et_pb_column][et_pb_column type=&#8221;1_4&#8243; _builder_version=&#8221;4.24.0&#8243; _module_preset=&#8221;default&#8221; global_colors_info=&#8221;{}&#8221; theme_builder_area=&#8221;post_content&#8221;][et_pb_text _builder_version=&#8221;4.25.1&#8243; _module_preset=&#8221;default&#8221; text_font=&#8221;ABeeZee||||||||&#8221; text_text_color=&#8221;#000000&#8243; text_font_size=&#8221;18px&#8221; global_colors_info=&#8221;{}&#8221; theme_builder_area=&#8221;post_content&#8221;]<\/p>\n<p>Speed Recovery Studio<\/p>\n<p>Hotel Haaga Central Park<br \/>Nuijamiestentie 10<br \/>00320 Helsingfors<\/p>\n<p>+358 400 90 3033<br \/>info@speedrecovery.fi<\/p>\n<p>[\/et_pb_text][\/et_pb_column][et_pb_column type=&#8221;1_4&#8243; _builder_version=&#8221;4.24.0&#8243; _module_preset=&#8221;default&#8221; global_colors_info=&#8221;{}&#8221; theme_builder_area=&#8221;post_content&#8221;][et_pb_text _builder_version=&#8221;4.27.4&#8243; _module_preset=&#8221;default&#8221; text_font=&#8221;ABeeZee||||||||&#8221; text_text_color=&#8221;#000000&#8243; text_font_size=&#8221;18px&#8221; global_colors_info=&#8221;{}&#8221; theme_builder_area=&#8221;post_content&#8221;]<\/p>\n<p>M\u00e5n &#8211; Fre 10:00 &#8211; 18:00<br \/>L\u00f6r 10:00 &#8211; 16:00<\/p>\n<p>Speed Promotion Finland SPF Oy 1048072-2<\/p>\n<p>[\/et_pb_text][et_pb_social_media_follow _builder_version=&#8221;4.27.4&#8243; _module_preset=&#8221;default&#8221; background_color=&#8221;RGBA(255,255,255,0)&#8221; transform_scale=&#8221;105%|105%&#8221; global_colors_info=&#8221;{}&#8221; theme_builder_area=&#8221;post_content&#8221;][et_pb_social_media_follow_network social_network=&#8221;instagram&#8221; url=&#8221;https:\/\/www.instagram.com\/speedrecoverystudio\/&#8221; icon_color=&#8221;#000000&#8243; _builder_version=&#8221;4.25.2&#8243; _module_preset=&#8221;default&#8221; background_color=&#8221;RGBA(255,255,255,0)&#8221; background_enable_color=&#8221;on&#8221; global_colors_info=&#8221;{}&#8221; theme_builder_area=&#8221;post_content&#8221; follow_button=&#8221;off&#8221; url_new_window=&#8221;on&#8221;]instagram[\/et_pb_social_media_follow_network][et_pb_social_media_follow_network social_network=&#8221;facebook&#8221; url=&#8221;https:\/\/www.facebook.com\/profile.php?id=61553820249195&#8243; icon_color=&#8221;#000000&#8243; _builder_version=&#8221;4.25.2&#8243; _module_preset=&#8221;default&#8221; background_color=&#8221;RGBA(255,255,255,0)&#8221; background_enable_color=&#8221;on&#8221; global_colors_info=&#8221;{}&#8221; theme_builder_area=&#8221;post_content&#8221; follow_button=&#8221;off&#8221; url_new_window=&#8221;on&#8221;]facebook[\/et_pb_social_media_follow_network][et_pb_social_media_follow_network social_network=&#8221;youtube&#8221; url=&#8221;https:\/\/www.youtube.com\/@SpeedRecoveryStudio&#8221; icon_color=&#8221;#000000&#8243; _builder_version=&#8221;4.27.0&#8243; _module_preset=&#8221;default&#8221; background_color=&#8221;RGBA(255,255,255,0)&#8221; background_enable_color=&#8221;on&#8221; global_colors_info=&#8221;{}&#8221; theme_builder_area=&#8221;post_content&#8221; follow_button=&#8221;off&#8221; url_new_window=&#8221;on&#8221;]youtube[\/et_pb_social_media_follow_network][et_pb_social_media_follow_network social_network=&#8221;tiktok&#8221; url=&#8221;https:\/\/www.tiktok.com\/@speedrecoveryfin?_t=ZN-8vnwhEsFFnK&#038;_r=1&#8243; icon_color=&#8221;#000000&#8243; _builder_version=&#8221;4.27.4&#8243; _module_preset=&#8221;default&#8221; background_color=&#8221;RGBA(255,255,255,0)&#8221; background_enable_color=&#8221;on&#8221; global_colors_info=&#8221;{}&#8221; theme_builder_area=&#8221;post_content&#8221; follow_button=&#8221;off&#8221; url_new_window=&#8221;on&#8221;]tiktok[\/et_pb_social_media_follow_network][\/et_pb_social_media_follow][\/et_pb_column][et_pb_column type=&#8221;1_4&#8243; _builder_version=&#8221;4.24.0&#8243; _module_preset=&#8221;default&#8221; global_colors_info=&#8221;{}&#8221; theme_builder_area=&#8221;post_content&#8221;][\/et_pb_column][\/et_pb_row][\/et_pb_section]<\/p>\n","protected":false},"excerpt":{"rendered":"<p>LedPro\u2122 terapi med r\u00f6tt ljus 25 \u20ac \/ session | 110 \u20ac \/ 5 sessioner | 200 \u20ac \/ 10 sessioner LedPro\u2122 \u00e4r en r\u00f6dljusterapi som erbjuder flera h\u00e4lsof\u00f6rdelar. R\u00f6dljusterapi, eller fotobiomodulation, anv\u00e4nder r\u00f6tt och n\u00e4ra infrar\u00f6tt ljus f\u00f6r att stimulera cellfunktionen och p\u00e5skynda kroppens naturliga l\u00e4kningsprocesser. LedPro\u2122 anv\u00e4nder r\u00f6da ljusv\u00e5gl\u00e4ngder p\u00e5 633 och 660 [&hellip;]<\/p>\n","protected":false},"author":1,"featured_media":8261,"parent":0,"menu_order":0,"comment_status":"closed","ping_status":"closed","template":"","meta":{"_et_pb_use_builder":"on","_et_pb_old_content":"","_et_gb_content_width":"","footnotes":""},"class_list":["post-5061","page","type-page","status-publish","has-post-thumbnail","hentry"],"yoast_head":"<!-- This site is optimized with the Yoast SEO Premium plugin v26.0 (Yoast SEO v27.4) - https:\/\/yoast.com\/product\/yoast-seo-premium-wordpress\/ -->\n<title>LedPro\u2122 terapi med r\u00f6tt ljus - Speed Recovery Studio<\/title>\n<meta name=\"description\" content=\"R\u00f6dljusterapi \u00e4r en form av ljusterapi som anv\u00e4nder r\u00f6tt och\/eller n\u00e4ra infrar\u00f6tt ljus f\u00f6r att stimulera energiproduktionen i cellerna. LedPro\u2122 \u00e4r en kombination av dessa ljusterapier, som applicerar r\u00f6tt ljus och NIR-ljusfrekvenser p\u00e5 hela kroppen.\" \/>\n<meta name=\"robots\" content=\"index, follow, max-snippet:-1, max-image-preview:large, max-video-preview:-1\" \/>\n<link rel=\"canonical\" href=\"https:\/\/speedrecovery.fi\/sv\/ledpro\/\" \/>\n<meta property=\"og:locale\" content=\"sv_SE\" \/>\n<meta property=\"og:type\" content=\"article\" \/>\n<meta property=\"og:title\" content=\"LedPro\u2122 terapi med r\u00f6tt ljus\" \/>\n<meta property=\"og:description\" content=\"R\u00f6dljusterapi \u00e4r en form av ljusterapi som anv\u00e4nder r\u00f6tt och\/eller n\u00e4ra infrar\u00f6tt ljus f\u00f6r att stimulera energiproduktionen i cellerna. LedPro\u2122 \u00e4r en kombination av dessa ljusterapier, som applicerar r\u00f6tt ljus och NIR-ljusfrekvenser p\u00e5 hela kroppen.\" \/>\n<meta property=\"og:url\" content=\"https:\/\/speedrecovery.fi\/sv\/ledpro\/\" \/>\n<meta property=\"og:site_name\" content=\"Speed Recovery Studio\" \/>\n<meta property=\"article:modified_time\" content=\"2025-12-22T08:32:32+00:00\" \/>\n<meta property=\"og:image\" content=\"https:\/\/speedrecovery.fi\/wp-content\/uploads\/2024\/10\/ledpro_10_39_square_cropped.jpg\" \/>\n\t<meta property=\"og:image:width\" content=\"2001\" \/>\n\t<meta property=\"og:image:height\" content=\"2001\" \/>\n\t<meta property=\"og:image:type\" content=\"image\/jpeg\" \/>\n<meta name=\"twitter:card\" content=\"summary_large_image\" \/>\n<meta name=\"twitter:label1\" content=\"Ber\u00e4knad l\u00e4stid\" \/>\n\t<meta name=\"twitter:data1\" content=\"6 minuter\" \/>\n<script type=\"application\/ld+json\" class=\"yoast-schema-graph\">{\"@context\":\"https:\\\/\\\/schema.org\",\"@graph\":[{\"@type\":\"WebPage\",\"@id\":\"https:\\\/\\\/speedrecovery.fi\\\/sv\\\/ledpro\\\/\",\"url\":\"https:\\\/\\\/speedrecovery.fi\\\/sv\\\/ledpro\\\/\",\"name\":\"LedPro\u2122 terapi med r\u00f6tt ljus - Speed Recovery Studio\",\"isPartOf\":{\"@id\":\"https:\\\/\\\/speedrecovery.fi\\\/sv\\\/#website\"},\"primaryImageOfPage\":{\"@id\":\"https:\\\/\\\/speedrecovery.fi\\\/sv\\\/ledpro\\\/#primaryimage\"},\"image\":{\"@id\":\"https:\\\/\\\/speedrecovery.fi\\\/sv\\\/ledpro\\\/#primaryimage\"},\"thumbnailUrl\":\"https:\\\/\\\/speedrecovery.fi\\\/wp-content\\\/uploads\\\/2024\\\/10\\\/ledpro_10_39_square_cropped.jpg\",\"datePublished\":\"2024-02-16T08:28:53+00:00\",\"dateModified\":\"2025-12-22T08:32:32+00:00\",\"description\":\"R\u00f6dljusterapi \u00e4r en form av ljusterapi som anv\u00e4nder r\u00f6tt och\\\/eller n\u00e4ra infrar\u00f6tt ljus f\u00f6r att stimulera energiproduktionen i cellerna. LedPro\u2122 \u00e4r en kombination av dessa ljusterapier, som applicerar r\u00f6tt ljus och NIR-ljusfrekvenser p\u00e5 hela kroppen.\",\"breadcrumb\":{\"@id\":\"https:\\\/\\\/speedrecovery.fi\\\/sv\\\/ledpro\\\/#breadcrumb\"},\"inLanguage\":\"sv-SE\",\"potentialAction\":[{\"@type\":\"ReadAction\",\"target\":[\"https:\\\/\\\/speedrecovery.fi\\\/sv\\\/ledpro\\\/\"]}]},{\"@type\":\"ImageObject\",\"inLanguage\":\"sv-SE\",\"@id\":\"https:\\\/\\\/speedrecovery.fi\\\/sv\\\/ledpro\\\/#primaryimage\",\"url\":\"https:\\\/\\\/speedrecovery.fi\\\/wp-content\\\/uploads\\\/2024\\\/10\\\/ledpro_10_39_square_cropped.jpg\",\"contentUrl\":\"https:\\\/\\\/speedrecovery.fi\\\/wp-content\\\/uploads\\\/2024\\\/10\\\/ledpro_10_39_square_cropped.jpg\",\"width\":2001,\"height\":2001},{\"@type\":\"BreadcrumbList\",\"@id\":\"https:\\\/\\\/speedrecovery.fi\\\/sv\\\/ledpro\\\/#breadcrumb\",\"itemListElement\":[{\"@type\":\"ListItem\",\"position\":1,\"name\":\"Home\",\"item\":\"https:\\\/\\\/speedrecovery.fi\\\/sv\\\/\"},{\"@type\":\"ListItem\",\"position\":2,\"name\":\"LedPro\u2122 terapi med r\u00f6tt ljus\"}]},{\"@type\":\"WebSite\",\"@id\":\"https:\\\/\\\/speedrecovery.fi\\\/sv\\\/#website\",\"url\":\"https:\\\/\\\/speedrecovery.fi\\\/sv\\\/\",\"name\":\"Speed Recovery Studio\",\"description\":\"Speed Recovery Studio Haaga \\\/ CTN Technologies e\u00b0CABIN\u2122, LedPro\u2122, OxyPro\u2122, X-TONE\u2122, X\u00b0CRYO\u2122 and X\u00b0GUN\u2122\",\"publisher\":{\"@id\":\"https:\\\/\\\/speedrecovery.fi\\\/sv\\\/#organization\"},\"potentialAction\":[{\"@type\":\"SearchAction\",\"target\":{\"@type\":\"EntryPoint\",\"urlTemplate\":\"https:\\\/\\\/speedrecovery.fi\\\/sv\\\/?s={search_term_string}\"},\"query-input\":{\"@type\":\"PropertyValueSpecification\",\"valueRequired\":true,\"valueName\":\"search_term_string\"}}],\"inLanguage\":\"sv-SE\"},{\"@type\":\"Organization\",\"@id\":\"https:\\\/\\\/speedrecovery.fi\\\/sv\\\/#organization\",\"name\":\"Speed Recovery Studio\",\"url\":\"https:\\\/\\\/speedrecovery.fi\\\/sv\\\/\",\"logo\":{\"@type\":\"ImageObject\",\"inLanguage\":\"sv-SE\",\"@id\":\"https:\\\/\\\/speedrecovery.fi\\\/sv\\\/#\\\/schema\\\/logo\\\/image\\\/\",\"url\":\"https:\\\/\\\/speedrecovery.fi\\\/wp-content\\\/uploads\\\/2023\\\/10\\\/Speed_recovery_logo_black.png\",\"contentUrl\":\"https:\\\/\\\/speedrecovery.fi\\\/wp-content\\\/uploads\\\/2023\\\/10\\\/Speed_recovery_logo_black.png\",\"width\":1182,\"height\":1182,\"caption\":\"Speed Recovery Studio\"},\"image\":{\"@id\":\"https:\\\/\\\/speedrecovery.fi\\\/sv\\\/#\\\/schema\\\/logo\\\/image\\\/\"}}]}<\/script>\n<!-- \/ Yoast SEO Premium plugin. -->","yoast_head_json":{"title":"LedPro\u2122 terapi med r\u00f6tt ljus - Speed Recovery Studio","description":"R\u00f6dljusterapi \u00e4r en form av ljusterapi som anv\u00e4nder r\u00f6tt och\/eller n\u00e4ra infrar\u00f6tt ljus f\u00f6r att stimulera energiproduktionen i cellerna. LedPro\u2122 \u00e4r en kombination av dessa ljusterapier, som applicerar r\u00f6tt ljus och NIR-ljusfrekvenser p\u00e5 hela kroppen.","robots":{"index":"index","follow":"follow","max-snippet":"max-snippet:-1","max-image-preview":"max-image-preview:large","max-video-preview":"max-video-preview:-1"},"canonical":"https:\/\/speedrecovery.fi\/sv\/ledpro\/","og_locale":"sv_SE","og_type":"article","og_title":"LedPro\u2122 terapi med r\u00f6tt ljus","og_description":"R\u00f6dljusterapi \u00e4r en form av ljusterapi som anv\u00e4nder r\u00f6tt och\/eller n\u00e4ra infrar\u00f6tt ljus f\u00f6r att stimulera energiproduktionen i cellerna. LedPro\u2122 \u00e4r en kombination av dessa ljusterapier, som applicerar r\u00f6tt ljus och NIR-ljusfrekvenser p\u00e5 hela kroppen.","og_url":"https:\/\/speedrecovery.fi\/sv\/ledpro\/","og_site_name":"Speed Recovery Studio","article_modified_time":"2025-12-22T08:32:32+00:00","og_image":[{"width":2001,"height":2001,"url":"https:\/\/speedrecovery.fi\/wp-content\/uploads\/2024\/10\/ledpro_10_39_square_cropped.jpg","type":"image\/jpeg"}],"twitter_card":"summary_large_image","twitter_misc":{"Ber\u00e4knad l\u00e4stid":"6 minuter"},"schema":{"@context":"https:\/\/schema.org","@graph":[{"@type":"WebPage","@id":"https:\/\/speedrecovery.fi\/sv\/ledpro\/","url":"https:\/\/speedrecovery.fi\/sv\/ledpro\/","name":"LedPro\u2122 terapi med r\u00f6tt ljus - Speed Recovery Studio","isPartOf":{"@id":"https:\/\/speedrecovery.fi\/sv\/#website"},"primaryImageOfPage":{"@id":"https:\/\/speedrecovery.fi\/sv\/ledpro\/#primaryimage"},"image":{"@id":"https:\/\/speedrecovery.fi\/sv\/ledpro\/#primaryimage"},"thumbnailUrl":"https:\/\/speedrecovery.fi\/wp-content\/uploads\/2024\/10\/ledpro_10_39_square_cropped.jpg","datePublished":"2024-02-16T08:28:53+00:00","dateModified":"2025-12-22T08:32:32+00:00","description":"R\u00f6dljusterapi \u00e4r en form av ljusterapi som anv\u00e4nder r\u00f6tt och\/eller n\u00e4ra infrar\u00f6tt ljus f\u00f6r att stimulera energiproduktionen i cellerna. LedPro\u2122 \u00e4r en kombination av dessa ljusterapier, som applicerar r\u00f6tt ljus och NIR-ljusfrekvenser p\u00e5 hela kroppen.","breadcrumb":{"@id":"https:\/\/speedrecovery.fi\/sv\/ledpro\/#breadcrumb"},"inLanguage":"sv-SE","potentialAction":[{"@type":"ReadAction","target":["https:\/\/speedrecovery.fi\/sv\/ledpro\/"]}]},{"@type":"ImageObject","inLanguage":"sv-SE","@id":"https:\/\/speedrecovery.fi\/sv\/ledpro\/#primaryimage","url":"https:\/\/speedrecovery.fi\/wp-content\/uploads\/2024\/10\/ledpro_10_39_square_cropped.jpg","contentUrl":"https:\/\/speedrecovery.fi\/wp-content\/uploads\/2024\/10\/ledpro_10_39_square_cropped.jpg","width":2001,"height":2001},{"@type":"BreadcrumbList","@id":"https:\/\/speedrecovery.fi\/sv\/ledpro\/#breadcrumb","itemListElement":[{"@type":"ListItem","position":1,"name":"Home","item":"https:\/\/speedrecovery.fi\/sv\/"},{"@type":"ListItem","position":2,"name":"LedPro\u2122 terapi med r\u00f6tt ljus"}]},{"@type":"WebSite","@id":"https:\/\/speedrecovery.fi\/sv\/#website","url":"https:\/\/speedrecovery.fi\/sv\/","name":"Speed Recovery Studio","description":"Speed Recovery Studio Haaga \/ CTN Technologies e\u00b0CABIN\u2122, LedPro\u2122, OxyPro\u2122, X-TONE\u2122, X\u00b0CRYO\u2122 and X\u00b0GUN\u2122","publisher":{"@id":"https:\/\/speedrecovery.fi\/sv\/#organization"},"potentialAction":[{"@type":"SearchAction","target":{"@type":"EntryPoint","urlTemplate":"https:\/\/speedrecovery.fi\/sv\/?s={search_term_string}"},"query-input":{"@type":"PropertyValueSpecification","valueRequired":true,"valueName":"search_term_string"}}],"inLanguage":"sv-SE"},{"@type":"Organization","@id":"https:\/\/speedrecovery.fi\/sv\/#organization","name":"Speed Recovery Studio","url":"https:\/\/speedrecovery.fi\/sv\/","logo":{"@type":"ImageObject","inLanguage":"sv-SE","@id":"https:\/\/speedrecovery.fi\/sv\/#\/schema\/logo\/image\/","url":"https:\/\/speedrecovery.fi\/wp-content\/uploads\/2023\/10\/Speed_recovery_logo_black.png","contentUrl":"https:\/\/speedrecovery.fi\/wp-content\/uploads\/2023\/10\/Speed_recovery_logo_black.png","width":1182,"height":1182,"caption":"Speed Recovery Studio"},"image":{"@id":"https:\/\/speedrecovery.fi\/sv\/#\/schema\/logo\/image\/"}}]}},"_links":{"self":[{"href":"https:\/\/speedrecovery.fi\/sv\/wp-json\/wp\/v2\/pages\/5061","targetHints":{"allow":["GET"]}}],"collection":[{"href":"https:\/\/speedrecovery.fi\/sv\/wp-json\/wp\/v2\/pages"}],"about":[{"href":"https:\/\/speedrecovery.fi\/sv\/wp-json\/wp\/v2\/types\/page"}],"author":[{"embeddable":true,"href":"https:\/\/speedrecovery.fi\/sv\/wp-json\/wp\/v2\/users\/1"}],"replies":[{"embeddable":true,"href":"https:\/\/speedrecovery.fi\/sv\/wp-json\/wp\/v2\/comments?post=5061"}],"version-history":[{"count":0,"href":"https:\/\/speedrecovery.fi\/sv\/wp-json\/wp\/v2\/pages\/5061\/revisions"}],"wp:featuredmedia":[{"embeddable":true,"href":"https:\/\/speedrecovery.fi\/sv\/wp-json\/wp\/v2\/media\/8261"}],"wp:attachment":[{"href":"https:\/\/speedrecovery.fi\/sv\/wp-json\/wp\/v2\/media?parent=5061"}],"curies":[{"name":"wp","href":"https:\/\/api.w.org\/{rel}","templated":true}]}}