{"id":5104,"date":"2024-02-16T12:46:46","date_gmt":"2024-02-16T10:46:46","guid":{"rendered":"https:\/\/speedrecovery.fi\/x-tone-elektromagnetisk-muskeltraning-och-kroppsformning\/"},"modified":"2025-12-22T10:36:18","modified_gmt":"2025-12-22T08:36:18","slug":"xtone","status":"publish","type":"page","link":"https:\/\/speedrecovery.fi\/sv\/xtone\/","title":{"rendered":"X-TONE\u2122 elektromagnetisk muskeltr\u00e4ning och kroppsformning"},"content":{"rendered":"<p>[et_pb_section fb_built=&#8221;1&#8243; _builder_version=&#8221;4.27.4&#8243; _module_preset=&#8221;default&#8221; use_background_color_gradient=&#8221;on&#8221; background_color_gradient_stops=&#8221;#002289 0%|#2aa6c2 25%|#ffffff 50%&#8221; min_height=&#8221;1013.1px&#8221; height=&#8221;2200px&#8221; custom_padding=&#8221;35px||374px|||&#8221; global_colors_info=&#8221;{}&#8221;][et_pb_row _builder_version=&#8221;4.24.0&#8243; _module_preset=&#8221;default&#8221; global_colors_info=&#8221;{}&#8221;][et_pb_column type=&#8221;4_4&#8243; _builder_version=&#8221;4.24.0&#8243; _module_preset=&#8221;default&#8221; global_colors_info=&#8221;{}&#8221;][et_pb_text _builder_version=&#8221;4.27.4&#8243; _module_preset=&#8221;default&#8221; text_font=&#8221;ABeeZee||||||||&#8221; text_text_color=&#8221;#FFFFFF&#8221; text_font_size=&#8221;20px&#8221; header_2_text_color=&#8221;#FFFFFF&#8221; header_2_font_size=&#8221;24px&#8221; text_text_shadow_style=&#8221;preset5&#8243; header_2_text_shadow_style=&#8221;preset5&#8243; global_colors_info=&#8221;{}&#8221;]<\/p>\n<h2 style=\"text-align: center;\">X-TONE\u2122 elektromagnetisk muskeltr\u00e4ning och kroppsformning<\/h2>\n<p style=\"text-align: center;\">40 \u20ac \/ 30 min | 180 \u20ac \/ 5 g\u00e5nger 30 min | 320 \u20ac \/ 10 g\u00e5nger 30 min<\/p>\n<p style=\"text-align: center;\">\n<p style=\"text-align: left;\">X-TONE\u2122 elektromagnetisk muskeltr\u00e4ning erbjuder ett effektivt och innovativt s\u00e4tt att f\u00f6rb\u00e4ttra muskelkonditionen och utveckla kroppens \u00f6vergripande prestanda. X-TONE\u2122 aktiverar dina muskelceller p\u00e5 ett s\u00e4tt som traditionell tr\u00e4ning inte kan, vilket maximerar effekterna av din tr\u00e4ning p\u00e5 kort tid.<\/p>\n<p style=\"text-align: left;\">Med X-TONE\u2122 kan du ocks\u00e5 tr\u00e4na dina b\u00e4ckenbottenmuskler med hj\u00e4lp av en specialdesignad sits. S\u00e4tet s\u00e4nder elektromagnetiska pulser genom b\u00e4ckenbotten och orsakar muskelsammandragningar f\u00f6r att f\u00f6rb\u00e4ttra styrkan och uth\u00e5lligheten i b\u00e4ckenbottenmusklerna.<\/p>\n<p>[\/et_pb_text][\/et_pb_column][\/et_pb_row][et_pb_row _builder_version=&#8221;4.27.0&#8243; _module_preset=&#8221;default&#8221; global_colors_info=&#8221;{}&#8221;][et_pb_column type=&#8221;4_4&#8243; _builder_version=&#8221;4.27.0&#8243; _module_preset=&#8221;default&#8221; global_colors_info=&#8221;{}&#8221;][et_pb_video src=&#8221;https:\/\/speedrecovery.fi\/wp-content\/uploads\/2024\/09\/xtone_fullhd_sub.mp4&#8243; image_src=&#8221;https:\/\/speedrecovery.fi\/wp-content\/uploads\/2024\/09\/xtone_video_screenshot1.jpg&#8221; _builder_version=&#8221;4.27.0&#8243; _module_preset=&#8221;default&#8221; transform_scale=&#8221;95%|95%&#8221; border_width_all=&#8221;2px&#8221; border_color_all=&#8221;#FFFFFF&#8221; box_shadow_style=&#8221;preset4&#8243; box_shadow_blur=&#8221;25px&#8221; global_colors_info=&#8221;{}&#8221;][\/et_pb_video][\/et_pb_column][\/et_pb_row][et_pb_row column_structure=&#8221;1_2,1_2&#8243; _builder_version=&#8221;4.24.0&#8243; _module_preset=&#8221;default&#8221; global_colors_info=&#8221;{}&#8221;][et_pb_column type=&#8221;1_2&#8243; _builder_version=&#8221;4.24.0&#8243; _module_preset=&#8221;default&#8221; global_colors_info=&#8221;{}&#8221;][et_pb_image src=&#8221;https:\/\/speedrecovery.fi\/wp-content\/uploads\/2024\/10\/xtone_10_66_cropped.jpg&#8221; title_text=&#8221;xtone_10_66_cropped&#8221; _builder_version=&#8221;4.27.2&#8243; _module_preset=&#8221;default&#8221; transform_scale=&#8221;95%|95%&#8221; border_width_all=&#8221;2px&#8221; border_color_all=&#8221;#FFFFFF&#8221; border_width_left=&#8221;2px&#8221; box_shadow_style=&#8221;preset4&#8243; box_shadow_blur=&#8221;25px&#8221; global_colors_info=&#8221;{}&#8221;][\/et_pb_image][et_pb_text _builder_version=&#8221;4.27.4&#8243; _module_preset=&#8221;default&#8221; text_font=&#8221;ABeeZee||||||||&#8221; text_text_color=&#8221;#000000&#8243; text_font_size=&#8221;19px&#8221; header_font=&#8221;ABeeZee||||||||&#8221; header_2_text_color=&#8221;#FFFFFF&#8221; header_3_font=&#8221;ABeeZee||||||||&#8221; header_3_text_color=&#8221;#FFFFFF&#8221; header_2_text_shadow_style=&#8221;preset5&#8243; header_3_text_shadow_style=&#8221;preset5&#8243; global_colors_info=&#8221;{}&#8221;]<\/p>\n<p>Elektromagnetisk muskelstimulering (MMS) \u00e4r en behandling som stimulerar muskelkontraktion f\u00f6r att st\u00e4rka musklerna, minska svullnad och lindra sm\u00e4rta. Samtidigt f\u00f6rst\u00f6r behandlingen fettceller och minskar o\u00f6nskade fettdep\u00e5er i de behandlade omr\u00e5dena.<\/p>\n<p>X-TONE\u2122-enheten genererar kraftfulla elektromagnetiska pulser som \u00f6verf\u00f6rs till muskel- och fettv\u00e4vnad via Tesla-coil-elektroder som sitter inuti stora behandlingshuvuden. De placeras antingen mot huden eller \u00f6ver tunna kl\u00e4der. MMS-enhetens pulser efterliknar responsen fr\u00e5n signalerna i det centrala nervsystemet, men sammandragningarna \u00e4r mer intensiva.<\/p>\n<p>[\/et_pb_text][\/et_pb_column][et_pb_column type=&#8221;1_2&#8243; _builder_version=&#8221;4.24.0&#8243; _module_preset=&#8221;default&#8221; global_colors_info=&#8221;{}&#8221;][et_pb_image src=&#8221;https:\/\/speedrecovery.fi\/wp-content\/uploads\/2024\/10\/xtone_10_75_cropped.jpg&#8221; title_text=&#8221;xtone_10_75_cropped&#8221; _builder_version=&#8221;4.27.2&#8243; _module_preset=&#8221;default&#8221; transform_scale=&#8221;95%|95%&#8221; border_width_all=&#8221;2px&#8221; border_color_all=&#8221;#FFFFFF&#8221; box_shadow_style=&#8221;preset4&#8243; box_shadow_blur=&#8221;25px&#8221; global_colors_info=&#8221;{}&#8221;][\/et_pb_image][et_pb_text _builder_version=&#8221;4.27.4&#8243; _module_preset=&#8221;default&#8221; text_font=&#8221;ABeeZee||||||||&#8221; text_text_color=&#8221;#000000&#8243; text_font_size=&#8221;19px&#8221; header_text_color=&#8221;#FFFFFF&#8221; header_2_text_color=&#8221;#FFFFFF&#8221; header_3_text_color=&#8221;#FFFFFF&#8221; header_2_text_shadow_style=&#8221;preset5&#8243; header_3_text_shadow_style=&#8221;preset5&#8243; global_colors_info=&#8221;{}&#8221;]<\/p>\n<p>F\u00f6r idrottare och fitnessentusiaster \u00e4r X-TONE\u2122 ett utm\u00e4rkt s\u00e4tt att f\u00f6rb\u00e4ttra sin tr\u00e4ning. Apparaten g\u00f6r det m\u00f6jligt att s\u00e4rskilt effektivt rikta in sig p\u00e5 specifika muskelgrupper, vilket g\u00f6r den s\u00e4rskilt anv\u00e4ndbar i rehabiliteringsprocesser eller f\u00f6r att st\u00e4rka f\u00f6rsvagade muskelomr\u00e5den.<\/p>\n<p>X-TONE\u2122 kan st\u00f6dja underh\u00e5ll och tillv\u00e4xt av muskler, s\u00e4rskilt f\u00f6r dem som har begr\u00e4nsningar i traditionell tr\u00e4ning &#8211; t.ex. \u00e4ldre m\u00e4nniskor. Det kan ocks\u00e5 bidra till att f\u00f6rhindra muskelf\u00f6rtvining vid l\u00e5ngvarig immobilisering.<\/p>\n<p>&nbsp;<\/p>\n<p>&nbsp;<\/p>\n<p>[\/et_pb_text][\/et_pb_column][\/et_pb_row][\/et_pb_section][et_pb_section fb_built=&#8221;1&#8243; _builder_version=&#8221;4.24.0&#8243; _module_preset=&#8221;default&#8221; custom_padding=&#8221;40px|||||&#8221; global_colors_info=&#8221;{}&#8221;][et_pb_row column_structure=&#8221;1_4,1_4,1_4,1_4&#8243; _builder_version=&#8221;4.24.2&#8243; _module_preset=&#8221;default&#8221; custom_padding=&#8221;40px||||false|false&#8221; border_width_top=&#8221;1px&#8221; border_color_top=&#8221;#000000&#8243; global_colors_info=&#8221;{}&#8221; theme_builder_area=&#8221;post_content&#8221;][et_pb_column type=&#8221;1_4&#8243; _builder_version=&#8221;4.24.0&#8243; _module_preset=&#8221;default&#8221; global_colors_info=&#8221;{}&#8221; theme_builder_area=&#8221;post_content&#8221;][\/et_pb_column][et_pb_column type=&#8221;1_4&#8243; _builder_version=&#8221;4.24.0&#8243; _module_preset=&#8221;default&#8221; global_colors_info=&#8221;{}&#8221; theme_builder_area=&#8221;post_content&#8221;][et_pb_text _builder_version=&#8221;4.25.1&#8243; _module_preset=&#8221;default&#8221; text_font=&#8221;ABeeZee||||||||&#8221; text_text_color=&#8221;#000000&#8243; text_font_size=&#8221;18px&#8221; global_colors_info=&#8221;{}&#8221; theme_builder_area=&#8221;post_content&#8221;]<\/p>\n<p>Speed Recovery Studio<\/p>\n<p>Hotel Haaga Central Park<br \/>Nuijamiestentie 10<br \/>00320 Helsingfors<\/p>\n<p>+358 400 90 3033<br \/>info@speedrecovery.fi<\/p>\n<p>[\/et_pb_text][\/et_pb_column][et_pb_column type=&#8221;1_4&#8243; _builder_version=&#8221;4.24.0&#8243; _module_preset=&#8221;default&#8221; global_colors_info=&#8221;{}&#8221; theme_builder_area=&#8221;post_content&#8221;][et_pb_text _builder_version=&#8221;4.27.4&#8243; _module_preset=&#8221;default&#8221; text_font=&#8221;ABeeZee||||||||&#8221; text_text_color=&#8221;#000000&#8243; text_font_size=&#8221;18px&#8221; global_colors_info=&#8221;{}&#8221; theme_builder_area=&#8221;post_content&#8221;]<\/p>\n<p>M\u00e5n &#8211; Fre 10:00 &#8211; 18:00<br \/>L\u00f6r 10:00 &#8211; 16:00<\/p>\n<p>Speed Promotion Finland SPF Oy 1048072-2<\/p>\n<p>[\/et_pb_text][et_pb_social_media_follow _builder_version=&#8221;4.27.4&#8243; _module_preset=&#8221;default&#8221; background_color=&#8221;RGBA(255,255,255,0)&#8221; transform_scale=&#8221;105%|105%&#8221; global_colors_info=&#8221;{}&#8221; theme_builder_area=&#8221;post_content&#8221;][et_pb_social_media_follow_network social_network=&#8221;instagram&#8221; url=&#8221;https:\/\/www.instagram.com\/speedrecoverystudio\/&#8221; icon_color=&#8221;#000000&#8243; _builder_version=&#8221;4.25.2&#8243; _module_preset=&#8221;default&#8221; background_color=&#8221;RGBA(255,255,255,0)&#8221; background_enable_color=&#8221;on&#8221; global_colors_info=&#8221;{}&#8221; theme_builder_area=&#8221;post_content&#8221; follow_button=&#8221;off&#8221; url_new_window=&#8221;on&#8221;]instagram[\/et_pb_social_media_follow_network][et_pb_social_media_follow_network social_network=&#8221;facebook&#8221; url=&#8221;https:\/\/www.facebook.com\/profile.php?id=61553820249195&#8243; icon_color=&#8221;#000000&#8243; _builder_version=&#8221;4.25.2&#8243; _module_preset=&#8221;default&#8221; background_color=&#8221;RGBA(255,255,255,0)&#8221; background_enable_color=&#8221;on&#8221; global_colors_info=&#8221;{}&#8221; theme_builder_area=&#8221;post_content&#8221; follow_button=&#8221;off&#8221; url_new_window=&#8221;on&#8221;]facebook[\/et_pb_social_media_follow_network][et_pb_social_media_follow_network social_network=&#8221;youtube&#8221; url=&#8221;https:\/\/www.youtube.com\/@SpeedRecoveryStudio&#8221; icon_color=&#8221;#000000&#8243; _builder_version=&#8221;4.27.0&#8243; _module_preset=&#8221;default&#8221; background_color=&#8221;RGBA(255,255,255,0)&#8221; background_enable_color=&#8221;on&#8221; global_colors_info=&#8221;{}&#8221; theme_builder_area=&#8221;post_content&#8221; follow_button=&#8221;off&#8221; url_new_window=&#8221;on&#8221;]youtube[\/et_pb_social_media_follow_network][et_pb_social_media_follow_network social_network=&#8221;tiktok&#8221; url=&#8221;https:\/\/www.tiktok.com\/@speedrecoveryfin?_t=ZN-8vnwhEsFFnK&#038;_r=1&#8243; icon_color=&#8221;#000000&#8243; _builder_version=&#8221;4.27.4&#8243; _module_preset=&#8221;default&#8221; background_color=&#8221;RGBA(255,255,255,0)&#8221; background_enable_color=&#8221;on&#8221; global_colors_info=&#8221;{}&#8221; theme_builder_area=&#8221;post_content&#8221; follow_button=&#8221;off&#8221; url_new_window=&#8221;on&#8221;]tiktok[\/et_pb_social_media_follow_network][\/et_pb_social_media_follow][\/et_pb_column][et_pb_column type=&#8221;1_4&#8243; _builder_version=&#8221;4.24.0&#8243; _module_preset=&#8221;default&#8221; global_colors_info=&#8221;{}&#8221; theme_builder_area=&#8221;post_content&#8221;][\/et_pb_column][\/et_pb_row][\/et_pb_section]<\/p>\n","protected":false},"excerpt":{"rendered":"<p>X-TONE\u2122 elektromagnetisk muskeltr\u00e4ning och kroppsformning 40 \u20ac \/ 30 min | 180 \u20ac \/ 5 g\u00e5nger 30 min | 320 \u20ac \/ 10 g\u00e5nger 30 min X-TONE\u2122 elektromagnetisk muskeltr\u00e4ning erbjuder ett effektivt och innovativt s\u00e4tt att f\u00f6rb\u00e4ttra muskelkonditionen och utveckla kroppens \u00f6vergripande prestanda. X-TONE\u2122 aktiverar dina muskelceller p\u00e5 ett s\u00e4tt som traditionell tr\u00e4ning inte kan, [&hellip;]<\/p>\n","protected":false},"author":1,"featured_media":8270,"parent":0,"menu_order":0,"comment_status":"closed","ping_status":"closed","template":"","meta":{"_et_pb_use_builder":"on","_et_pb_old_content":"","_et_gb_content_width":"","footnotes":""},"class_list":["post-5104","page","type-page","status-publish","has-post-thumbnail","hentry"],"yoast_head":"<!-- This site is optimized with the Yoast SEO Premium plugin v26.0 (Yoast SEO v27.5) - https:\/\/yoast.com\/product\/yoast-seo-premium-wordpress\/ -->\n<title>X-TONE\u2122 elektromagnetisk muskeltr\u00e4ning och kroppsformning - Speed Recovery Studio<\/title>\n<meta name=\"description\" content=\"CTN:s X-TONE\u2122 \u00e4r pionj\u00e4ren inom elektromagnetisk muskeltr\u00e4ning och erbjuder ett effektivt och innovativt s\u00e4tt att f\u00f6rb\u00e4ttra muskeltonus och utveckla hela kroppens prestationsf\u00f6rm\u00e5ga. Genom elektromagnetisk stimulering aktiverar X-TONE\u2122 dina muskelceller p\u00e5 ett s\u00e4tt som traditionell tr\u00e4ning inte kan, vilket maximerar effekterna av din tr\u00e4ning p\u00e5 kort tid.\" \/>\n<meta name=\"robots\" content=\"index, follow, max-snippet:-1, max-image-preview:large, max-video-preview:-1\" \/>\n<link rel=\"canonical\" href=\"https:\/\/speedrecovery.fi\/sv\/xtone\/\" \/>\n<meta property=\"og:locale\" content=\"sv_SE\" \/>\n<meta property=\"og:type\" content=\"article\" \/>\n<meta property=\"og:title\" content=\"X-TONE\u2122 elektromagnetisk muskeltr\u00e4ning och kroppsformning\" \/>\n<meta property=\"og:description\" content=\"CTN:s X-TONE\u2122 \u00e4r pionj\u00e4ren inom elektromagnetisk muskeltr\u00e4ning och erbjuder ett effektivt och innovativt s\u00e4tt att f\u00f6rb\u00e4ttra muskeltonus och utveckla hela kroppens prestationsf\u00f6rm\u00e5ga. Genom elektromagnetisk stimulering aktiverar X-TONE\u2122 dina muskelceller p\u00e5 ett s\u00e4tt som traditionell tr\u00e4ning inte kan, vilket maximerar effekterna av din tr\u00e4ning p\u00e5 kort tid.\" \/>\n<meta property=\"og:url\" content=\"https:\/\/speedrecovery.fi\/sv\/xtone\/\" \/>\n<meta property=\"og:site_name\" content=\"Speed Recovery Studio\" \/>\n<meta property=\"article:modified_time\" content=\"2025-12-22T08:36:18+00:00\" \/>\n<meta property=\"og:image\" content=\"https:\/\/speedrecovery.fi\/wp-content\/uploads\/2024\/10\/xtone_10_59_square_cropped.jpg\" \/>\n\t<meta property=\"og:image:width\" content=\"2001\" \/>\n\t<meta property=\"og:image:height\" content=\"2001\" \/>\n\t<meta property=\"og:image:type\" content=\"image\/jpeg\" \/>\n<meta name=\"twitter:card\" content=\"summary_large_image\" \/>\n<meta name=\"twitter:label1\" content=\"Ber\u00e4knad l\u00e4stid\" \/>\n\t<meta name=\"twitter:data1\" content=\"2 minuter\" \/>\n<script type=\"application\/ld+json\" class=\"yoast-schema-graph\">{\"@context\":\"https:\\\/\\\/schema.org\",\"@graph\":[{\"@type\":\"WebPage\",\"@id\":\"https:\\\/\\\/speedrecovery.fi\\\/sv\\\/xtone\\\/\",\"url\":\"https:\\\/\\\/speedrecovery.fi\\\/sv\\\/xtone\\\/\",\"name\":\"X-TONE\u2122 elektromagnetisk muskeltr\u00e4ning och kroppsformning - Speed Recovery Studio\",\"isPartOf\":{\"@id\":\"https:\\\/\\\/speedrecovery.fi\\\/sv\\\/#website\"},\"primaryImageOfPage\":{\"@id\":\"https:\\\/\\\/speedrecovery.fi\\\/sv\\\/xtone\\\/#primaryimage\"},\"image\":{\"@id\":\"https:\\\/\\\/speedrecovery.fi\\\/sv\\\/xtone\\\/#primaryimage\"},\"thumbnailUrl\":\"https:\\\/\\\/speedrecovery.fi\\\/wp-content\\\/uploads\\\/2024\\\/10\\\/xtone_10_59_square_cropped.jpg\",\"datePublished\":\"2024-02-16T10:46:46+00:00\",\"dateModified\":\"2025-12-22T08:36:18+00:00\",\"description\":\"CTN:s X-TONE\u2122 \u00e4r pionj\u00e4ren inom elektromagnetisk muskeltr\u00e4ning och erbjuder ett effektivt och innovativt s\u00e4tt att f\u00f6rb\u00e4ttra muskeltonus och utveckla hela kroppens prestationsf\u00f6rm\u00e5ga. Genom elektromagnetisk stimulering aktiverar X-TONE\u2122 dina muskelceller p\u00e5 ett s\u00e4tt som traditionell tr\u00e4ning inte kan, vilket maximerar effekterna av din tr\u00e4ning p\u00e5 kort tid.\",\"breadcrumb\":{\"@id\":\"https:\\\/\\\/speedrecovery.fi\\\/sv\\\/xtone\\\/#breadcrumb\"},\"inLanguage\":\"sv-SE\",\"potentialAction\":[{\"@type\":\"ReadAction\",\"target\":[\"https:\\\/\\\/speedrecovery.fi\\\/sv\\\/xtone\\\/\"]}]},{\"@type\":\"ImageObject\",\"inLanguage\":\"sv-SE\",\"@id\":\"https:\\\/\\\/speedrecovery.fi\\\/sv\\\/xtone\\\/#primaryimage\",\"url\":\"https:\\\/\\\/speedrecovery.fi\\\/wp-content\\\/uploads\\\/2024\\\/10\\\/xtone_10_59_square_cropped.jpg\",\"contentUrl\":\"https:\\\/\\\/speedrecovery.fi\\\/wp-content\\\/uploads\\\/2024\\\/10\\\/xtone_10_59_square_cropped.jpg\",\"width\":2001,\"height\":2001},{\"@type\":\"BreadcrumbList\",\"@id\":\"https:\\\/\\\/speedrecovery.fi\\\/sv\\\/xtone\\\/#breadcrumb\",\"itemListElement\":[{\"@type\":\"ListItem\",\"position\":1,\"name\":\"Home\",\"item\":\"https:\\\/\\\/speedrecovery.fi\\\/sv\\\/\"},{\"@type\":\"ListItem\",\"position\":2,\"name\":\"X-TONE\u2122 elektromagnetisk muskeltr\u00e4ning och kroppsformning\"}]},{\"@type\":\"WebSite\",\"@id\":\"https:\\\/\\\/speedrecovery.fi\\\/sv\\\/#website\",\"url\":\"https:\\\/\\\/speedrecovery.fi\\\/sv\\\/\",\"name\":\"Speed Recovery Studio\",\"description\":\"Speed Recovery Studio Haaga \\\/ CTN Technologies e\u00b0CABIN\u2122, LedPro\u2122, OxyPro\u2122, X-TONE\u2122, X\u00b0CRYO\u2122 and X\u00b0GUN\u2122\",\"publisher\":{\"@id\":\"https:\\\/\\\/speedrecovery.fi\\\/sv\\\/#organization\"},\"potentialAction\":[{\"@type\":\"SearchAction\",\"target\":{\"@type\":\"EntryPoint\",\"urlTemplate\":\"https:\\\/\\\/speedrecovery.fi\\\/sv\\\/?s={search_term_string}\"},\"query-input\":{\"@type\":\"PropertyValueSpecification\",\"valueRequired\":true,\"valueName\":\"search_term_string\"}}],\"inLanguage\":\"sv-SE\"},{\"@type\":\"Organization\",\"@id\":\"https:\\\/\\\/speedrecovery.fi\\\/sv\\\/#organization\",\"name\":\"Speed Recovery Studio\",\"url\":\"https:\\\/\\\/speedrecovery.fi\\\/sv\\\/\",\"logo\":{\"@type\":\"ImageObject\",\"inLanguage\":\"sv-SE\",\"@id\":\"https:\\\/\\\/speedrecovery.fi\\\/sv\\\/#\\\/schema\\\/logo\\\/image\\\/\",\"url\":\"https:\\\/\\\/speedrecovery.fi\\\/wp-content\\\/uploads\\\/2023\\\/10\\\/Speed_recovery_logo_black.png\",\"contentUrl\":\"https:\\\/\\\/speedrecovery.fi\\\/wp-content\\\/uploads\\\/2023\\\/10\\\/Speed_recovery_logo_black.png\",\"width\":1182,\"height\":1182,\"caption\":\"Speed Recovery Studio\"},\"image\":{\"@id\":\"https:\\\/\\\/speedrecovery.fi\\\/sv\\\/#\\\/schema\\\/logo\\\/image\\\/\"}}]}<\/script>\n<!-- \/ Yoast SEO Premium plugin. -->","yoast_head_json":{"title":"X-TONE\u2122 elektromagnetisk muskeltr\u00e4ning och kroppsformning - Speed Recovery Studio","description":"CTN:s X-TONE\u2122 \u00e4r pionj\u00e4ren inom elektromagnetisk muskeltr\u00e4ning och erbjuder ett effektivt och innovativt s\u00e4tt att f\u00f6rb\u00e4ttra muskeltonus och utveckla hela kroppens prestationsf\u00f6rm\u00e5ga. Genom elektromagnetisk stimulering aktiverar X-TONE\u2122 dina muskelceller p\u00e5 ett s\u00e4tt som traditionell tr\u00e4ning inte kan, vilket maximerar effekterna av din tr\u00e4ning p\u00e5 kort tid.","robots":{"index":"index","follow":"follow","max-snippet":"max-snippet:-1","max-image-preview":"max-image-preview:large","max-video-preview":"max-video-preview:-1"},"canonical":"https:\/\/speedrecovery.fi\/sv\/xtone\/","og_locale":"sv_SE","og_type":"article","og_title":"X-TONE\u2122 elektromagnetisk muskeltr\u00e4ning och kroppsformning","og_description":"CTN:s X-TONE\u2122 \u00e4r pionj\u00e4ren inom elektromagnetisk muskeltr\u00e4ning och erbjuder ett effektivt och innovativt s\u00e4tt att f\u00f6rb\u00e4ttra muskeltonus och utveckla hela kroppens prestationsf\u00f6rm\u00e5ga. Genom elektromagnetisk stimulering aktiverar X-TONE\u2122 dina muskelceller p\u00e5 ett s\u00e4tt som traditionell tr\u00e4ning inte kan, vilket maximerar effekterna av din tr\u00e4ning p\u00e5 kort tid.","og_url":"https:\/\/speedrecovery.fi\/sv\/xtone\/","og_site_name":"Speed Recovery Studio","article_modified_time":"2025-12-22T08:36:18+00:00","og_image":[{"width":2001,"height":2001,"url":"https:\/\/speedrecovery.fi\/wp-content\/uploads\/2024\/10\/xtone_10_59_square_cropped.jpg","type":"image\/jpeg"}],"twitter_card":"summary_large_image","twitter_misc":{"Ber\u00e4knad l\u00e4stid":"2 minuter"},"schema":{"@context":"https:\/\/schema.org","@graph":[{"@type":"WebPage","@id":"https:\/\/speedrecovery.fi\/sv\/xtone\/","url":"https:\/\/speedrecovery.fi\/sv\/xtone\/","name":"X-TONE\u2122 elektromagnetisk muskeltr\u00e4ning och kroppsformning - Speed Recovery Studio","isPartOf":{"@id":"https:\/\/speedrecovery.fi\/sv\/#website"},"primaryImageOfPage":{"@id":"https:\/\/speedrecovery.fi\/sv\/xtone\/#primaryimage"},"image":{"@id":"https:\/\/speedrecovery.fi\/sv\/xtone\/#primaryimage"},"thumbnailUrl":"https:\/\/speedrecovery.fi\/wp-content\/uploads\/2024\/10\/xtone_10_59_square_cropped.jpg","datePublished":"2024-02-16T10:46:46+00:00","dateModified":"2025-12-22T08:36:18+00:00","description":"CTN:s X-TONE\u2122 \u00e4r pionj\u00e4ren inom elektromagnetisk muskeltr\u00e4ning och erbjuder ett effektivt och innovativt s\u00e4tt att f\u00f6rb\u00e4ttra muskeltonus och utveckla hela kroppens prestationsf\u00f6rm\u00e5ga. Genom elektromagnetisk stimulering aktiverar X-TONE\u2122 dina muskelceller p\u00e5 ett s\u00e4tt som traditionell tr\u00e4ning inte kan, vilket maximerar effekterna av din tr\u00e4ning p\u00e5 kort tid.","breadcrumb":{"@id":"https:\/\/speedrecovery.fi\/sv\/xtone\/#breadcrumb"},"inLanguage":"sv-SE","potentialAction":[{"@type":"ReadAction","target":["https:\/\/speedrecovery.fi\/sv\/xtone\/"]}]},{"@type":"ImageObject","inLanguage":"sv-SE","@id":"https:\/\/speedrecovery.fi\/sv\/xtone\/#primaryimage","url":"https:\/\/speedrecovery.fi\/wp-content\/uploads\/2024\/10\/xtone_10_59_square_cropped.jpg","contentUrl":"https:\/\/speedrecovery.fi\/wp-content\/uploads\/2024\/10\/xtone_10_59_square_cropped.jpg","width":2001,"height":2001},{"@type":"BreadcrumbList","@id":"https:\/\/speedrecovery.fi\/sv\/xtone\/#breadcrumb","itemListElement":[{"@type":"ListItem","position":1,"name":"Home","item":"https:\/\/speedrecovery.fi\/sv\/"},{"@type":"ListItem","position":2,"name":"X-TONE\u2122 elektromagnetisk muskeltr\u00e4ning och kroppsformning"}]},{"@type":"WebSite","@id":"https:\/\/speedrecovery.fi\/sv\/#website","url":"https:\/\/speedrecovery.fi\/sv\/","name":"Speed Recovery Studio","description":"Speed Recovery Studio Haaga \/ CTN Technologies e\u00b0CABIN\u2122, LedPro\u2122, OxyPro\u2122, X-TONE\u2122, X\u00b0CRYO\u2122 and X\u00b0GUN\u2122","publisher":{"@id":"https:\/\/speedrecovery.fi\/sv\/#organization"},"potentialAction":[{"@type":"SearchAction","target":{"@type":"EntryPoint","urlTemplate":"https:\/\/speedrecovery.fi\/sv\/?s={search_term_string}"},"query-input":{"@type":"PropertyValueSpecification","valueRequired":true,"valueName":"search_term_string"}}],"inLanguage":"sv-SE"},{"@type":"Organization","@id":"https:\/\/speedrecovery.fi\/sv\/#organization","name":"Speed Recovery Studio","url":"https:\/\/speedrecovery.fi\/sv\/","logo":{"@type":"ImageObject","inLanguage":"sv-SE","@id":"https:\/\/speedrecovery.fi\/sv\/#\/schema\/logo\/image\/","url":"https:\/\/speedrecovery.fi\/wp-content\/uploads\/2023\/10\/Speed_recovery_logo_black.png","contentUrl":"https:\/\/speedrecovery.fi\/wp-content\/uploads\/2023\/10\/Speed_recovery_logo_black.png","width":1182,"height":1182,"caption":"Speed Recovery Studio"},"image":{"@id":"https:\/\/speedrecovery.fi\/sv\/#\/schema\/logo\/image\/"}}]}},"_links":{"self":[{"href":"https:\/\/speedrecovery.fi\/sv\/wp-json\/wp\/v2\/pages\/5104","targetHints":{"allow":["GET"]}}],"collection":[{"href":"https:\/\/speedrecovery.fi\/sv\/wp-json\/wp\/v2\/pages"}],"about":[{"href":"https:\/\/speedrecovery.fi\/sv\/wp-json\/wp\/v2\/types\/page"}],"author":[{"embeddable":true,"href":"https:\/\/speedrecovery.fi\/sv\/wp-json\/wp\/v2\/users\/1"}],"replies":[{"embeddable":true,"href":"https:\/\/speedrecovery.fi\/sv\/wp-json\/wp\/v2\/comments?post=5104"}],"version-history":[{"count":0,"href":"https:\/\/speedrecovery.fi\/sv\/wp-json\/wp\/v2\/pages\/5104\/revisions"}],"wp:featuredmedia":[{"embeddable":true,"href":"https:\/\/speedrecovery.fi\/sv\/wp-json\/wp\/v2\/media\/8270"}],"wp:attachment":[{"href":"https:\/\/speedrecovery.fi\/sv\/wp-json\/wp\/v2\/media?parent=5104"}],"curies":[{"name":"wp","href":"https:\/\/api.w.org\/{rel}","templated":true}]}}