{"id":5142,"date":"2024-02-16T14:40:02","date_gmt":"2024-02-16T12:40:02","guid":{"rendered":"https:\/\/speedrecovery.fi\/5142-2\/"},"modified":"2026-03-20T10:01:03","modified_gmt":"2026-03-20T08:01:03","slug":"xcryo","status":"publish","type":"page","link":"https:\/\/speedrecovery.fi\/sv\/xcryo\/","title":{"rendered":"X\u00b0CRYO\u2122 lokaliserad kryoterapi"},"content":{"rendered":"<p>[et_pb_section fb_built=&#8221;1&#8243; _builder_version=&#8221;4.27.4&#8243; _module_preset=&#8221;default&#8221; use_background_color_gradient=&#8221;on&#8221; background_color_gradient_stops=&#8221;#002289 0%|#2aa6c2 25%|#ffffff 50%&#8221; min_height=&#8221;1013.1px&#8221; height=&#8221;2200px&#8221; custom_padding=&#8221;35px||374px|||&#8221; global_colors_info=&#8221;{}&#8221;][et_pb_row _builder_version=&#8221;4.24.0&#8243; _module_preset=&#8221;default&#8221; global_colors_info=&#8221;{}&#8221;][et_pb_column type=&#8221;4_4&#8243; _builder_version=&#8221;4.24.0&#8243; _module_preset=&#8221;default&#8221; global_colors_info=&#8221;{}&#8221;][et_pb_text _builder_version=&#8221;4.27.4&#8243; _module_preset=&#8221;default&#8221; text_font=&#8221;ABeeZee||||||||&#8221; text_text_color=&#8221;#FFFFFF&#8221; text_font_size=&#8221;20px&#8221; header_2_text_color=&#8221;#FFFFFF&#8221; header_2_font_size=&#8221;24px&#8221; hover_enabled=&#8221;0&#8243; text_text_shadow_style=&#8221;preset5&#8243; header_2_text_shadow_style=&#8221;preset5&#8243; global_colors_info=&#8221;{}&#8221; sticky_enabled=&#8221;0&#8243;]<\/p>\n<h2 style=\"text-align: center;\">X\u00b0CRYO\u2122 lokaliserad kryoterapi<\/h2>\n<p style=\"text-align: center;\">20 \u20ac \/ 10 minuter | 90 \u20ac \/ 5 g\u00e5nger 10 minuter | 160 \u20ac \/ 10 g\u00e5nger 10 minuter<\/p>\n<p style=\"text-align: left;\">X\u00b0CRYO\u2122 \u00e4r en lokal kryoterapi som ger toppmodern kylteknologi direkt till specifika omr\u00e5den p\u00e5 kroppen f\u00f6r att uppn\u00e5 maximala terapeutiska effekter. X\u00b0CRYO\u2122 \u00e4r s\u00e4rskilt l\u00e4mplig f\u00f6r att behandla sm\u00e4rta, \u00f6ka r\u00f6rligheten och lindra inflammation och svullnad i omr\u00e5den som kn\u00e4n, vrister, handleder och armb\u00e5gar.<\/p>\n<p style=\"text-align: left;\">N\u00e4r en specifik del av kroppen uts\u00e4tts f\u00f6r den extrema kyla som X\u00b0CRYO\u2122-enheten producerar, \u00f6kar den lokala cirkulationen. Detta g\u00f6r metoden s\u00e4rskilt anv\u00e4ndbar vid idrottsskador, muskelkramper eller ledv\u00e4rk.<\/p>\n<p>[\/et_pb_text][\/et_pb_column][\/et_pb_row][et_pb_row column_structure=&#8221;1_2,1_2&#8243; _builder_version=&#8221;4.24.0&#8243; _module_preset=&#8221;default&#8221; global_colors_info=&#8221;{}&#8221;][et_pb_column type=&#8221;1_2&#8243; _builder_version=&#8221;4.24.0&#8243; _module_preset=&#8221;default&#8221; global_colors_info=&#8221;{}&#8221;][et_pb_image src=&#8221;https:\/\/speedrecovery.fi\/wp-content\/uploads\/2024\/10\/xcryo_10_83_cropped.jpg&#8221; title_text=&#8221;xcryo_10_83_cropped&#8221; _builder_version=&#8221;4.27.2&#8243; _module_preset=&#8221;default&#8221; transform_scale=&#8221;95%|95%&#8221; border_width_all=&#8221;2px&#8221; border_color_all=&#8221;#FFFFFF&#8221; box_shadow_style=&#8221;preset4&#8243; box_shadow_blur=&#8221;25px&#8221; global_colors_info=&#8221;{}&#8221;][\/et_pb_image][et_pb_text _builder_version=&#8221;4.27.2&#8243; _module_preset=&#8221;default&#8221; text_font=&#8221;ABeeZee||||||||&#8221; text_text_color=&#8221;#000000&#8243; text_font_size=&#8221;19px&#8221; header_font=&#8221;ABeeZee||||||||&#8221; header_2_text_color=&#8221;#FFFFFF&#8221; header_3_font=&#8221;ABeeZee||||||||&#8221; header_3_text_color=&#8221;#FFFFFF&#8221; header_2_text_shadow_style=&#8221;preset5&#8243; header_3_text_shadow_style=&#8221;preset5&#8243; global_colors_info=&#8221;{}&#8221;]<\/p>\n<p>Kryoterapi \u00e4r ett enkelt och sm\u00e4rtfritt s\u00e4tt att aktivera kroppens egna naturliga l\u00e4kningsprocesser. Grundprincipen f\u00f6r kryoterapi \u00e4r enkel: Den bygger p\u00e5 en termisk chock p\u00e5 hudens yta, som f\u00e5r hj\u00e4rnan att aktivera kroppens f\u00f6rsvarssystem. Kroppen reagerar omedelbart p\u00e5 denna pl\u00f6tsliga temperaturs\u00e4nkning genom att producera viktiga hormoner och enzymer f\u00f6r att klara av den extrema s\u00e4nkningen av hudytans temperatur.<\/p>\n<p>Vasodilatation (vidgning av blodk\u00e4rlen) startar efter behandlingen, eftersom kroppen naturligt str\u00e4var efter att \u00e5terst\u00e4lla kroppens normala temperatur, vilket \u00f6kar den lokala blodcirkulationen och \u00e4mnesoms\u00e4ttningen. Detta fr\u00e4mjar bland annat l\u00e4kning fr\u00e5n inflammation, skador och operationer. Extrem kyla under korta perioder \u00e4r ett s\u00e4kert s\u00e4tt att framkalla denna reaktion i kroppen, utan risk f\u00f6r v\u00e4vnadsskada.<\/p>\n<p>[\/et_pb_text][\/et_pb_column][et_pb_column type=&#8221;1_2&#8243; _builder_version=&#8221;4.24.0&#8243; _module_preset=&#8221;default&#8221; global_colors_info=&#8221;{}&#8221;][et_pb_image src=&#8221;https:\/\/speedrecovery.fi\/wp-content\/uploads\/2024\/10\/xcryo_10_88_cropped.jpg&#8221; title_text=&#8221;xcryo_10_88_cropped&#8221; _builder_version=&#8221;4.27.2&#8243; _module_preset=&#8221;default&#8221; transform_scale=&#8221;95%|95%&#8221; border_width_all=&#8221;2px&#8221; border_color_all=&#8221;#FFFFFF&#8221; border_width_left=&#8221;2px&#8221; box_shadow_style=&#8221;preset4&#8243; box_shadow_blur=&#8221;25px&#8221; global_colors_info=&#8221;{}&#8221;][\/et_pb_image][et_pb_text _builder_version=&#8221;4.27.4&#8243; _module_preset=&#8221;default&#8221; text_font=&#8221;ABeeZee||||||||&#8221; text_text_color=&#8221;#000000&#8243; text_font_size=&#8221;19px&#8221; header_text_color=&#8221;#FFFFFF&#8221; header_2_text_color=&#8221;#FFFFFF&#8221; header_3_text_color=&#8221;#FFFFFF&#8221; hover_enabled=&#8221;0&#8243; header_2_text_shadow_style=&#8221;preset5&#8243; header_3_text_shadow_style=&#8221;preset5&#8243; global_colors_info=&#8221;{}&#8221; sticky_enabled=&#8221;0&#8243;]<\/p>\n<p>F\u00f6r idrottare och fitnessentusiaster erbjuder X\u00b0CRYO\u2122 en effektiv l\u00f6sning f\u00f6r lokal \u00e5terh\u00e4mtning. Det kan minska muskel\u00f6mhet och svullnad efter tr\u00e4ning eller t\u00e4vling, vilket p\u00e5skyndar \u00e5terh\u00e4mtningen och minskar risken f\u00f6r skador. Fokuserad kylbehandling kan ocks\u00e5 lindra kronisk sm\u00e4rta och inflammation, vilket g\u00f6r det till ett utm\u00e4rkt val f\u00f6r l\u00e5ngtidsidrottare.<\/p>\n<p>X\u00b0CRYO\u2122 kan hj\u00e4lpa till att lindra m\u00e5nga kroniska sjukdomar som artrit, tendinit och fibromyalgi. Behandlingsformen passar utm\u00e4rkt som s\u00e5dan och i samband med manuell terapi, rehabilitering eller fysisk tr\u00e4ning.<\/p>\n<p>&nbsp;<\/p>\n<p>&nbsp;<\/p>\n<p>[\/et_pb_text][\/et_pb_column][\/et_pb_row][\/et_pb_section][et_pb_section fb_built=&#8221;1&#8243; _builder_version=&#8221;4.24.0&#8243; _module_preset=&#8221;default&#8221; custom_padding=&#8221;40px|||||&#8221; global_colors_info=&#8221;{}&#8221;][et_pb_row column_structure=&#8221;1_4,1_4,1_4,1_4&#8243; _builder_version=&#8221;4.24.2&#8243; _module_preset=&#8221;default&#8221; custom_padding=&#8221;40px||||false|false&#8221; border_width_top=&#8221;1px&#8221; border_color_top=&#8221;#000000&#8243; global_colors_info=&#8221;{}&#8221;][et_pb_column type=&#8221;1_4&#8243; _builder_version=&#8221;4.24.0&#8243; _module_preset=&#8221;default&#8221; global_colors_info=&#8221;{}&#8221;][\/et_pb_column][et_pb_column type=&#8221;1_4&#8243; _builder_version=&#8221;4.24.0&#8243; _module_preset=&#8221;default&#8221; global_colors_info=&#8221;{}&#8221;][et_pb_text _builder_version=&#8221;4.25.1&#8243; _module_preset=&#8221;default&#8221; text_font=&#8221;ABeeZee||||||||&#8221; text_text_color=&#8221;#000000&#8243; text_font_size=&#8221;18px&#8221; global_colors_info=&#8221;{}&#8221;]<\/p>\n<p>Studio f\u00f6r \u00e5terst\u00e4llning av hastighet<\/p>\n<p>Hotell Haaga Central Park Nuijamiestentie 10 00320 Helsingfors<\/p>\n<p>+358 400 90 3033 info@speedrecovery.fi<\/p>\n<p>[\/et_pb_text][\/et_pb_column][et_pb_column type=&#8221;1_4&#8243; _builder_version=&#8221;4.24.0&#8243; _module_preset=&#8221;default&#8221; global_colors_info=&#8221;{}&#8221;][et_pb_text _builder_version=&#8221;4.27.4&#8243; _module_preset=&#8221;default&#8221; text_font=&#8221;ABeeZee||||||||&#8221; text_text_color=&#8221;#000000&#8243; text_font_size=&#8221;18px&#8221; global_colors_info=&#8221;{}&#8221;]<\/p>\n<p style=\"text-align: left;\">M\u00e5n &#8211; Fr 10:00 &#8211; 18:00<br \/>L\u00f6r 10:00 &#8211; 16:00<\/p>\n<p style=\"text-align: left;\">Speed Promotion Finland SPF Oy 1048072-2<\/p>\n<p>[\/et_pb_text][et_pb_social_media_follow _builder_version=&#8221;4.27.4&#8243; _module_preset=&#8221;default&#8221; background_color=&#8221;RGBA(255,255,255,0)&#8221; transform_scale=&#8221;105%|105%&#8221; global_colors_info=&#8221;{}&#8221;][et_pb_social_media_follow_network social_network=&#8221;instagram&#8221; url=&#8221;https:\/\/www.instagram.com\/speedrecoverystudio\/&#8221; icon_color=&#8221;#000000&#8243; _builder_version=&#8221;4.25.2&#8243; _module_preset=&#8221;default&#8221; background_color=&#8221;RGBA(255,255,255,0)&#8221; background_enable_color=&#8221;on&#8221; global_colors_info=&#8221;{}&#8221; follow_button=&#8221;off&#8221; url_new_window=&#8221;on&#8221;]instagram[\/et_pb_social_media_follow_network][et_pb_social_media_follow_network social_network=&#8221;facebook&#8221; url=&#8221;https:\/\/www.facebook.com\/profile.php?id=61553820249195&#8243; icon_color=&#8221;#000000&#8243; _builder_version=&#8221;4.25.2&#8243; _module_preset=&#8221;default&#8221; background_color=&#8221;RGBA(255,255,255,0)&#8221; background_enable_color=&#8221;on&#8221; global_colors_info=&#8221;{}&#8221; follow_button=&#8221;off&#8221; url_new_window=&#8221;on&#8221;]facebook[\/et_pb_social_media_follow_network][et_pb_social_media_follow_network social_network=&#8221;youtube&#8221; url=&#8221;https:\/\/www.youtube.com\/@SpeedRecoveryStudio&#8221; icon_color=&#8221;#000000&#8243; _builder_version=&#8221;4.27.0&#8243; _module_preset=&#8221;default&#8221; background_color=&#8221;RGBA(255,255,255,0)&#8221; background_enable_color=&#8221;on&#8221; global_colors_info=&#8221;{}&#8221; follow_button=&#8221;off&#8221; url_new_window=&#8221;on&#8221;]youtube[\/et_pb_social_media_follow_network][et_pb_social_media_follow_network social_network=&#8221;tiktok&#8221; url=&#8221;https:\/\/www.tiktok.com\/@speedrecoveryfin?_t=ZN-8vnwhEsFFnK&#038;_r=1&#8243; icon_color=&#8221;#000000&#8243; _builder_version=&#8221;4.27.4&#8243; _module_preset=&#8221;default&#8221; background_color=&#8221;RGBA(255,255,255,0)&#8221; background_enable_color=&#8221;on&#8221; global_colors_info=&#8221;{}&#8221; follow_button=&#8221;off&#8221; url_new_window=&#8221;on&#8221;]tiktok[\/et_pb_social_media_follow_network][\/et_pb_social_media_follow][\/et_pb_column][et_pb_column type=&#8221;1_4&#8243; _builder_version=&#8221;4.24.0&#8243; _module_preset=&#8221;default&#8221; global_colors_info=&#8221;{}&#8221;][\/et_pb_column][\/et_pb_row][\/et_pb_section]<\/p>\n","protected":false},"excerpt":{"rendered":"<p>X\u00b0CRYO\u2122 lokaliserad kryoterapi 20 \u20ac \/ 10 minuter | 90 \u20ac \/ 5 g\u00e5nger 10 minuter | 160 \u20ac \/ 10 g\u00e5nger 10 minuter X\u00b0CRYO\u2122 \u00e4r en lokal kryoterapi som ger toppmodern kylteknologi direkt till specifika omr\u00e5den p\u00e5 kroppen f\u00f6r att uppn\u00e5 maximala terapeutiska effekter. X\u00b0CRYO\u2122 \u00e4r s\u00e4rskilt l\u00e4mplig f\u00f6r att behandla sm\u00e4rta, \u00f6ka r\u00f6rligheten [&hellip;]<\/p>\n","protected":false},"author":1,"featured_media":8265,"parent":0,"menu_order":0,"comment_status":"closed","ping_status":"closed","template":"","meta":{"_et_pb_use_builder":"on","_et_pb_old_content":"","_et_gb_content_width":"","footnotes":""},"class_list":["post-5142","page","type-page","status-publish","has-post-thumbnail","hentry"],"yoast_head":"<!-- This site is optimized with the Yoast SEO Premium plugin v26.0 (Yoast SEO v27.5) - https:\/\/yoast.com\/product\/yoast-seo-premium-wordpress\/ -->\n<title>X\u00b0CRYO\u2122 lokaliserad kryoterapi - Speed Recovery Studio<\/title>\n<meta name=\"description\" content=\"CTN:s X\u00b0CRYO\u2122 \u00e4r en specialiserad topikal kryoterapi som tillf\u00f6r den senaste kryoterapitekniken direkt till specifika omr\u00e5den p\u00e5 kroppen f\u00f6r maximal terapeutisk effekt. Till skillnad fr\u00e5n traditionella kryoterapimetoder f\u00f6r hela kroppen fokuserar X\u00b0CRYO\u2122 p\u00e5 specifika problemomr\u00e5den, vilket ger en mer exakt och fokuserad kryoterapibehandling.\" \/>\n<meta name=\"robots\" content=\"index, follow, max-snippet:-1, max-image-preview:large, max-video-preview:-1\" \/>\n<link rel=\"canonical\" href=\"https:\/\/speedrecovery.fi\/sv\/xcryo\/\" \/>\n<meta property=\"og:locale\" content=\"sv_SE\" \/>\n<meta property=\"og:type\" content=\"article\" \/>\n<meta property=\"og:title\" content=\"X\u00b0CRYO\u2122 lokaliserad kryoterapi\" \/>\n<meta property=\"og:description\" content=\"CTN:s X\u00b0CRYO\u2122 \u00e4r en specialiserad topikal kryoterapi som tillf\u00f6r den senaste kryoterapitekniken direkt till specifika omr\u00e5den p\u00e5 kroppen f\u00f6r maximal terapeutisk effekt. Till skillnad fr\u00e5n traditionella kryoterapimetoder f\u00f6r hela kroppen fokuserar X\u00b0CRYO\u2122 p\u00e5 specifika problemomr\u00e5den, vilket ger en mer exakt och fokuserad kryoterapibehandling.\" \/>\n<meta property=\"og:url\" content=\"https:\/\/speedrecovery.fi\/sv\/xcryo\/\" \/>\n<meta property=\"og:site_name\" content=\"Speed Recovery Studio\" \/>\n<meta property=\"article:modified_time\" content=\"2026-03-20T08:01:03+00:00\" \/>\n<meta property=\"og:image\" content=\"https:\/\/speedrecovery.fi\/wp-content\/uploads\/2024\/10\/xcryo_10_77_square_cropped.jpg\" \/>\n\t<meta property=\"og:image:width\" content=\"2001\" \/>\n\t<meta property=\"og:image:height\" content=\"2001\" \/>\n\t<meta property=\"og:image:type\" content=\"image\/jpeg\" \/>\n<meta name=\"twitter:card\" content=\"summary_large_image\" \/>\n<meta name=\"twitter:label1\" content=\"Ber\u00e4knad l\u00e4stid\" \/>\n\t<meta name=\"twitter:data1\" content=\"3 minuter\" \/>\n<script type=\"application\/ld+json\" class=\"yoast-schema-graph\">{\"@context\":\"https:\\\/\\\/schema.org\",\"@graph\":[{\"@type\":\"WebPage\",\"@id\":\"https:\\\/\\\/speedrecovery.fi\\\/sv\\\/xcryo\\\/\",\"url\":\"https:\\\/\\\/speedrecovery.fi\\\/sv\\\/xcryo\\\/\",\"name\":\"X\u00b0CRYO\u2122 lokaliserad kryoterapi - Speed Recovery Studio\",\"isPartOf\":{\"@id\":\"https:\\\/\\\/speedrecovery.fi\\\/sv\\\/#website\"},\"primaryImageOfPage\":{\"@id\":\"https:\\\/\\\/speedrecovery.fi\\\/sv\\\/xcryo\\\/#primaryimage\"},\"image\":{\"@id\":\"https:\\\/\\\/speedrecovery.fi\\\/sv\\\/xcryo\\\/#primaryimage\"},\"thumbnailUrl\":\"https:\\\/\\\/speedrecovery.fi\\\/wp-content\\\/uploads\\\/2024\\\/10\\\/xcryo_10_77_square_cropped.jpg\",\"datePublished\":\"2024-02-16T12:40:02+00:00\",\"dateModified\":\"2026-03-20T08:01:03+00:00\",\"description\":\"CTN:s X\u00b0CRYO\u2122 \u00e4r en specialiserad topikal kryoterapi som tillf\u00f6r den senaste kryoterapitekniken direkt till specifika omr\u00e5den p\u00e5 kroppen f\u00f6r maximal terapeutisk effekt. Till skillnad fr\u00e5n traditionella kryoterapimetoder f\u00f6r hela kroppen fokuserar X\u00b0CRYO\u2122 p\u00e5 specifika problemomr\u00e5den, vilket ger en mer exakt och fokuserad kryoterapibehandling.\",\"breadcrumb\":{\"@id\":\"https:\\\/\\\/speedrecovery.fi\\\/sv\\\/xcryo\\\/#breadcrumb\"},\"inLanguage\":\"sv-SE\",\"potentialAction\":[{\"@type\":\"ReadAction\",\"target\":[\"https:\\\/\\\/speedrecovery.fi\\\/sv\\\/xcryo\\\/\"]}]},{\"@type\":\"ImageObject\",\"inLanguage\":\"sv-SE\",\"@id\":\"https:\\\/\\\/speedrecovery.fi\\\/sv\\\/xcryo\\\/#primaryimage\",\"url\":\"https:\\\/\\\/speedrecovery.fi\\\/wp-content\\\/uploads\\\/2024\\\/10\\\/xcryo_10_77_square_cropped.jpg\",\"contentUrl\":\"https:\\\/\\\/speedrecovery.fi\\\/wp-content\\\/uploads\\\/2024\\\/10\\\/xcryo_10_77_square_cropped.jpg\",\"width\":2001,\"height\":2001},{\"@type\":\"BreadcrumbList\",\"@id\":\"https:\\\/\\\/speedrecovery.fi\\\/sv\\\/xcryo\\\/#breadcrumb\",\"itemListElement\":[{\"@type\":\"ListItem\",\"position\":1,\"name\":\"Home\",\"item\":\"https:\\\/\\\/speedrecovery.fi\\\/sv\\\/\"},{\"@type\":\"ListItem\",\"position\":2,\"name\":\"X\u00b0CRYO\u2122 lokaliserad kryoterapi\"}]},{\"@type\":\"WebSite\",\"@id\":\"https:\\\/\\\/speedrecovery.fi\\\/sv\\\/#website\",\"url\":\"https:\\\/\\\/speedrecovery.fi\\\/sv\\\/\",\"name\":\"Speed Recovery Studio\",\"description\":\"Speed Recovery Studio Haaga \\\/ CTN Technologies e\u00b0CABIN\u2122, LedPro\u2122, OxyPro\u2122, X-TONE\u2122, X\u00b0CRYO\u2122 and X\u00b0GUN\u2122\",\"publisher\":{\"@id\":\"https:\\\/\\\/speedrecovery.fi\\\/sv\\\/#organization\"},\"potentialAction\":[{\"@type\":\"SearchAction\",\"target\":{\"@type\":\"EntryPoint\",\"urlTemplate\":\"https:\\\/\\\/speedrecovery.fi\\\/sv\\\/?s={search_term_string}\"},\"query-input\":{\"@type\":\"PropertyValueSpecification\",\"valueRequired\":true,\"valueName\":\"search_term_string\"}}],\"inLanguage\":\"sv-SE\"},{\"@type\":\"Organization\",\"@id\":\"https:\\\/\\\/speedrecovery.fi\\\/sv\\\/#organization\",\"name\":\"Speed Recovery Studio\",\"url\":\"https:\\\/\\\/speedrecovery.fi\\\/sv\\\/\",\"logo\":{\"@type\":\"ImageObject\",\"inLanguage\":\"sv-SE\",\"@id\":\"https:\\\/\\\/speedrecovery.fi\\\/sv\\\/#\\\/schema\\\/logo\\\/image\\\/\",\"url\":\"https:\\\/\\\/speedrecovery.fi\\\/wp-content\\\/uploads\\\/2023\\\/10\\\/Speed_recovery_logo_black.png\",\"contentUrl\":\"https:\\\/\\\/speedrecovery.fi\\\/wp-content\\\/uploads\\\/2023\\\/10\\\/Speed_recovery_logo_black.png\",\"width\":1182,\"height\":1182,\"caption\":\"Speed Recovery Studio\"},\"image\":{\"@id\":\"https:\\\/\\\/speedrecovery.fi\\\/sv\\\/#\\\/schema\\\/logo\\\/image\\\/\"}}]}<\/script>\n<!-- \/ Yoast SEO Premium plugin. -->","yoast_head_json":{"title":"X\u00b0CRYO\u2122 lokaliserad kryoterapi - Speed Recovery Studio","description":"CTN:s X\u00b0CRYO\u2122 \u00e4r en specialiserad topikal kryoterapi som tillf\u00f6r den senaste kryoterapitekniken direkt till specifika omr\u00e5den p\u00e5 kroppen f\u00f6r maximal terapeutisk effekt. Till skillnad fr\u00e5n traditionella kryoterapimetoder f\u00f6r hela kroppen fokuserar X\u00b0CRYO\u2122 p\u00e5 specifika problemomr\u00e5den, vilket ger en mer exakt och fokuserad kryoterapibehandling.","robots":{"index":"index","follow":"follow","max-snippet":"max-snippet:-1","max-image-preview":"max-image-preview:large","max-video-preview":"max-video-preview:-1"},"canonical":"https:\/\/speedrecovery.fi\/sv\/xcryo\/","og_locale":"sv_SE","og_type":"article","og_title":"X\u00b0CRYO\u2122 lokaliserad kryoterapi","og_description":"CTN:s X\u00b0CRYO\u2122 \u00e4r en specialiserad topikal kryoterapi som tillf\u00f6r den senaste kryoterapitekniken direkt till specifika omr\u00e5den p\u00e5 kroppen f\u00f6r maximal terapeutisk effekt. Till skillnad fr\u00e5n traditionella kryoterapimetoder f\u00f6r hela kroppen fokuserar X\u00b0CRYO\u2122 p\u00e5 specifika problemomr\u00e5den, vilket ger en mer exakt och fokuserad kryoterapibehandling.","og_url":"https:\/\/speedrecovery.fi\/sv\/xcryo\/","og_site_name":"Speed Recovery Studio","article_modified_time":"2026-03-20T08:01:03+00:00","og_image":[{"width":2001,"height":2001,"url":"https:\/\/speedrecovery.fi\/wp-content\/uploads\/2024\/10\/xcryo_10_77_square_cropped.jpg","type":"image\/jpeg"}],"twitter_card":"summary_large_image","twitter_misc":{"Ber\u00e4knad l\u00e4stid":"3 minuter"},"schema":{"@context":"https:\/\/schema.org","@graph":[{"@type":"WebPage","@id":"https:\/\/speedrecovery.fi\/sv\/xcryo\/","url":"https:\/\/speedrecovery.fi\/sv\/xcryo\/","name":"X\u00b0CRYO\u2122 lokaliserad kryoterapi - Speed Recovery Studio","isPartOf":{"@id":"https:\/\/speedrecovery.fi\/sv\/#website"},"primaryImageOfPage":{"@id":"https:\/\/speedrecovery.fi\/sv\/xcryo\/#primaryimage"},"image":{"@id":"https:\/\/speedrecovery.fi\/sv\/xcryo\/#primaryimage"},"thumbnailUrl":"https:\/\/speedrecovery.fi\/wp-content\/uploads\/2024\/10\/xcryo_10_77_square_cropped.jpg","datePublished":"2024-02-16T12:40:02+00:00","dateModified":"2026-03-20T08:01:03+00:00","description":"CTN:s X\u00b0CRYO\u2122 \u00e4r en specialiserad topikal kryoterapi som tillf\u00f6r den senaste kryoterapitekniken direkt till specifika omr\u00e5den p\u00e5 kroppen f\u00f6r maximal terapeutisk effekt. Till skillnad fr\u00e5n traditionella kryoterapimetoder f\u00f6r hela kroppen fokuserar X\u00b0CRYO\u2122 p\u00e5 specifika problemomr\u00e5den, vilket ger en mer exakt och fokuserad kryoterapibehandling.","breadcrumb":{"@id":"https:\/\/speedrecovery.fi\/sv\/xcryo\/#breadcrumb"},"inLanguage":"sv-SE","potentialAction":[{"@type":"ReadAction","target":["https:\/\/speedrecovery.fi\/sv\/xcryo\/"]}]},{"@type":"ImageObject","inLanguage":"sv-SE","@id":"https:\/\/speedrecovery.fi\/sv\/xcryo\/#primaryimage","url":"https:\/\/speedrecovery.fi\/wp-content\/uploads\/2024\/10\/xcryo_10_77_square_cropped.jpg","contentUrl":"https:\/\/speedrecovery.fi\/wp-content\/uploads\/2024\/10\/xcryo_10_77_square_cropped.jpg","width":2001,"height":2001},{"@type":"BreadcrumbList","@id":"https:\/\/speedrecovery.fi\/sv\/xcryo\/#breadcrumb","itemListElement":[{"@type":"ListItem","position":1,"name":"Home","item":"https:\/\/speedrecovery.fi\/sv\/"},{"@type":"ListItem","position":2,"name":"X\u00b0CRYO\u2122 lokaliserad kryoterapi"}]},{"@type":"WebSite","@id":"https:\/\/speedrecovery.fi\/sv\/#website","url":"https:\/\/speedrecovery.fi\/sv\/","name":"Speed Recovery Studio","description":"Speed Recovery Studio Haaga \/ CTN Technologies e\u00b0CABIN\u2122, LedPro\u2122, OxyPro\u2122, X-TONE\u2122, X\u00b0CRYO\u2122 and X\u00b0GUN\u2122","publisher":{"@id":"https:\/\/speedrecovery.fi\/sv\/#organization"},"potentialAction":[{"@type":"SearchAction","target":{"@type":"EntryPoint","urlTemplate":"https:\/\/speedrecovery.fi\/sv\/?s={search_term_string}"},"query-input":{"@type":"PropertyValueSpecification","valueRequired":true,"valueName":"search_term_string"}}],"inLanguage":"sv-SE"},{"@type":"Organization","@id":"https:\/\/speedrecovery.fi\/sv\/#organization","name":"Speed Recovery Studio","url":"https:\/\/speedrecovery.fi\/sv\/","logo":{"@type":"ImageObject","inLanguage":"sv-SE","@id":"https:\/\/speedrecovery.fi\/sv\/#\/schema\/logo\/image\/","url":"https:\/\/speedrecovery.fi\/wp-content\/uploads\/2023\/10\/Speed_recovery_logo_black.png","contentUrl":"https:\/\/speedrecovery.fi\/wp-content\/uploads\/2023\/10\/Speed_recovery_logo_black.png","width":1182,"height":1182,"caption":"Speed Recovery Studio"},"image":{"@id":"https:\/\/speedrecovery.fi\/sv\/#\/schema\/logo\/image\/"}}]}},"_links":{"self":[{"href":"https:\/\/speedrecovery.fi\/sv\/wp-json\/wp\/v2\/pages\/5142","targetHints":{"allow":["GET"]}}],"collection":[{"href":"https:\/\/speedrecovery.fi\/sv\/wp-json\/wp\/v2\/pages"}],"about":[{"href":"https:\/\/speedrecovery.fi\/sv\/wp-json\/wp\/v2\/types\/page"}],"author":[{"embeddable":true,"href":"https:\/\/speedrecovery.fi\/sv\/wp-json\/wp\/v2\/users\/1"}],"replies":[{"embeddable":true,"href":"https:\/\/speedrecovery.fi\/sv\/wp-json\/wp\/v2\/comments?post=5142"}],"version-history":[{"count":0,"href":"https:\/\/speedrecovery.fi\/sv\/wp-json\/wp\/v2\/pages\/5142\/revisions"}],"wp:featuredmedia":[{"embeddable":true,"href":"https:\/\/speedrecovery.fi\/sv\/wp-json\/wp\/v2\/media\/8265"}],"wp:attachment":[{"href":"https:\/\/speedrecovery.fi\/sv\/wp-json\/wp\/v2\/media?parent=5142"}],"curies":[{"name":"wp","href":"https:\/\/api.w.org\/{rel}","templated":true}]}}