{"id":5216,"date":"2024-02-16T15:14:15","date_gmt":"2024-02-16T13:14:15","guid":{"rendered":"https:\/\/speedrecovery.fi\/oxypro-behandling-med-hyperbar-syra\/"},"modified":"2025-12-22T10:32:54","modified_gmt":"2025-12-22T08:32:54","slug":"oxypro","status":"publish","type":"page","link":"https:\/\/speedrecovery.fi\/sv\/oxypro\/","title":{"rendered":"OxyPro\u2122 behandling med hyperbar syra"},"content":{"rendered":"<p>[et_pb_section fb_built=&#8221;1&#8243; _builder_version=&#8221;4.27.4&#8243; _module_preset=&#8221;default&#8221; use_background_color_gradient=&#8221;on&#8221; background_color_gradient_stops=&#8221;#002289 0%|#2aa6c2 25%|#ffffff 50%&#8221; min_height=&#8221;1013.1px&#8221; height=&#8221;2200px&#8221; custom_padding=&#8221;35px||374px|||&#8221; global_colors_info=&#8221;{}&#8221;][et_pb_row _builder_version=&#8221;4.24.0&#8243; _module_preset=&#8221;default&#8221; global_colors_info=&#8221;{}&#8221;][et_pb_column type=&#8221;4_4&#8243; _builder_version=&#8221;4.24.0&#8243; _module_preset=&#8221;default&#8221; global_colors_info=&#8221;{}&#8221;][et_pb_text _builder_version=&#8221;4.27.4&#8243; _module_preset=&#8221;default&#8221; text_font=&#8221;ABeeZee||||||||&#8221; text_text_color=&#8221;#FFFFFF&#8221; text_font_size=&#8221;20px&#8221; header_2_text_color=&#8221;#FFFFFF&#8221; header_2_font_size=&#8221;24px&#8221; text_text_shadow_style=&#8221;preset5&#8243; header_2_text_shadow_style=&#8221;preset5&#8243; global_colors_info=&#8221;{}&#8221;]<\/p>\n<h2 style=\"text-align: center;\">OxyPro\u2122 behandling med hyperbar syra<\/h2>\n<p style=\"text-align: center;\">60\u20ac \/ 45 min | 80 \u20ac \/ 60 min | 360\u20ac \/ 5 g\u00e5nger 60 min | 640 \u20ac \/ 10 g\u00e5nger 60 min<\/p>\n<p style=\"text-align: center;\">\n<p style=\"text-align: left;\">OxyPro\u2122 \u00e4r en icke-medicinsk mild hyperbar syrgasbehandling (mHBOT) som \u00e4r utformad f\u00f6r att kombinera effektivitet och komfort. Under behandlingen h\u00f6js syrgasniv\u00e5n i kammaren med cirka 50% (fr\u00e5n 21% till 31%) och trycket \u00f6kas till 53 kilopascal (1,53 ATA).<\/p>\n<p style=\"text-align: left;\">Vid f\u00f6rh\u00f6jt tryck uts\u00e4tts alla celler i kroppen f\u00f6r en l\u00e4tt kompression, vilket tillsammans med \u00f6kat syre \u00f6kar deras f\u00f6rm\u00e5ga att avl\u00e4gsna gifter och andra skadliga \u00e4mnen. Denna metod har visat sig fr\u00e4mja l\u00e4kning och regenerering av celler, v\u00e4vnader och organ.<\/p>\n<p>[\/et_pb_text][\/et_pb_column][\/et_pb_row][et_pb_row _builder_version=&#8221;4.27.0&#8243; _module_preset=&#8221;default&#8221; global_colors_info=&#8221;{}&#8221;][et_pb_column type=&#8221;4_4&#8243; _builder_version=&#8221;4.27.0&#8243; _module_preset=&#8221;default&#8221; global_colors_info=&#8221;{}&#8221;][et_pb_video src=&#8221;https:\/\/speedrecovery.fi\/wp-content\/uploads\/2024\/09\/oxypro_fullhd_sub.mp4&#8243; image_src=&#8221;https:\/\/speedrecovery.fi\/wp-content\/uploads\/2024\/09\/oxypro_video_screenshot1.jpg&#8221; _builder_version=&#8221;4.27.0&#8243; _module_preset=&#8221;default&#8221; transform_scale=&#8221;95%|95%&#8221; border_width_all=&#8221;2px&#8221; border_color_all=&#8221;#FFFFFF&#8221; box_shadow_style=&#8221;preset4&#8243; box_shadow_blur=&#8221;25px&#8221; global_colors_info=&#8221;{}&#8221;][\/et_pb_video][\/et_pb_column][\/et_pb_row][et_pb_row column_structure=&#8221;1_2,1_2&#8243; _builder_version=&#8221;4.24.0&#8243; _module_preset=&#8221;default&#8221; global_colors_info=&#8221;{}&#8221;][et_pb_column type=&#8221;1_2&#8243; _builder_version=&#8221;4.24.0&#8243; _module_preset=&#8221;default&#8221; global_colors_info=&#8221;{}&#8221;][et_pb_image src=&#8221;https:\/\/speedrecovery.fi\/wp-content\/uploads\/2024\/10\/oxypro_10_14_cropped.jpg&#8221; title_text=&#8221;oxypro_10_14_cropped&#8221; _builder_version=&#8221;4.27.2&#8243; _module_preset=&#8221;default&#8221; transform_scale=&#8221;95%|95%&#8221; border_width_all=&#8221;2px&#8221; border_color_all=&#8221;#FFFFFF&#8221; border_width_left=&#8221;2px&#8221; box_shadow_style=&#8221;preset4&#8243; box_shadow_blur=&#8221;25px&#8221; global_colors_info=&#8221;{}&#8221;][\/et_pb_image][et_pb_text _builder_version=&#8221;4.27.4&#8243; _module_preset=&#8221;default&#8221; text_font=&#8221;ABeeZee||||||||&#8221; text_text_color=&#8221;#000000&#8243; text_font_size=&#8221;19px&#8221; header_font=&#8221;ABeeZee||||||||&#8221; header_2_text_color=&#8221;#FFFFFF&#8221; header_3_font=&#8221;ABeeZee||||||||&#8221; header_3_text_color=&#8221;#FFFFFF&#8221; header_2_text_shadow_style=&#8221;preset5&#8243; header_3_text_shadow_style=&#8221;preset5&#8243; global_colors_info=&#8221;{}&#8221;]<\/p>\n<p>Under hyperbarisk behandling andas du normalt medan trycket p\u00e5 din kropp \u00f6kar. Tryck\u00f6kningen g\u00f6r att syret l\u00f6ses upp i blodplasman och kroppsv\u00e4vnaderna mycket snabbare \u00e4n vid normalt atmosf\u00e4riskt tryck.<\/p>\n<p>Vid f\u00f6rh\u00f6jt tryck uts\u00e4tts alla celler i kroppen f\u00f6r en l\u00e4tt kompression, vilket tillsammans med \u00f6kat syre kan ha en positiv effekt p\u00e5 deras funktion.<\/p>\n<p>N\u00e4r syrehalten i v\u00e4vnaderna \u00f6kar kan kroppen f\u00e5 b\u00e4ttre f\u00f6ruts\u00e4ttningar att st\u00e5 emot olika infektioner och immunf\u00f6rsvaret kan bli mer motst\u00e5ndskraftigt. mHBOT-behandlingen kan ocks\u00e5 potentiellt \u00f6ka de vita blodkropparnas f\u00f6rm\u00e5ga att hitta och f\u00f6rst\u00f6ra celler som &#8221;angriper&#8221; kroppen.<\/p>\n<p>[\/et_pb_text][\/et_pb_column][et_pb_column type=&#8221;1_2&#8243; _builder_version=&#8221;4.24.0&#8243; _module_preset=&#8221;default&#8221; global_colors_info=&#8221;{}&#8221;][et_pb_image src=&#8221;https:\/\/speedrecovery.fi\/wp-content\/uploads\/2024\/10\/oxypro_10_8_cropped.jpg&#8221; title_text=&#8221;oxypro_10_8_cropped&#8221; _builder_version=&#8221;4.27.2&#8243; _module_preset=&#8221;default&#8221; transform_scale=&#8221;95%|95%&#8221; border_width_all=&#8221;2px&#8221; border_color_all=&#8221;#FFFFFF&#8221; box_shadow_style=&#8221;preset4&#8243; box_shadow_blur=&#8221;25px&#8221; global_colors_info=&#8221;{}&#8221;][\/et_pb_image][et_pb_text _builder_version=&#8221;4.27.4&#8243; _module_preset=&#8221;default&#8221; text_font=&#8221;ABeeZee||||||||&#8221; text_text_color=&#8221;#000000&#8243; text_font_size=&#8221;19px&#8221; header_text_color=&#8221;#FFFFFF&#8221; header_2_text_color=&#8221;#FFFFFF&#8221; header_3_text_color=&#8221;#FFFFFF&#8221; header_2_text_shadow_style=&#8221;preset5&#8243; header_3_text_shadow_style=&#8221;preset5&#8243; global_colors_info=&#8221;{}&#8221;]<\/p>\n<p>F\u00f6r idrottare kan OxyPro\u2122 ge en ov\u00e4rderlig f\u00f6rdel vid \u00e5terh\u00e4mtning. Hyperbar terapi kan p\u00e5skynda muskel\u00e5terh\u00e4mtningen efter intensiv tr\u00e4ning och f\u00f6rkorta \u00e5terh\u00e4mtningstiden. Detta \u00e4r s\u00e4rskilt anv\u00e4ndbart f\u00f6r professionella idrottare och aktiva fitnessentusiaster.<\/p>\n<p>OxyPro\u2122 har visat sig vara effektivt vid behandling av ett stort antal sjukdomar och skador, inklusive diabetiska s\u00e5r, str\u00e5lskador och vissa infektioner. I vissa fall kan det ocks\u00e5 f\u00f6rb\u00e4ttra hj\u00e4rnfunktionen och den kognitiva f\u00f6rm\u00e5gan.<\/p>\n<p><span class=\"break-words tvm-parent-container\"><span dir=\"ltr\">Hyperbarisk terapi \u00f6kar koncentrationen av cirkulerande stamceller i den perifera cirkulationen. Genom att \u00f6ka plasmans syreniv\u00e5er i blodet har stamceller fr\u00e5n benm\u00e4rgen i studier visat sig f\u00f6r\u00f6ka sig och mobiliseras avsev\u00e4rt. <span><br \/><\/span><\/span><\/span><\/p>\n<p>&nbsp;<\/p>\n<p>&nbsp;<\/p>\n<p>[\/et_pb_text][\/et_pb_column][\/et_pb_row][\/et_pb_section][et_pb_section fb_built=&#8221;1&#8243; _builder_version=&#8221;4.24.0&#8243; _module_preset=&#8221;default&#8221; custom_padding=&#8221;40px|||||&#8221; global_colors_info=&#8221;{}&#8221;][et_pb_row column_structure=&#8221;1_4,1_4,1_4,1_4&#8243; _builder_version=&#8221;4.24.2&#8243; _module_preset=&#8221;default&#8221; custom_padding=&#8221;40px||||false|false&#8221; border_width_top=&#8221;1px&#8221; border_color_top=&#8221;#000000&#8243; global_colors_info=&#8221;{}&#8221; theme_builder_area=&#8221;post_content&#8221;][et_pb_column type=&#8221;1_4&#8243; _builder_version=&#8221;4.24.0&#8243; _module_preset=&#8221;default&#8221; global_colors_info=&#8221;{}&#8221; theme_builder_area=&#8221;post_content&#8221;][\/et_pb_column][et_pb_column type=&#8221;1_4&#8243; _builder_version=&#8221;4.24.0&#8243; _module_preset=&#8221;default&#8221; global_colors_info=&#8221;{}&#8221; theme_builder_area=&#8221;post_content&#8221;][et_pb_text _builder_version=&#8221;4.25.1&#8243; _module_preset=&#8221;default&#8221; text_font=&#8221;ABeeZee||||||||&#8221; text_text_color=&#8221;#000000&#8243; text_font_size=&#8221;18px&#8221; global_colors_info=&#8221;{}&#8221; theme_builder_area=&#8221;post_content&#8221;]<\/p>\n<p>Speed Recovery Studio<\/p>\n<p>Hotel Haaga Central Park<br \/>Nuijamiestentie 10<br \/>00320 Helsingfors<\/p>\n<p>+358 400 90 3033<br \/>info@speedrecovery.fi<\/p>\n<p>[\/et_pb_text][\/et_pb_column][et_pb_column type=&#8221;1_4&#8243; _builder_version=&#8221;4.24.0&#8243; _module_preset=&#8221;default&#8221; global_colors_info=&#8221;{}&#8221; theme_builder_area=&#8221;post_content&#8221;][et_pb_text _builder_version=&#8221;4.27.4&#8243; _module_preset=&#8221;default&#8221; text_font=&#8221;ABeeZee||||||||&#8221; text_text_color=&#8221;#000000&#8243; text_font_size=&#8221;18px&#8221; global_colors_info=&#8221;{}&#8221; theme_builder_area=&#8221;post_content&#8221;]<\/p>\n<p>M\u00e5n &#8211; Fre 10:00 &#8211; 18:00<br \/>L\u00f6r 10:00 &#8211; 16:00<\/p>\n<p>Speed Promotion Finland SPF Oy 1048072-2<\/p>\n<p>[\/et_pb_text][et_pb_social_media_follow _builder_version=&#8221;4.27.4&#8243; _module_preset=&#8221;default&#8221; background_color=&#8221;RGBA(255,255,255,0)&#8221; transform_scale=&#8221;105%|105%&#8221; global_colors_info=&#8221;{}&#8221; theme_builder_area=&#8221;post_content&#8221;][et_pb_social_media_follow_network social_network=&#8221;instagram&#8221; url=&#8221;https:\/\/www.instagram.com\/speedrecoverystudio\/&#8221; icon_color=&#8221;#000000&#8243; _builder_version=&#8221;4.25.2&#8243; _module_preset=&#8221;default&#8221; background_color=&#8221;RGBA(255,255,255,0)&#8221; background_enable_color=&#8221;on&#8221; global_colors_info=&#8221;{}&#8221; theme_builder_area=&#8221;post_content&#8221; follow_button=&#8221;off&#8221; url_new_window=&#8221;on&#8221;]instagram[\/et_pb_social_media_follow_network][et_pb_social_media_follow_network social_network=&#8221;facebook&#8221; url=&#8221;https:\/\/www.facebook.com\/profile.php?id=61553820249195&#8243; icon_color=&#8221;#000000&#8243; _builder_version=&#8221;4.25.2&#8243; _module_preset=&#8221;default&#8221; background_color=&#8221;RGBA(255,255,255,0)&#8221; background_enable_color=&#8221;on&#8221; global_colors_info=&#8221;{}&#8221; theme_builder_area=&#8221;post_content&#8221; follow_button=&#8221;off&#8221; url_new_window=&#8221;on&#8221;]facebook[\/et_pb_social_media_follow_network][et_pb_social_media_follow_network social_network=&#8221;youtube&#8221; url=&#8221;https:\/\/www.youtube.com\/@SpeedRecoveryStudio&#8221; icon_color=&#8221;#000000&#8243; _builder_version=&#8221;4.27.0&#8243; _module_preset=&#8221;default&#8221; background_color=&#8221;RGBA(255,255,255,0)&#8221; background_enable_color=&#8221;on&#8221; global_colors_info=&#8221;{}&#8221; theme_builder_area=&#8221;post_content&#8221; follow_button=&#8221;off&#8221; url_new_window=&#8221;on&#8221;]youtube[\/et_pb_social_media_follow_network][et_pb_social_media_follow_network social_network=&#8221;tiktok&#8221; url=&#8221;https:\/\/www.tiktok.com\/@speedrecoveryfin?_t=ZN-8vnwhEsFFnK&#038;_r=1&#8243; icon_color=&#8221;#000000&#8243; _builder_version=&#8221;4.27.4&#8243; _module_preset=&#8221;default&#8221; background_color=&#8221;RGBA(255,255,255,0)&#8221; background_enable_color=&#8221;on&#8221; global_colors_info=&#8221;{}&#8221; theme_builder_area=&#8221;post_content&#8221; follow_button=&#8221;off&#8221; url_new_window=&#8221;on&#8221;]tiktok[\/et_pb_social_media_follow_network][\/et_pb_social_media_follow][\/et_pb_column][et_pb_column type=&#8221;1_4&#8243; _builder_version=&#8221;4.24.0&#8243; _module_preset=&#8221;default&#8221; global_colors_info=&#8221;{}&#8221; theme_builder_area=&#8221;post_content&#8221;][\/et_pb_column][\/et_pb_row][\/et_pb_section]<\/p>\n","protected":false},"excerpt":{"rendered":"<p>OxyPro\u2122 behandling med hyperbar syra 60\u20ac \/ 45 min | 80 \u20ac \/ 60 min | 360\u20ac \/ 5 g\u00e5nger 60 min | 640 \u20ac \/ 10 g\u00e5nger 60 min OxyPro\u2122 \u00e4r en icke-medicinsk mild hyperbar syrgasbehandling (mHBOT) som \u00e4r utformad f\u00f6r att kombinera effektivitet och komfort. Under behandlingen h\u00f6js syrgasniv\u00e5n i kammaren med cirka [&hellip;]<\/p>\n","protected":false},"author":1,"featured_media":6717,"parent":0,"menu_order":0,"comment_status":"closed","ping_status":"closed","template":"","meta":{"_et_pb_use_builder":"on","_et_pb_old_content":"","_et_gb_content_width":"","footnotes":""},"class_list":["post-5216","page","type-page","status-publish","has-post-thumbnail","hentry"],"yoast_head":"<!-- This site is optimized with the Yoast SEO Premium plugin v26.0 (Yoast SEO v27.4) - https:\/\/yoast.com\/product\/yoast-seo-premium-wordpress\/ -->\n<title>OxyPro\u2122 behandling med hyperbar syra - Speed Recovery Studio<\/title>\n<meta name=\"description\" content=\"CTN OxyPro\u2122 \u00e4r en toppmodern hyperbar syrgasbehandling (HBOT) som kombinerar effektivitet och komfort. Under behandlingen \u00f6kar syrgasniv\u00e5n i kammaren med 50% (fr\u00e5n 21% till 31%) medan trycket h\u00f6js till 53 kilopascal (1,53ATA), vilket motsvarar ett djup p\u00e5 ca 5,3 meter under vattenytan.\" \/>\n<meta name=\"robots\" content=\"index, follow, max-snippet:-1, max-image-preview:large, max-video-preview:-1\" \/>\n<link rel=\"canonical\" href=\"https:\/\/speedrecovery.fi\/sv\/oxypro\/\" \/>\n<meta property=\"og:locale\" content=\"sv_SE\" \/>\n<meta property=\"og:type\" content=\"article\" \/>\n<meta property=\"og:title\" content=\"OxyPro\u2122 behandling med hyperbar syra\" \/>\n<meta property=\"og:description\" content=\"CTN OxyPro\u2122 \u00e4r en toppmodern hyperbar syrgasbehandling (HBOT) som kombinerar effektivitet och komfort. Under behandlingen \u00f6kar syrgasniv\u00e5n i kammaren med 50% (fr\u00e5n 21% till 31%) medan trycket h\u00f6js till 53 kilopascal (1,53ATA), vilket motsvarar ett djup p\u00e5 ca 5,3 meter under vattenytan.\" \/>\n<meta property=\"og:url\" content=\"https:\/\/speedrecovery.fi\/sv\/oxypro\/\" \/>\n<meta property=\"og:site_name\" content=\"Speed Recovery Studio\" \/>\n<meta property=\"article:modified_time\" content=\"2025-12-22T08:32:54+00:00\" \/>\n<meta property=\"og:image\" content=\"https:\/\/speedrecovery.fi\/wp-content\/uploads\/2024\/05\/oxypro_nelio_toukokuu1.jpeg\" \/>\n\t<meta property=\"og:image:width\" content=\"1198\" \/>\n\t<meta property=\"og:image:height\" content=\"1199\" \/>\n\t<meta property=\"og:image:type\" content=\"image\/jpeg\" \/>\n<meta name=\"twitter:card\" content=\"summary_large_image\" \/>\n<meta name=\"twitter:label1\" content=\"Ber\u00e4knad l\u00e4stid\" \/>\n\t<meta name=\"twitter:data1\" content=\"3 minuter\" \/>\n<script type=\"application\/ld+json\" class=\"yoast-schema-graph\">{\"@context\":\"https:\\\/\\\/schema.org\",\"@graph\":[{\"@type\":\"WebPage\",\"@id\":\"https:\\\/\\\/speedrecovery.fi\\\/sv\\\/oxypro\\\/\",\"url\":\"https:\\\/\\\/speedrecovery.fi\\\/sv\\\/oxypro\\\/\",\"name\":\"OxyPro\u2122 behandling med hyperbar syra - Speed Recovery Studio\",\"isPartOf\":{\"@id\":\"https:\\\/\\\/speedrecovery.fi\\\/sv\\\/#website\"},\"primaryImageOfPage\":{\"@id\":\"https:\\\/\\\/speedrecovery.fi\\\/sv\\\/oxypro\\\/#primaryimage\"},\"image\":{\"@id\":\"https:\\\/\\\/speedrecovery.fi\\\/sv\\\/oxypro\\\/#primaryimage\"},\"thumbnailUrl\":\"https:\\\/\\\/speedrecovery.fi\\\/wp-content\\\/uploads\\\/2024\\\/05\\\/oxypro_nelio_toukokuu1.jpeg\",\"datePublished\":\"2024-02-16T13:14:15+00:00\",\"dateModified\":\"2025-12-22T08:32:54+00:00\",\"description\":\"CTN OxyPro\u2122 \u00e4r en toppmodern hyperbar syrgasbehandling (HBOT) som kombinerar effektivitet och komfort. Under behandlingen \u00f6kar syrgasniv\u00e5n i kammaren med 50% (fr\u00e5n 21% till 31%) medan trycket h\u00f6js till 53 kilopascal (1,53ATA), vilket motsvarar ett djup p\u00e5 ca 5,3 meter under vattenytan.\",\"breadcrumb\":{\"@id\":\"https:\\\/\\\/speedrecovery.fi\\\/sv\\\/oxypro\\\/#breadcrumb\"},\"inLanguage\":\"sv-SE\",\"potentialAction\":[{\"@type\":\"ReadAction\",\"target\":[\"https:\\\/\\\/speedrecovery.fi\\\/sv\\\/oxypro\\\/\"]}]},{\"@type\":\"ImageObject\",\"inLanguage\":\"sv-SE\",\"@id\":\"https:\\\/\\\/speedrecovery.fi\\\/sv\\\/oxypro\\\/#primaryimage\",\"url\":\"https:\\\/\\\/speedrecovery.fi\\\/wp-content\\\/uploads\\\/2024\\\/05\\\/oxypro_nelio_toukokuu1.jpeg\",\"contentUrl\":\"https:\\\/\\\/speedrecovery.fi\\\/wp-content\\\/uploads\\\/2024\\\/05\\\/oxypro_nelio_toukokuu1.jpeg\",\"width\":1198,\"height\":1199},{\"@type\":\"BreadcrumbList\",\"@id\":\"https:\\\/\\\/speedrecovery.fi\\\/sv\\\/oxypro\\\/#breadcrumb\",\"itemListElement\":[{\"@type\":\"ListItem\",\"position\":1,\"name\":\"Home\",\"item\":\"https:\\\/\\\/speedrecovery.fi\\\/sv\\\/\"},{\"@type\":\"ListItem\",\"position\":2,\"name\":\"OxyPro\u2122 behandling med hyperbar syra\"}]},{\"@type\":\"WebSite\",\"@id\":\"https:\\\/\\\/speedrecovery.fi\\\/sv\\\/#website\",\"url\":\"https:\\\/\\\/speedrecovery.fi\\\/sv\\\/\",\"name\":\"Speed Recovery Studio\",\"description\":\"Speed Recovery Studio Haaga \\\/ CTN Technologies e\u00b0CABIN\u2122, LedPro\u2122, OxyPro\u2122, X-TONE\u2122, X\u00b0CRYO\u2122 and X\u00b0GUN\u2122\",\"publisher\":{\"@id\":\"https:\\\/\\\/speedrecovery.fi\\\/sv\\\/#organization\"},\"potentialAction\":[{\"@type\":\"SearchAction\",\"target\":{\"@type\":\"EntryPoint\",\"urlTemplate\":\"https:\\\/\\\/speedrecovery.fi\\\/sv\\\/?s={search_term_string}\"},\"query-input\":{\"@type\":\"PropertyValueSpecification\",\"valueRequired\":true,\"valueName\":\"search_term_string\"}}],\"inLanguage\":\"sv-SE\"},{\"@type\":\"Organization\",\"@id\":\"https:\\\/\\\/speedrecovery.fi\\\/sv\\\/#organization\",\"name\":\"Speed Recovery Studio\",\"url\":\"https:\\\/\\\/speedrecovery.fi\\\/sv\\\/\",\"logo\":{\"@type\":\"ImageObject\",\"inLanguage\":\"sv-SE\",\"@id\":\"https:\\\/\\\/speedrecovery.fi\\\/sv\\\/#\\\/schema\\\/logo\\\/image\\\/\",\"url\":\"https:\\\/\\\/speedrecovery.fi\\\/wp-content\\\/uploads\\\/2023\\\/10\\\/Speed_recovery_logo_black.png\",\"contentUrl\":\"https:\\\/\\\/speedrecovery.fi\\\/wp-content\\\/uploads\\\/2023\\\/10\\\/Speed_recovery_logo_black.png\",\"width\":1182,\"height\":1182,\"caption\":\"Speed Recovery Studio\"},\"image\":{\"@id\":\"https:\\\/\\\/speedrecovery.fi\\\/sv\\\/#\\\/schema\\\/logo\\\/image\\\/\"}}]}<\/script>\n<!-- \/ Yoast SEO Premium plugin. -->","yoast_head_json":{"title":"OxyPro\u2122 behandling med hyperbar syra - Speed Recovery Studio","description":"CTN OxyPro\u2122 \u00e4r en toppmodern hyperbar syrgasbehandling (HBOT) som kombinerar effektivitet och komfort. Under behandlingen \u00f6kar syrgasniv\u00e5n i kammaren med 50% (fr\u00e5n 21% till 31%) medan trycket h\u00f6js till 53 kilopascal (1,53ATA), vilket motsvarar ett djup p\u00e5 ca 5,3 meter under vattenytan.","robots":{"index":"index","follow":"follow","max-snippet":"max-snippet:-1","max-image-preview":"max-image-preview:large","max-video-preview":"max-video-preview:-1"},"canonical":"https:\/\/speedrecovery.fi\/sv\/oxypro\/","og_locale":"sv_SE","og_type":"article","og_title":"OxyPro\u2122 behandling med hyperbar syra","og_description":"CTN OxyPro\u2122 \u00e4r en toppmodern hyperbar syrgasbehandling (HBOT) som kombinerar effektivitet och komfort. Under behandlingen \u00f6kar syrgasniv\u00e5n i kammaren med 50% (fr\u00e5n 21% till 31%) medan trycket h\u00f6js till 53 kilopascal (1,53ATA), vilket motsvarar ett djup p\u00e5 ca 5,3 meter under vattenytan.","og_url":"https:\/\/speedrecovery.fi\/sv\/oxypro\/","og_site_name":"Speed Recovery Studio","article_modified_time":"2025-12-22T08:32:54+00:00","og_image":[{"width":1198,"height":1199,"url":"https:\/\/speedrecovery.fi\/wp-content\/uploads\/2024\/05\/oxypro_nelio_toukokuu1.jpeg","type":"image\/jpeg"}],"twitter_card":"summary_large_image","twitter_misc":{"Ber\u00e4knad l\u00e4stid":"3 minuter"},"schema":{"@context":"https:\/\/schema.org","@graph":[{"@type":"WebPage","@id":"https:\/\/speedrecovery.fi\/sv\/oxypro\/","url":"https:\/\/speedrecovery.fi\/sv\/oxypro\/","name":"OxyPro\u2122 behandling med hyperbar syra - Speed Recovery Studio","isPartOf":{"@id":"https:\/\/speedrecovery.fi\/sv\/#website"},"primaryImageOfPage":{"@id":"https:\/\/speedrecovery.fi\/sv\/oxypro\/#primaryimage"},"image":{"@id":"https:\/\/speedrecovery.fi\/sv\/oxypro\/#primaryimage"},"thumbnailUrl":"https:\/\/speedrecovery.fi\/wp-content\/uploads\/2024\/05\/oxypro_nelio_toukokuu1.jpeg","datePublished":"2024-02-16T13:14:15+00:00","dateModified":"2025-12-22T08:32:54+00:00","description":"CTN OxyPro\u2122 \u00e4r en toppmodern hyperbar syrgasbehandling (HBOT) som kombinerar effektivitet och komfort. Under behandlingen \u00f6kar syrgasniv\u00e5n i kammaren med 50% (fr\u00e5n 21% till 31%) medan trycket h\u00f6js till 53 kilopascal (1,53ATA), vilket motsvarar ett djup p\u00e5 ca 5,3 meter under vattenytan.","breadcrumb":{"@id":"https:\/\/speedrecovery.fi\/sv\/oxypro\/#breadcrumb"},"inLanguage":"sv-SE","potentialAction":[{"@type":"ReadAction","target":["https:\/\/speedrecovery.fi\/sv\/oxypro\/"]}]},{"@type":"ImageObject","inLanguage":"sv-SE","@id":"https:\/\/speedrecovery.fi\/sv\/oxypro\/#primaryimage","url":"https:\/\/speedrecovery.fi\/wp-content\/uploads\/2024\/05\/oxypro_nelio_toukokuu1.jpeg","contentUrl":"https:\/\/speedrecovery.fi\/wp-content\/uploads\/2024\/05\/oxypro_nelio_toukokuu1.jpeg","width":1198,"height":1199},{"@type":"BreadcrumbList","@id":"https:\/\/speedrecovery.fi\/sv\/oxypro\/#breadcrumb","itemListElement":[{"@type":"ListItem","position":1,"name":"Home","item":"https:\/\/speedrecovery.fi\/sv\/"},{"@type":"ListItem","position":2,"name":"OxyPro\u2122 behandling med hyperbar syra"}]},{"@type":"WebSite","@id":"https:\/\/speedrecovery.fi\/sv\/#website","url":"https:\/\/speedrecovery.fi\/sv\/","name":"Speed Recovery Studio","description":"Speed Recovery Studio Haaga \/ CTN Technologies e\u00b0CABIN\u2122, LedPro\u2122, OxyPro\u2122, X-TONE\u2122, X\u00b0CRYO\u2122 and X\u00b0GUN\u2122","publisher":{"@id":"https:\/\/speedrecovery.fi\/sv\/#organization"},"potentialAction":[{"@type":"SearchAction","target":{"@type":"EntryPoint","urlTemplate":"https:\/\/speedrecovery.fi\/sv\/?s={search_term_string}"},"query-input":{"@type":"PropertyValueSpecification","valueRequired":true,"valueName":"search_term_string"}}],"inLanguage":"sv-SE"},{"@type":"Organization","@id":"https:\/\/speedrecovery.fi\/sv\/#organization","name":"Speed Recovery Studio","url":"https:\/\/speedrecovery.fi\/sv\/","logo":{"@type":"ImageObject","inLanguage":"sv-SE","@id":"https:\/\/speedrecovery.fi\/sv\/#\/schema\/logo\/image\/","url":"https:\/\/speedrecovery.fi\/wp-content\/uploads\/2023\/10\/Speed_recovery_logo_black.png","contentUrl":"https:\/\/speedrecovery.fi\/wp-content\/uploads\/2023\/10\/Speed_recovery_logo_black.png","width":1182,"height":1182,"caption":"Speed Recovery Studio"},"image":{"@id":"https:\/\/speedrecovery.fi\/sv\/#\/schema\/logo\/image\/"}}]}},"_links":{"self":[{"href":"https:\/\/speedrecovery.fi\/sv\/wp-json\/wp\/v2\/pages\/5216","targetHints":{"allow":["GET"]}}],"collection":[{"href":"https:\/\/speedrecovery.fi\/sv\/wp-json\/wp\/v2\/pages"}],"about":[{"href":"https:\/\/speedrecovery.fi\/sv\/wp-json\/wp\/v2\/types\/page"}],"author":[{"embeddable":true,"href":"https:\/\/speedrecovery.fi\/sv\/wp-json\/wp\/v2\/users\/1"}],"replies":[{"embeddable":true,"href":"https:\/\/speedrecovery.fi\/sv\/wp-json\/wp\/v2\/comments?post=5216"}],"version-history":[{"count":0,"href":"https:\/\/speedrecovery.fi\/sv\/wp-json\/wp\/v2\/pages\/5216\/revisions"}],"wp:featuredmedia":[{"embeddable":true,"href":"https:\/\/speedrecovery.fi\/sv\/wp-json\/wp\/v2\/media\/6717"}],"wp:attachment":[{"href":"https:\/\/speedrecovery.fi\/sv\/wp-json\/wp\/v2\/media?parent=5216"}],"curies":[{"name":"wp","href":"https:\/\/api.w.org\/{rel}","templated":true}]}}