{"id":6406,"date":"2024-05-24T09:27:32","date_gmt":"2024-05-24T06:27:32","guid":{"rendered":"https:\/\/speedrecovery.fi\/kontakt\/"},"modified":"2025-12-22T10:32:12","modified_gmt":"2025-12-22T08:32:12","slug":"kontakt","status":"publish","type":"page","link":"https:\/\/speedrecovery.fi\/sv\/kontakt\/","title":{"rendered":"Kontakt"},"content":{"rendered":"<p>[et_pb_section fb_built=&#8221;1&#8243; _builder_version=&#8221;4.27.4&#8243; _module_preset=&#8221;default&#8221; use_background_color_gradient=&#8221;on&#8221; background_color_gradient_stops=&#8221;#002289 0%|#2aa6c2 25%|#ffffff 50%&#8221; min_height=&#8221;1013.1px&#8221; height=&#8221;2200px&#8221; custom_padding=&#8221;35px||374px|||&#8221; global_colors_info=&#8221;{}&#8221;][et_pb_row _builder_version=&#8221;4.24.0&#8243; _module_preset=&#8221;default&#8221; global_colors_info=&#8221;{}&#8221;][et_pb_column type=&#8221;4_4&#8243; _builder_version=&#8221;4.24.0&#8243; _module_preset=&#8221;default&#8221; global_colors_info=&#8221;{}&#8221;][et_pb_text _builder_version=&#8221;4.27.4&#8243; _module_preset=&#8221;default&#8221; text_font=&#8221;ABeeZee||||||||&#8221; text_text_color=&#8221;#FFFFFF&#8221; text_font_size=&#8221;20px&#8221; header_2_text_color=&#8221;#FFFFFF&#8221; header_2_font_size=&#8221;24px&#8221; text_text_shadow_style=&#8221;preset5&#8243; header_2_text_shadow_style=&#8221;preset5&#8243; global_colors_info=&#8221;{}&#8221;]<\/p>\n<h2 style=\"text-align: center;\">Kontakt<\/h2>\n<p>&nbsp;<\/p>\n<p style=\"text-align: left;\">V\u00e5r studio ligger i Hotel Haaga Central Park p\u00e5 adressen Nuijamiestentie 10, 00320 Helsingfors. Ing\u00e5ng genom hotellets lobby. Gratis parkering finns l\u00e4ngs gatan.<\/p>\n<p style=\"text-align: left;\">Vi har \u00f6ppet m\u00e5ndag till fredag kl. 10:00 &#8211; 18:00 och l\u00f6rdagar kl. 10:00 &#8211; 16:00, med undantag f\u00f6r helgdagar. I \u00f6vrigt enligt \u00f6verenskommelse. Som betalningsmetoder accepterar vi betalkort, MobilePay, Edenred och faktura.<\/p>\n<p style=\"text-align: left;\">Vi betj\u00e4nar \u00e4ven utan tidsbokning, s\u00e5 v\u00e4lkommen att bes\u00f6ka oss eller bara titta in. Om du inte hittar en l\u00e4mplig tid i <a href=\"https:\/\/evaraus.fi\/speedrecovery\/\" target=\"_blank\" rel=\"noopener\"><span style=\"text-decoration: underline;\">bokningskalendern<\/span><\/a> (\u00f6ppnas i ett nytt f\u00f6nster) kan du ringa eller skicka ett meddelande. F\u00f6rs\u00e4ljning och f\u00f6rfr\u00e5gningar via e-post <span style=\"text-decoration: underline;\"><a href=\"mailto:info@speedrecovery.fi\">info@speedrecovery.fi<\/a><\/span> eller telefon +358 400 90 3033 (\u00e4ven WhatsApp).<\/p>\n<p>[\/et_pb_text][\/et_pb_column][\/et_pb_row][et_pb_row column_structure=&#8221;1_2,1_2&#8243; _builder_version=&#8221;4.24.0&#8243; _module_preset=&#8221;default&#8221; global_colors_info=&#8221;{}&#8221;][et_pb_column type=&#8221;1_2&#8243; _builder_version=&#8221;4.24.0&#8243; _module_preset=&#8221;default&#8221; global_colors_info=&#8221;{}&#8221;][et_pb_image src=&#8221;https:\/\/speedrecovery.fi\/wp-content\/uploads\/2025\/11\/yhteystiedot_kuva1_nelio-1.jpg&#8221; title_text=&#8221;kontaktuppgifter_bild1_kvadrat&#8221; _builder_version=&#8221;4.27.4&#8243; _module_preset=&#8221;default&#8221; transform_scale=&#8221;95%|95%&#8221; border_width_all=&#8221;2px&#8221; border_color_all=&#8221;#FFFFFF&#8221; border_width_left=&#8221;2px&#8221; box_shadow_style=&#8221;preset4&#8243; box_shadow_blur=&#8221;25px&#8221; global_colors_info=&#8221;{}&#8221;][\/et_pb_image][\/et_pb_column][et_pb_column type=&#8221;1_2&#8243; _builder_version=&#8221;4.24.0&#8243; _module_preset=&#8221;default&#8221; global_colors_info=&#8221;{}&#8221;][et_pb_image src=&#8221;https:\/\/speedrecovery.fi\/wp-content\/uploads\/2025\/11\/yhteystiedot_kuva2_nelio.jpg&#8221; title_text=&#8221;kontaktuppgifter_bild2_kvadrat&#8221; _builder_version=&#8221;4.27.4&#8243; _module_preset=&#8221;default&#8221; transform_scale=&#8221;95%|95%&#8221; border_width_all=&#8221;2px&#8221; border_color_all=&#8221;#FFFFFF&#8221; box_shadow_style=&#8221;preset4&#8243; box_shadow_blur=&#8221;25px&#8221; global_colors_info=&#8221;{}&#8221;][\/et_pb_image][\/et_pb_column][\/et_pb_row][et_pb_row column_structure=&#8221;1_2,1_2&#8243; _builder_version=&#8221;4.24.0&#8243; _module_preset=&#8221;default&#8221; global_colors_info=&#8221;{}&#8221;][et_pb_column type=&#8221;1_2&#8243; _builder_version=&#8221;4.24.0&#8243; _module_preset=&#8221;default&#8221; global_colors_info=&#8221;{}&#8221;][et_pb_image src=&#8221;https:\/\/speedrecovery.fi\/wp-content\/uploads\/2024\/05\/aula_nelio.jpg&#8221; title_text=&#8221;monteringshall_nelio&#8221; _builder_version=&#8221;4.27.4&#8243; _module_preset=&#8221;default&#8221; transform_scale=&#8221;95%|95%&#8221; border_width_all=&#8221;2px&#8221; border_color_all=&#8221;#FFFFFF&#8221; border_width_left=&#8221;2px&#8221; box_shadow_style=&#8221;preset4&#8243; box_shadow_blur=&#8221;25px&#8221; global_colors_info=&#8221;{}&#8221;][\/et_pb_image][\/et_pb_column][et_pb_column type=&#8221;1_2&#8243; _builder_version=&#8221;4.24.0&#8243; _module_preset=&#8221;default&#8221; global_colors_info=&#8221;{}&#8221;][et_pb_image src=&#8221;https:\/\/speedrecovery.fi\/wp-content\/uploads\/2024\/05\/hotel_nelio-1.jpg&#8221; title_text=&#8221;hotell_nelio&#8221; _builder_version=&#8221;4.27.4&#8243; _module_preset=&#8221;default&#8221; transform_scale=&#8221;95%|95%&#8221; border_width_all=&#8221;2px&#8221; border_color_all=&#8221;#FFFFFF&#8221; box_shadow_style=&#8221;preset4&#8243; box_shadow_blur=&#8221;25px&#8221; global_colors_info=&#8221;{}&#8221;][\/et_pb_image][\/et_pb_column][\/et_pb_row][\/et_pb_section][et_pb_section fb_built=&#8221;1&#8243; _builder_version=&#8221;4.24.0&#8243; _module_preset=&#8221;default&#8221; custom_padding=&#8221;40px|||||&#8221; global_colors_info=&#8221;{}&#8221;][et_pb_row column_structure=&#8221;1_4,1_4,1_4,1_4&#8243; _builder_version=&#8221;4.24.2&#8243; _module_preset=&#8221;default&#8221; custom_padding=&#8221;40px||||false|false&#8221; border_width_top=&#8221;1px&#8221; border_color_top=&#8221;#000000&#8243; global_colors_info=&#8221;{}&#8221; theme_builder_area=&#8221;post_content&#8221;][et_pb_column type=&#8221;1_4&#8243; _builder_version=&#8221;4.24.0&#8243; _module_preset=&#8221;default&#8221; global_colors_info=&#8221;{}&#8221; theme_builder_area=&#8221;post_content&#8221;][\/et_pb_column][et_pb_column type=&#8221;1_4&#8243; _builder_version=&#8221;4.24.0&#8243; _module_preset=&#8221;default&#8221; global_colors_info=&#8221;{}&#8221; theme_builder_area=&#8221;post_content&#8221;][et_pb_text _builder_version=&#8221;4.25.1&#8243; _module_preset=&#8221;default&#8221; text_font=&#8221;ABeeZee||||||||&#8221; text_text_color=&#8221;#000000&#8243; text_font_size=&#8221;18px&#8221; global_colors_info=&#8221;{}&#8221; theme_builder_area=&#8221;post_content&#8221;]<\/p>\n<p>Speed Recovery Studio<\/p>\n<p>Hotel Haaga Central Park<br \/>Nuijamiestentie 10<br \/>00320 Helsingfors<\/p>\n<p>+358 400 90 3033<br \/>info@speedrecovery.fi<\/p>\n<p>[\/et_pb_text][\/et_pb_column][et_pb_column type=&#8221;1_4&#8243; _builder_version=&#8221;4.24.0&#8243; _module_preset=&#8221;default&#8221; global_colors_info=&#8221;{}&#8221; theme_builder_area=&#8221;post_content&#8221;][et_pb_text _builder_version=&#8221;4.27.4&#8243; _module_preset=&#8221;default&#8221; text_font=&#8221;ABeeZee||||||||&#8221; text_text_color=&#8221;#000000&#8243; text_font_size=&#8221;18px&#8221; global_colors_info=&#8221;{}&#8221; theme_builder_area=&#8221;post_content&#8221;]<\/p>\n<p>M\u00e5n &#8211; Fre 10:00 &#8211; 18:00<br \/>L\u00f6r 10:00 &#8211; 16:00<\/p>\n<p>Speed Promotion Finland SPF Oy 1048072-2<\/p>\n<p>[\/et_pb_text][et_pb_social_media_follow _builder_version=&#8221;4.27.4&#8243; _module_preset=&#8221;default&#8221; background_color=&#8221;RGBA(255,255,255,0)&#8221; transform_scale=&#8221;105%|105%&#8221; global_colors_info=&#8221;{}&#8221; theme_builder_area=&#8221;post_content&#8221;][et_pb_social_media_follow_network social_network=&#8221;instagram&#8221; url=&#8221;https:\/\/www.instagram.com\/speedrecoverystudio\/&#8221; icon_color=&#8221;#000000&#8243; _builder_version=&#8221;4.25.2&#8243; _module_preset=&#8221;default&#8221; background_color=&#8221;RGBA(255,255,255,0)&#8221; background_enable_color=&#8221;on&#8221; global_colors_info=&#8221;{}&#8221; theme_builder_area=&#8221;post_content&#8221; follow_button=&#8221;off&#8221; url_new_window=&#8221;on&#8221;]instagram[\/et_pb_social_media_follow_network][et_pb_social_media_follow_network social_network=&#8221;facebook&#8221; url=&#8221;https:\/\/www.facebook.com\/profile.php?id=61553820249195&#8243; icon_color=&#8221;#000000&#8243; _builder_version=&#8221;4.25.2&#8243; _module_preset=&#8221;default&#8221; background_color=&#8221;RGBA(255,255,255,0)&#8221; background_enable_color=&#8221;on&#8221; global_colors_info=&#8221;{}&#8221; theme_builder_area=&#8221;post_content&#8221; follow_button=&#8221;off&#8221; url_new_window=&#8221;on&#8221;]facebook[\/et_pb_social_media_follow_network][et_pb_social_media_follow_network social_network=&#8221;youtube&#8221; url=&#8221;https:\/\/www.youtube.com\/@SpeedRecoveryStudio&#8221; icon_color=&#8221;#000000&#8243; _builder_version=&#8221;4.27.0&#8243; _module_preset=&#8221;default&#8221; background_color=&#8221;RGBA(255,255,255,0)&#8221; background_enable_color=&#8221;on&#8221; global_colors_info=&#8221;{}&#8221; theme_builder_area=&#8221;post_content&#8221; follow_button=&#8221;off&#8221; url_new_window=&#8221;on&#8221;]youtube[\/et_pb_social_media_follow_network][et_pb_social_media_follow_network social_network=&#8221;tiktok&#8221; url=&#8221;https:\/\/www.tiktok.com\/@speedrecoveryfin?_t=ZN-8vnwhEsFFnK&#038;_r=1&#8243; icon_color=&#8221;#000000&#8243; _builder_version=&#8221;4.27.4&#8243; _module_preset=&#8221;default&#8221; background_color=&#8221;RGBA(255,255,255,0)&#8221; background_enable_color=&#8221;on&#8221; global_colors_info=&#8221;{}&#8221; theme_builder_area=&#8221;post_content&#8221; follow_button=&#8221;off&#8221; url_new_window=&#8221;on&#8221;]tiktok[\/et_pb_social_media_follow_network][\/et_pb_social_media_follow][\/et_pb_column][et_pb_column type=&#8221;1_4&#8243; _builder_version=&#8221;4.24.0&#8243; _module_preset=&#8221;default&#8221; global_colors_info=&#8221;{}&#8221; theme_builder_area=&#8221;post_content&#8221;][\/et_pb_column][\/et_pb_row][\/et_pb_section]<\/p>\n","protected":false},"excerpt":{"rendered":"<p>V\u00e5rt kontor ligger i Helsingfors, p\u00e5 Hotel Haaga Central Park, Nuijamiestentie 10, 00320 Helsingfors. Ing\u00e5ng genom hotellets lobby. Vi har \u00f6ppet p\u00e5 vardagar kl. 10.00-20.00 och p\u00e5 l\u00f6rdagar kl. 10.00-16.00, utom p\u00e5 helgdagar.<\/p>\n<p>F\u00f6r f\u00f6rs\u00e4ljning, m\u00f6ten och f\u00f6rfr\u00e5gningar ring +358 400 90 3033 eller skicka e-post till info@speedrecovery.fi.<\/p>\n","protected":false},"author":1,"featured_media":6399,"parent":0,"menu_order":0,"comment_status":"closed","ping_status":"closed","template":"","meta":{"_et_pb_use_builder":"on","_et_pb_old_content":"","_et_gb_content_width":"","footnotes":""},"class_list":["post-6406","page","type-page","status-publish","has-post-thumbnail","hentry"],"yoast_head":"<!-- This site is optimized with the Yoast SEO Premium plugin v26.0 (Yoast SEO v27.4) - https:\/\/yoast.com\/product\/yoast-seo-premium-wordpress\/ -->\n<title>Kontakt - Speed Recovery Studio<\/title>\n<meta name=\"description\" content=\"V\u00e5r studio ligger i Helsingfors, p\u00e5 Hotel Haaga Central Park, Nuijamiestentie 10, 00320 Helsingfors. Ing\u00e5ng genom hotellets lobby. Vi har \u00f6ppet vardagar kl. 10.00-20.00 och l\u00f6rdagar kl. 10.00-16.00, utom p\u00e5 helgdagar, och vi betj\u00e4nar \u00e4ven utan tidsbokning, s\u00e5 kom g\u00e4rna f\u00f6rbi eller titta in. F\u00f6r f\u00f6rs\u00e4ljning, m\u00f6ten och f\u00f6rfr\u00e5gningar ring +358 400 90 3033 eller skicka e-post till info@speedrecovery.fi.\" \/>\n<meta name=\"robots\" content=\"index, follow, max-snippet:-1, max-image-preview:large, max-video-preview:-1\" \/>\n<link rel=\"canonical\" href=\"https:\/\/speedrecovery.fi\/sv\/kontakt\/\" \/>\n<meta property=\"og:locale\" content=\"sv_SE\" \/>\n<meta property=\"og:type\" content=\"article\" \/>\n<meta property=\"og:title\" content=\"Kontakt\" \/>\n<meta property=\"og:description\" content=\"V\u00e5r studio ligger i Helsingfors, p\u00e5 Hotel Haaga Central Park, Nuijamiestentie 10, 00320 Helsingfors. Ing\u00e5ng genom hotellets lobby. Vi har \u00f6ppet vardagar kl. 10.00-20.00 och l\u00f6rdagar kl. 10.00-16.00, utom p\u00e5 helgdagar, och vi betj\u00e4nar \u00e4ven utan tidsbokning, s\u00e5 kom g\u00e4rna f\u00f6rbi eller titta in. F\u00f6r f\u00f6rs\u00e4ljning, m\u00f6ten och f\u00f6rfr\u00e5gningar ring +358 400 90 3033 eller skicka e-post till info@speedrecovery.fi.\" \/>\n<meta property=\"og:url\" content=\"https:\/\/speedrecovery.fi\/sv\/kontakt\/\" \/>\n<meta property=\"og:site_name\" content=\"Speed Recovery Studio\" \/>\n<meta property=\"article:modified_time\" content=\"2025-12-22T08:32:12+00:00\" \/>\n<meta property=\"og:image\" content=\"https:\/\/speedrecovery.fi\/wp-content\/uploads\/2024\/05\/hotel_nelio-1.jpg\" \/>\n\t<meta property=\"og:image:width\" content=\"999\" \/>\n\t<meta property=\"og:image:height\" content=\"998\" \/>\n\t<meta property=\"og:image:type\" content=\"image\/jpeg\" \/>\n<meta name=\"twitter:card\" content=\"summary_large_image\" \/>\n<meta name=\"twitter:label1\" content=\"Ber\u00e4knad l\u00e4stid\" \/>\n\t<meta name=\"twitter:data1\" content=\"5 minuter\" \/>\n<script type=\"application\/ld+json\" class=\"yoast-schema-graph\">{\"@context\":\"https:\\\/\\\/schema.org\",\"@graph\":[{\"@type\":\"WebPage\",\"@id\":\"https:\\\/\\\/speedrecovery.fi\\\/sv\\\/kontakt\\\/\",\"url\":\"https:\\\/\\\/speedrecovery.fi\\\/sv\\\/kontakt\\\/\",\"name\":\"Kontakt - Speed Recovery Studio\",\"isPartOf\":{\"@id\":\"https:\\\/\\\/speedrecovery.fi\\\/sv\\\/#website\"},\"primaryImageOfPage\":{\"@id\":\"https:\\\/\\\/speedrecovery.fi\\\/sv\\\/kontakt\\\/#primaryimage\"},\"image\":{\"@id\":\"https:\\\/\\\/speedrecovery.fi\\\/sv\\\/kontakt\\\/#primaryimage\"},\"thumbnailUrl\":\"https:\\\/\\\/speedrecovery.fi\\\/wp-content\\\/uploads\\\/2024\\\/05\\\/hotel_nelio-1.jpg\",\"datePublished\":\"2024-05-24T06:27:32+00:00\",\"dateModified\":\"2025-12-22T08:32:12+00:00\",\"description\":\"V\u00e5r studio ligger i Helsingfors, p\u00e5 Hotel Haaga Central Park, Nuijamiestentie 10, 00320 Helsingfors. Ing\u00e5ng genom hotellets lobby. Vi har \u00f6ppet vardagar kl. 10.00-20.00 och l\u00f6rdagar kl. 10.00-16.00, utom p\u00e5 helgdagar, och vi betj\u00e4nar \u00e4ven utan tidsbokning, s\u00e5 kom g\u00e4rna f\u00f6rbi eller titta in. F\u00f6r f\u00f6rs\u00e4ljning, m\u00f6ten och f\u00f6rfr\u00e5gningar ring +358 400 90 3033 eller skicka e-post till info@speedrecovery.fi.\",\"breadcrumb\":{\"@id\":\"https:\\\/\\\/speedrecovery.fi\\\/sv\\\/kontakt\\\/#breadcrumb\"},\"inLanguage\":\"sv-SE\",\"potentialAction\":[{\"@type\":\"ReadAction\",\"target\":[\"https:\\\/\\\/speedrecovery.fi\\\/sv\\\/kontakt\\\/\"]}]},{\"@type\":\"ImageObject\",\"inLanguage\":\"sv-SE\",\"@id\":\"https:\\\/\\\/speedrecovery.fi\\\/sv\\\/kontakt\\\/#primaryimage\",\"url\":\"https:\\\/\\\/speedrecovery.fi\\\/wp-content\\\/uploads\\\/2024\\\/05\\\/hotel_nelio-1.jpg\",\"contentUrl\":\"https:\\\/\\\/speedrecovery.fi\\\/wp-content\\\/uploads\\\/2024\\\/05\\\/hotel_nelio-1.jpg\",\"width\":999,\"height\":998},{\"@type\":\"BreadcrumbList\",\"@id\":\"https:\\\/\\\/speedrecovery.fi\\\/sv\\\/kontakt\\\/#breadcrumb\",\"itemListElement\":[{\"@type\":\"ListItem\",\"position\":1,\"name\":\"Home\",\"item\":\"https:\\\/\\\/speedrecovery.fi\\\/sv\\\/\"},{\"@type\":\"ListItem\",\"position\":2,\"name\":\"Kontakt\"}]},{\"@type\":\"WebSite\",\"@id\":\"https:\\\/\\\/speedrecovery.fi\\\/sv\\\/#website\",\"url\":\"https:\\\/\\\/speedrecovery.fi\\\/sv\\\/\",\"name\":\"Speed Recovery Studio\",\"description\":\"Speed Recovery Studio Haaga \\\/ CTN Technologies e\u00b0CABIN\u2122, LedPro\u2122, OxyPro\u2122, X-TONE\u2122, X\u00b0CRYO\u2122 and X\u00b0GUN\u2122\",\"publisher\":{\"@id\":\"https:\\\/\\\/speedrecovery.fi\\\/sv\\\/#organization\"},\"potentialAction\":[{\"@type\":\"SearchAction\",\"target\":{\"@type\":\"EntryPoint\",\"urlTemplate\":\"https:\\\/\\\/speedrecovery.fi\\\/sv\\\/?s={search_term_string}\"},\"query-input\":{\"@type\":\"PropertyValueSpecification\",\"valueRequired\":true,\"valueName\":\"search_term_string\"}}],\"inLanguage\":\"sv-SE\"},{\"@type\":\"Organization\",\"@id\":\"https:\\\/\\\/speedrecovery.fi\\\/sv\\\/#organization\",\"name\":\"Speed Recovery Studio\",\"url\":\"https:\\\/\\\/speedrecovery.fi\\\/sv\\\/\",\"logo\":{\"@type\":\"ImageObject\",\"inLanguage\":\"sv-SE\",\"@id\":\"https:\\\/\\\/speedrecovery.fi\\\/sv\\\/#\\\/schema\\\/logo\\\/image\\\/\",\"url\":\"https:\\\/\\\/speedrecovery.fi\\\/wp-content\\\/uploads\\\/2023\\\/10\\\/Speed_recovery_logo_black.png\",\"contentUrl\":\"https:\\\/\\\/speedrecovery.fi\\\/wp-content\\\/uploads\\\/2023\\\/10\\\/Speed_recovery_logo_black.png\",\"width\":1182,\"height\":1182,\"caption\":\"Speed Recovery Studio\"},\"image\":{\"@id\":\"https:\\\/\\\/speedrecovery.fi\\\/sv\\\/#\\\/schema\\\/logo\\\/image\\\/\"}}]}<\/script>\n<!-- \/ Yoast SEO Premium plugin. -->","yoast_head_json":{"title":"Kontakt - Speed Recovery Studio","description":"V\u00e5r studio ligger i Helsingfors, p\u00e5 Hotel Haaga Central Park, Nuijamiestentie 10, 00320 Helsingfors. Ing\u00e5ng genom hotellets lobby. Vi har \u00f6ppet vardagar kl. 10.00-20.00 och l\u00f6rdagar kl. 10.00-16.00, utom p\u00e5 helgdagar, och vi betj\u00e4nar \u00e4ven utan tidsbokning, s\u00e5 kom g\u00e4rna f\u00f6rbi eller titta in. F\u00f6r f\u00f6rs\u00e4ljning, m\u00f6ten och f\u00f6rfr\u00e5gningar ring +358 400 90 3033 eller skicka e-post till info@speedrecovery.fi.","robots":{"index":"index","follow":"follow","max-snippet":"max-snippet:-1","max-image-preview":"max-image-preview:large","max-video-preview":"max-video-preview:-1"},"canonical":"https:\/\/speedrecovery.fi\/sv\/kontakt\/","og_locale":"sv_SE","og_type":"article","og_title":"Kontakt","og_description":"V\u00e5r studio ligger i Helsingfors, p\u00e5 Hotel Haaga Central Park, Nuijamiestentie 10, 00320 Helsingfors. Ing\u00e5ng genom hotellets lobby. Vi har \u00f6ppet vardagar kl. 10.00-20.00 och l\u00f6rdagar kl. 10.00-16.00, utom p\u00e5 helgdagar, och vi betj\u00e4nar \u00e4ven utan tidsbokning, s\u00e5 kom g\u00e4rna f\u00f6rbi eller titta in. F\u00f6r f\u00f6rs\u00e4ljning, m\u00f6ten och f\u00f6rfr\u00e5gningar ring +358 400 90 3033 eller skicka e-post till info@speedrecovery.fi.","og_url":"https:\/\/speedrecovery.fi\/sv\/kontakt\/","og_site_name":"Speed Recovery Studio","article_modified_time":"2025-12-22T08:32:12+00:00","og_image":[{"width":999,"height":998,"url":"https:\/\/speedrecovery.fi\/wp-content\/uploads\/2024\/05\/hotel_nelio-1.jpg","type":"image\/jpeg"}],"twitter_card":"summary_large_image","twitter_misc":{"Ber\u00e4knad l\u00e4stid":"5 minuter"},"schema":{"@context":"https:\/\/schema.org","@graph":[{"@type":"WebPage","@id":"https:\/\/speedrecovery.fi\/sv\/kontakt\/","url":"https:\/\/speedrecovery.fi\/sv\/kontakt\/","name":"Kontakt - Speed Recovery Studio","isPartOf":{"@id":"https:\/\/speedrecovery.fi\/sv\/#website"},"primaryImageOfPage":{"@id":"https:\/\/speedrecovery.fi\/sv\/kontakt\/#primaryimage"},"image":{"@id":"https:\/\/speedrecovery.fi\/sv\/kontakt\/#primaryimage"},"thumbnailUrl":"https:\/\/speedrecovery.fi\/wp-content\/uploads\/2024\/05\/hotel_nelio-1.jpg","datePublished":"2024-05-24T06:27:32+00:00","dateModified":"2025-12-22T08:32:12+00:00","description":"V\u00e5r studio ligger i Helsingfors, p\u00e5 Hotel Haaga Central Park, Nuijamiestentie 10, 00320 Helsingfors. Ing\u00e5ng genom hotellets lobby. Vi har \u00f6ppet vardagar kl. 10.00-20.00 och l\u00f6rdagar kl. 10.00-16.00, utom p\u00e5 helgdagar, och vi betj\u00e4nar \u00e4ven utan tidsbokning, s\u00e5 kom g\u00e4rna f\u00f6rbi eller titta in. F\u00f6r f\u00f6rs\u00e4ljning, m\u00f6ten och f\u00f6rfr\u00e5gningar ring +358 400 90 3033 eller skicka e-post till info@speedrecovery.fi.","breadcrumb":{"@id":"https:\/\/speedrecovery.fi\/sv\/kontakt\/#breadcrumb"},"inLanguage":"sv-SE","potentialAction":[{"@type":"ReadAction","target":["https:\/\/speedrecovery.fi\/sv\/kontakt\/"]}]},{"@type":"ImageObject","inLanguage":"sv-SE","@id":"https:\/\/speedrecovery.fi\/sv\/kontakt\/#primaryimage","url":"https:\/\/speedrecovery.fi\/wp-content\/uploads\/2024\/05\/hotel_nelio-1.jpg","contentUrl":"https:\/\/speedrecovery.fi\/wp-content\/uploads\/2024\/05\/hotel_nelio-1.jpg","width":999,"height":998},{"@type":"BreadcrumbList","@id":"https:\/\/speedrecovery.fi\/sv\/kontakt\/#breadcrumb","itemListElement":[{"@type":"ListItem","position":1,"name":"Home","item":"https:\/\/speedrecovery.fi\/sv\/"},{"@type":"ListItem","position":2,"name":"Kontakt"}]},{"@type":"WebSite","@id":"https:\/\/speedrecovery.fi\/sv\/#website","url":"https:\/\/speedrecovery.fi\/sv\/","name":"Speed Recovery Studio","description":"Speed Recovery Studio Haaga \/ CTN Technologies e\u00b0CABIN\u2122, LedPro\u2122, OxyPro\u2122, X-TONE\u2122, X\u00b0CRYO\u2122 and X\u00b0GUN\u2122","publisher":{"@id":"https:\/\/speedrecovery.fi\/sv\/#organization"},"potentialAction":[{"@type":"SearchAction","target":{"@type":"EntryPoint","urlTemplate":"https:\/\/speedrecovery.fi\/sv\/?s={search_term_string}"},"query-input":{"@type":"PropertyValueSpecification","valueRequired":true,"valueName":"search_term_string"}}],"inLanguage":"sv-SE"},{"@type":"Organization","@id":"https:\/\/speedrecovery.fi\/sv\/#organization","name":"Speed Recovery Studio","url":"https:\/\/speedrecovery.fi\/sv\/","logo":{"@type":"ImageObject","inLanguage":"sv-SE","@id":"https:\/\/speedrecovery.fi\/sv\/#\/schema\/logo\/image\/","url":"https:\/\/speedrecovery.fi\/wp-content\/uploads\/2023\/10\/Speed_recovery_logo_black.png","contentUrl":"https:\/\/speedrecovery.fi\/wp-content\/uploads\/2023\/10\/Speed_recovery_logo_black.png","width":1182,"height":1182,"caption":"Speed Recovery Studio"},"image":{"@id":"https:\/\/speedrecovery.fi\/sv\/#\/schema\/logo\/image\/"}}]}},"_links":{"self":[{"href":"https:\/\/speedrecovery.fi\/sv\/wp-json\/wp\/v2\/pages\/6406","targetHints":{"allow":["GET"]}}],"collection":[{"href":"https:\/\/speedrecovery.fi\/sv\/wp-json\/wp\/v2\/pages"}],"about":[{"href":"https:\/\/speedrecovery.fi\/sv\/wp-json\/wp\/v2\/types\/page"}],"author":[{"embeddable":true,"href":"https:\/\/speedrecovery.fi\/sv\/wp-json\/wp\/v2\/users\/1"}],"replies":[{"embeddable":true,"href":"https:\/\/speedrecovery.fi\/sv\/wp-json\/wp\/v2\/comments?post=6406"}],"version-history":[{"count":0,"href":"https:\/\/speedrecovery.fi\/sv\/wp-json\/wp\/v2\/pages\/6406\/revisions"}],"wp:featuredmedia":[{"embeddable":true,"href":"https:\/\/speedrecovery.fi\/sv\/wp-json\/wp\/v2\/media\/6399"}],"wp:attachment":[{"href":"https:\/\/speedrecovery.fi\/sv\/wp-json\/wp\/v2\/media?parent=6406"}],"curies":[{"name":"wp","href":"https:\/\/api.w.org\/{rel}","templated":true}]}}